{"id":126586,"date":"2026-02-24T00:00:00","date_gmt":"2026-02-24T05:00:00","guid":{"rendered":"https:\/\/gpl-love.com\/es\/producto\/woocommerce-dynamic-pricing\/"},"modified":"2026-04-10T11:32:02","modified_gmt":"2026-04-10T16:32:02","slug":"woocommerce-dynamic-pricing","status":"publish","type":"product","link":"https:\/\/gpl-love.com\/es\/producto\/woocommerce-dynamic-pricing\/","title":{"rendered":"WooCommerce Dynamic Pricing 3.4.12"},"content":{"rendered":"<h3>WooCommerce Dynamic Pricing Caracteristicas<\/h3>\n<p>El precio din\u00e1mico de WooCommerce es un complemento excepcionalmente robusto y potente que presenta a los propietarios de tiendas en l\u00ednea la oportunidad de incorporar y ejecutar estrategias de precios flexibles y personalizadas. La gran versatilidad de este complemento permite el establecimiento de diversas reglas de fijaci\u00f3n de precios, dependiendo de una gran cantidad de criterios como la cantidad del producto, el rol de usuario, el historial de compras, la ubicaci\u00f3n y mucho m\u00e1s. Adem\u00e1s, el complemento otorga simult\u00e1neamente la capacidad de ofrecer descuentos para productos, categor\u00edas o etiquetas designados, junto con la capacidad de las promociones y las ventas que est\u00e1n restringidas por el tiempo. La facilidad de uso y la adaptabilidad de este complemento no pueden ser socavados, ya que permite al usuario una autoridad completa sobre su estrategia de precios. En virtud de emplear el precio din\u00e1mico de WooCommerce, presenta el potencial de optimizar sus ventas y aumentar la satisfacci\u00f3n del cliente al extender las opciones de precios a medida que se alinean sin problemas con las necesidades y requisitos \u00fanicos de sus estimados patrocinadores.<\/p>\n<ul>\n<li>Reglas de precios personalizables basadas en el comportamiento del cliente y el historial de compras<\/li>\n<li>Precios de nivel autom\u00e1tico basado en la cantidad comprada<\/li>\n<li>Descuentos para productos o categor\u00edas espec\u00edficos<\/li>\n<li>Precios basados \u200b\u200ben roles para diferentes grupos de clientes<\/li>\n<li>Precios basados \u200b\u200ben horario para ventas estacionales o promocionales<\/li>\n<li>Funciona con m\u00faltiples monedas e idiomas<\/li>\n<li>Actualizaciones y c\u00e1lculos de precios en tiempo real<\/li>\n<li>Integraci\u00f3n f\u00e1cil con la tienda WooCommerce<\/li>\n<li>Compatible con varias pasarelas de pago<\/li>\n<li>Interfaz f\u00e1cil de usar para administrar reglas y descuentos de precios<\/li>\n<\/ul>\n","protected":false},"excerpt":{"rendered":"<p>El precio din\u00e1mico de WooCommerce, una herramienta inmensamente potente para los comerciantes de comercio electr\u00f3nico, est\u00e1 dise\u00f1ada espec\u00edficamente para permitir la creaci\u00f3n de marcos de precios altamente personalizados y personalizados para su amplia gama de productos. Al aprovechar las capacidades ofrecidas por este ingenioso complemento, los minoristas pueden establecer e implementar sin problemas una amplia gama de descuentos, niveles de precios y promociones exclusivas, todas meticulosamente basadas en un amplio repertorio de factores, como grupos de clientes, patrones de compra hist\u00f3ricos y los patrones de compra y los Contenido preciso que habita en los carros de compras virtuales de posibles compradores. A trav\u00e9s de la utilizaci\u00f3n astuta de esta tecnolog\u00eda de vanguardia, los comerciantes pueden incentivar eficazmente a su estimada clientela para disfrutar de compras m\u00e1s frecuentes y sustanciales, fomentando as\u00ed un sentido aumentado de lealtad entre sus valiosas base de clientes y, en \u00faltima instancia, reforzando sus figuras de ventas generales . Con una interfaz impresionantemente f\u00e1cil de usar y una variedad de controles navegables sin esfuerzo a disposici\u00f3n de uno, queda muy claro que la inclusi\u00f3n de los precios din\u00e1micos de WooCommerce es inequ\u00edvocamente indispensable para cualquier minorista en l\u00ednea exigente que se esfuerce por meticulosamente su estrategia de precios y fortalece sus esfuerzos comerciales.<\/p>\n","protected":false},"featured_media":168107,"comment_status":"open","ping_status":"open","template":"","meta":[],"product_brand":[2344],"product_cat":[1208,1207,1206],"product_tag":[1423],"class_list":{"0":"post-126586","1":"product","2":"type-product","3":"status-publish","4":"has-post-thumbnail","6":"product_brand-woocommerce","7":"product_cat-administracion","8":"product_cat-comercio-electronico-plugins","9":"product_cat-plugins","10":"product_tag-woocommerce","11":"member-discount","12":"discount-restricted","14":"first","15":"instock","16":"sale","17":"downloadable","18":"virtual","19":"sold-individually","20":"purchasable","21":"product-type-simple"},"_links":{"self":[{"href":"https:\/\/gpl-love.com\/es\/wp-json\/wp\/v2\/product\/126586","targetHints":{"allow":["GET"]}}],"collection":[{"href":"https:\/\/gpl-love.com\/es\/wp-json\/wp\/v2\/product"}],"about":[{"href":"https:\/\/gpl-love.com\/es\/wp-json\/wp\/v2\/types\/product"}],"replies":[{"embeddable":true,"href":"https:\/\/gpl-love.com\/es\/wp-json\/wp\/v2\/comments?post=126586"}],"wp:featuredmedia":[{"embeddable":true,"href":"https:\/\/gpl-love.com\/es\/wp-json\/wp\/v2\/media\/168107"}],"wp:attachment":[{"href":"https:\/\/gpl-love.com\/es\/wp-json\/wp\/v2\/media?parent=126586"}],"wp:term":[{"taxonomy":"product_brand","embeddable":true,"href":"https:\/\/gpl-love.com\/es\/wp-json\/wp\/v2\/product_brand?post=126586"},{"taxonomy":"product_cat","embeddable":true,"href":"https:\/\/gpl-love.com\/es\/wp-json\/wp\/v2\/product_cat?post=126586"},{"taxonomy":"product_tag","embeddable":true,"href":"https:\/\/gpl-love.com\/es\/wp-json\/wp\/v2\/product_tag?post=126586"}],"curies":[{"name":"wp","href":"https:\/\/api.w.org\/{rel}","templated":true}]}}