{"id":126585,"date":"2024-04-17T00:00:00","date_gmt":"2024-04-17T05:00:00","guid":{"rendered":"https:\/\/gpl-love.com\/es\/producto\/woocommerce-dwolla\/"},"modified":"2026-04-10T11:32:01","modified_gmt":"2026-04-10T16:32:01","slug":"woocommerce-dwolla","status":"publish","type":"product","link":"https:\/\/gpl-love.com\/es\/producto\/woocommerce-dwolla\/","title":{"rendered":"WooCommerce Dwolla 1.7"},"content":{"rendered":"<h3>WooCommerce Dwolla Caracteristicas<\/h3>\n<p>El complemento de pasarela de pago de WooCommerce Dwolla sirve como un facilitador notable para los comerciantes que desean recibir pagos directamente de su tienda de WooCommerce en l\u00ednea, ya que les permite aceptar los pagos sin problemas a trav\u00e9s del sistema de pago de Dwolla seguro y rentable. Dwolla, un sistema de pago eficiente y confiable, permite a las empresas transferir de manera eficiente los fondos, pagar facturas y realizar compras en l\u00ednea. Al integrar este complemento en su tienda en l\u00ednea, los clientes pueden hacer compras de manera conveniente y de manera segura utilizando su cuenta Dwolla, mejorando as\u00ed su experiencia general de compra. Adem\u00e1s, esta integraci\u00f3n no solo ampl\u00eda las opciones de pago disponibles para los clientes, sino que tambi\u00e9n reduce las tarifas de transacci\u00f3n para los comerciantes, lo que resulta en un proceso de pago m\u00e1s eficiente y rentable. En esencia, el complemento Dwolla de WooCommerce surge como un activo indispensable para cualquier negocio en l\u00ednea que busque diversificar sus opciones de pago y optimizar su proceso de pago.<\/p>\n<ul>\n<li>F\u00e1cil integraci\u00f3n con WooCommerce, lo que le permite aceptar pagos a trav\u00e9s de Dwolla<\/li>\n<li>Transacciones seguras con las medidas de seguridad avanzadas de Dwolla<\/li>\n<li>Pagos m\u00e1s r\u00e1pidos a trav\u00e9s de las transferencias en tiempo real de Dwolla y la verificaci\u00f3n instant\u00e1nea<\/li>\n<li>Tarifas bajas en comparaci\u00f3n con los servicios tradicionales de procesamiento de pagos en l\u00ednea<\/li>\n<li>Opciones de pago personalizables, lo que permite a sus clientes pagar con su m\u00e9todo preferido<\/li>\n<li>Conciliaci\u00f3n y seguimiento de pagos automatizados, lo que facilita el seguimiento de todas las transacciones<\/li>\n<li>Acceso a una red de clientes verificados, ayudando a reducir el riesgo de fraude<\/li>\n<li>Flexibilidad para integrarse con otras plataformas de terceros, lo que facilita la expansi\u00f3n de su tienda en l\u00ednea.<\/li>\n<\/ul>\n","protected":false},"excerpt":{"rendered":"<p>WooCommerce Dwolla es una notable integraci\u00f3n de pasarela de pago que permite que su tienda de WooCommerce acepte los pagos sin problemas a trav\u00e9s del estimado Dwolla. Dwolla, que es una plataforma de pago excepcionalmente robusta, facilita las transferencias bancarias convenientes y r\u00e1pidas al tiempo que garantiza las tarifas de transacciones nominales. Al abrazar a WooCommerce Dwolla, puede presentar gentilmente a su estimada clientela con una opci\u00f3n de pago ingeniosa y alternativa que garantiza la seguridad y la conveniencia. Adem\u00e1s, la configuraci\u00f3n y la utilizaci\u00f3n de este complemento incomparable son notablemente f\u00e1ciles de usar, lo que le permite supervisar y administrar sin esfuerzo todas sus ventas y pagos desde un lugar singular y centralizado. No pierda tiempo y se embarque en un viaje de aceptar pagos de Dwolla en su tienda WooCommerce aprovechando la confiabilidad y eficiencia incomparables que este complemento excepcional presenta.<\/p>\n","protected":false},"featured_media":168106,"comment_status":"open","ping_status":"open","template":"","meta":[],"product_brand":[2344],"product_cat":[1207,1426,1206],"product_tag":[1423],"class_list":{"0":"post-126585","1":"product","2":"type-product","3":"status-publish","4":"has-post-thumbnail","6":"product_brand-woocommerce","7":"product_cat-comercio-electronico-plugins","8":"product_cat-pago-comercio-electronico-plugins","9":"product_cat-plugins","10":"product_tag-woocommerce","11":"member-discount","12":"discount-restricted","14":"first","15":"instock","16":"sale","17":"downloadable","18":"virtual","19":"sold-individually","20":"purchasable","21":"product-type-simple"},"_links":{"self":[{"href":"https:\/\/gpl-love.com\/es\/wp-json\/wp\/v2\/product\/126585","targetHints":{"allow":["GET"]}}],"collection":[{"href":"https:\/\/gpl-love.com\/es\/wp-json\/wp\/v2\/product"}],"about":[{"href":"https:\/\/gpl-love.com\/es\/wp-json\/wp\/v2\/types\/product"}],"replies":[{"embeddable":true,"href":"https:\/\/gpl-love.com\/es\/wp-json\/wp\/v2\/comments?post=126585"}],"wp:featuredmedia":[{"embeddable":true,"href":"https:\/\/gpl-love.com\/es\/wp-json\/wp\/v2\/media\/168106"}],"wp:attachment":[{"href":"https:\/\/gpl-love.com\/es\/wp-json\/wp\/v2\/media?parent=126585"}],"wp:term":[{"taxonomy":"product_brand","embeddable":true,"href":"https:\/\/gpl-love.com\/es\/wp-json\/wp\/v2\/product_brand?post=126585"},{"taxonomy":"product_cat","embeddable":true,"href":"https:\/\/gpl-love.com\/es\/wp-json\/wp\/v2\/product_cat?post=126585"},{"taxonomy":"product_tag","embeddable":true,"href":"https:\/\/gpl-love.com\/es\/wp-json\/wp\/v2\/product_tag?post=126585"}],"curies":[{"name":"wp","href":"https:\/\/api.w.org\/{rel}","templated":true}]}}