{"id":126584,"date":"2025-11-17T00:00:00","date_gmt":"2025-11-17T05:00:00","guid":{"rendered":"https:\/\/gpl-love.com\/es\/producto\/woocommerce-dropshipping\/"},"modified":"2026-03-09T08:21:35","modified_gmt":"2026-03-09T13:21:35","slug":"woocommerce-dropshipping","status":"publish","type":"product","link":"https:\/\/gpl-love.com\/es\/producto\/woocommerce-dropshipping\/","title":{"rendered":"WooCommerce Dropshipping 5.2.2"},"content":{"rendered":"<h3>WooCommerce Dropshipping Caracteristicas<\/h3>\n<p>WooCommerce Dropshipping se presenta como una soluci\u00f3n de comercio electr\u00f3nico influyente y formidable, que ofrece a los propietarios de tiendas en l\u00ednea la capacidad perfecta de administrar y supervisar sin esfuerzo tanto su inventario como sus operaciones log\u00edsticas de env\u00edo. Empleando esta plataforma innovadora, las empresas est\u00e1n facultadas para establecer sin esfuerzo las conexiones con los proveedores y al mismo tiempo automatizar el cumplimiento de los productos, simplificando as\u00ed todo el proceso de pedido. Este complemento excepcional se integra sin problemas con WooCommerce, ampliamente reconocido como la plataforma de comercio electr\u00f3nico preeminente, dando a las empresas con la capacidad de ofrecer una amplia variedad de productos a su estimada clientela. Adem\u00e1s, esta plataforma tambi\u00e9n proporciona a los usuarios la ventaja de la gesti\u00f3n de inventario en tiempo real, el seguimiento de pedidos automatizados, adem\u00e1s de un tablero excepcionalmente f\u00e1cil de usar, cada uno de los cuales sirve para mejorar la competencia con la que los propietarios de las tiendas pueden administrar y dirigir eficazmente sus operaciones . En consecuencia, desde la perspectiva de las empresas que buscan aumentar su variedad de productos y optimizar simult\u00e1neamente sus procesos de cumplimiento de pedidos, el dropshipping de WooCommerce surge como el ep\u00edtome de una soluci\u00f3n por excelencia.<\/p>\n<ul>\n<li>Una soluci\u00f3n simple y efectiva para configurar una tienda de dropshipping usando WooCommerce<\/li>\n<li>Importar productos f\u00e1cilmente desde su proveedor de dropshipping con solo unos pocos clics<\/li>\n<li>Precios y marcas de productos personalizables para satisfacer las necesidades de su negocio<\/li>\n<li>El cumplimiento de pedidos automatizado y el seguimiento de env\u00edo para un proceso simplificado<\/li>\n<li>Soporte integral para m\u00faltiples proveedores y gesti\u00f3n de inventario<\/li>\n<li>Caracter\u00edsticas integradas como revisiones y calificaciones de productos, intercambio social y capacidades de venta cruzada<\/li>\n<li>Herramientas avanzadas para las estrategias de optimizaci\u00f3n y marketing de SEO para impulsar el tr\u00e1fico y las ventas a su tienda<\/li>\n<li>Compatible con todos los principales temas y complementos de WooCommerce para una integraci\u00f3n y funcionalidad perfecta<\/li>\n<li>Dise\u00f1o totalmente receptivo y amigable para m\u00f3vil para una experiencia de usuario \u00f3ptima en cualquier dispositivo<\/li>\n<li>Actualizaciones y mejoras peri\u00f3dicas para mantenerse al d\u00eda con las \u00faltimas tendencias de comercio electr\u00f3nico y mejores pr\u00e1cticas.<\/li>\n<\/ul>\n","protected":false},"excerpt":{"rendered":"<p>WooCommerce Dropshipping, una herramienta notablemente potente, presenta a los propietarios de tiendas en l\u00ednea la oportunidad sin esfuerzo de establecer una empresa lucrativa de dropshipping. Este ingenioso complemento le capacita importar a la perfecci\u00f3n la mercanc\u00eda directamente de un proveedor y venderlos de manera efectiva a trav\u00e9s de su propio emporio virtual. En virtud de sus atributos notables, incluida la sincronizaci\u00f3n de inventario autom\u00e1tico, el seguimiento de pedidos y el cumplimiento de pedidos automatizados, WooCommerce dropshipping agiliza toda la prueba de goteo. No pierda el tiempo y comience su empresa de dropshipping hoy, deleit\u00e1ndose en el aumento exponencial de sus m\u00e1rgenes de ganancias por cortes\u00eda del exquisito dropshipping de WooCommerce.<\/p>\n","protected":false},"featured_media":168105,"comment_status":"open","ping_status":"open","template":"","meta":[],"product_brand":[2344],"product_cat":[1208,1207,1206],"product_tag":[1423],"class_list":{"0":"post-126584","1":"product","2":"type-product","3":"status-publish","4":"has-post-thumbnail","6":"product_brand-woocommerce","7":"product_cat-administracion","8":"product_cat-comercio-electronico-plugins","9":"product_cat-plugins","10":"product_tag-woocommerce","11":"member-discount","12":"discount-restricted","14":"first","15":"instock","16":"sale","17":"downloadable","18":"virtual","19":"sold-individually","20":"purchasable","21":"product-type-simple"},"_links":{"self":[{"href":"https:\/\/gpl-love.com\/es\/wp-json\/wp\/v2\/product\/126584","targetHints":{"allow":["GET"]}}],"collection":[{"href":"https:\/\/gpl-love.com\/es\/wp-json\/wp\/v2\/product"}],"about":[{"href":"https:\/\/gpl-love.com\/es\/wp-json\/wp\/v2\/types\/product"}],"replies":[{"embeddable":true,"href":"https:\/\/gpl-love.com\/es\/wp-json\/wp\/v2\/comments?post=126584"}],"wp:featuredmedia":[{"embeddable":true,"href":"https:\/\/gpl-love.com\/es\/wp-json\/wp\/v2\/media\/168105"}],"wp:attachment":[{"href":"https:\/\/gpl-love.com\/es\/wp-json\/wp\/v2\/media?parent=126584"}],"wp:term":[{"taxonomy":"product_brand","embeddable":true,"href":"https:\/\/gpl-love.com\/es\/wp-json\/wp\/v2\/product_brand?post=126584"},{"taxonomy":"product_cat","embeddable":true,"href":"https:\/\/gpl-love.com\/es\/wp-json\/wp\/v2\/product_cat?post=126584"},{"taxonomy":"product_tag","embeddable":true,"href":"https:\/\/gpl-love.com\/es\/wp-json\/wp\/v2\/product_tag?post=126584"}],"curies":[{"name":"wp","href":"https:\/\/api.w.org\/{rel}","templated":true}]}}