{"id":126583,"date":"2025-10-29T00:00:00","date_gmt":"2025-10-29T05:00:00","guid":{"rendered":"https:\/\/gpl-love.com\/es\/producto\/woocommerce-drip\/"},"modified":"2026-03-09T08:21:34","modified_gmt":"2026-03-09T13:21:34","slug":"woocommerce-drip","status":"publish","type":"product","link":"https:\/\/gpl-love.com\/es\/producto\/woocommerce-drip\/","title":{"rendered":"WooCommerce Drip 1.3.2"},"content":{"rendered":"<h3>WooCommerce Drip Caracteristicas<\/h3>\n<p>WooCommerce Drip es una herramienta excepcionalmente robusta e influyente que est\u00e1 dise\u00f1ada espec\u00edficamente para atender a las empresas de comercio electr\u00f3nico que buscan optimizar y automatizar sus campa\u00f1as de marketing por correo electr\u00f3nico. Al aprovechar la potencia de este complemento, los propietarios de tiendas pueden integrar sin problemas su tienda WooCommerce con goteo, facilitando as\u00ed la creaci\u00f3n de campa\u00f1as de correo electr\u00f3nico meticulosamente espec\u00edficas que est\u00e1n hechas a medida para adaptarse a los comportamientos individuales de los clientes e historias de compras. Esta integraci\u00f3n perfecta capacita efectivamente a las empresas de comercio electr\u00f3nico para segmentaron sistem\u00e1ticamente sus vastas bases de datos de clientes, que posteriormente facilitan la entrega de mensajes altamente personalizados y atractivos, adem\u00e1s de proporcionar recomendaciones de productos invaluables, a todos y cada uno de los clientes. Adem\u00e1s, WooCommerce Drip extiende su utilidad en virtud de sus capacidades de informes avanzados, lo que permite a los propietarios de tiendas rastrear y analizar meticulosamente el rendimiento de sus campa\u00f1as de correo electr\u00f3nico. Armados con estas ideas invaluables, los propietarios de tiendas pueden tomar decisiones informadas y ajustar din\u00e1micamente sus estrategias de marketing de una manera que optimice los resultados. En resumen, independientemente de si el objetivo de uno es reforzar las cifras de ventas, cultivar y fomentar la lealtad del cliente, o racionalizar y optimizar los esfuerzos de marketing, es inequ\u00edvocamente evidente que el goteo de WooCommerce es una herramienta indispensable e imperativa que es una necesidad absoluta para cualquier e- negocio de comercio.<\/p>\n<ul>\n<li>Conecte su tienda WooCommerce directamente a su cuenta de goteo.<\/li>\n<li>Automatice sus flujos de trabajo de marketing por correo electr\u00f3nico para continuar fomentando a sus clientes.<\/li>\n<li>Sincronice los datos de sus clientes y compre el historial de WooCommerce para gotear.<\/li>\n<li>Configure reglas y desencadenantes personalizados para campa\u00f1as de correo electr\u00f3nico espec\u00edficas.<\/li>\n<li>Use las potentes funciones de segmentaci\u00f3n y etiquetado de DRIP para crear campa\u00f1as personalizadas.<\/li>\n<li>Aumente sus ingresos con correos electr\u00f3nicos automatizados de carritos abandonados y campa\u00f1as promocionales.<\/li>\n<li>Acceda a informes detallados y an\u00e1lisis para rastrear el \u00e9xito de sus campa\u00f1as.<\/li>\n<li>Integre con las herramientas de generaci\u00f3n de leads populares como OptinMonster para hacer crecer su lista de correo electr\u00f3nico.<\/li>\n<li>Disfrute de una configuraci\u00f3n sin problemas e integraci\u00f3n f\u00e1cil con instrucciones f\u00e1ciles de seguir.<\/li>\n<\/ul>\n","protected":false},"excerpt":{"rendered":"<p>WooCommerce Drip, un complemento incre\u00edblemente robusto, sirve como una herramienta invaluable para automatizar las campa\u00f1as de marketing por correo electr\u00f3nico de su tienda electr\u00f3nica. Al integrar a la perfecci\u00f3n su tienda WooCommerce con DRIP, una plataforma de automatizaci\u00f3n de marketing por correo electr\u00f3nico de gran prestigio, este complemento le permite monitorear meticulosamente el comportamiento del cliente, personalizar las campa\u00f1as de correo electr\u00f3nico y reforzar efectivamente las ventas. Gracias a las maravillas del goteo de WooCommerce, usted posee los medios para aumentar los niveles de participaci\u00f3n del cliente y fomentar la lealtad inquebrantable al entregar correos electr\u00f3nicos personalizados en sus ra\u00edces en sus patrones de compra, instancias de abandono de carros y una variedad de otros factores pertinentes. Con una interfaz f\u00e1cil de usar, este complemento garantiza una experiencia perfecta, que finalmente le ahorra un tiempo valioso y le permite optimizar sus esfuerzos de marketing por correo electr\u00f3nico en su m\u00e1xima extensi\u00f3n.<\/p>\n","protected":false},"featured_media":168104,"comment_status":"open","ping_status":"open","template":"","meta":[],"product_brand":[2344],"product_cat":[1207,1225,1206],"product_tag":[1423],"class_list":{"0":"post-126583","1":"product","2":"type-product","3":"status-publish","4":"has-post-thumbnail","6":"product_brand-woocommerce","7":"product_cat-comercio-electronico-plugins","8":"product_cat-marketing","9":"product_cat-plugins","10":"product_tag-woocommerce","11":"member-discount","12":"discount-restricted","14":"first","15":"instock","16":"sale","17":"downloadable","18":"virtual","19":"sold-individually","20":"purchasable","21":"product-type-simple"},"_links":{"self":[{"href":"https:\/\/gpl-love.com\/es\/wp-json\/wp\/v2\/product\/126583","targetHints":{"allow":["GET"]}}],"collection":[{"href":"https:\/\/gpl-love.com\/es\/wp-json\/wp\/v2\/product"}],"about":[{"href":"https:\/\/gpl-love.com\/es\/wp-json\/wp\/v2\/types\/product"}],"replies":[{"embeddable":true,"href":"https:\/\/gpl-love.com\/es\/wp-json\/wp\/v2\/comments?post=126583"}],"wp:featuredmedia":[{"embeddable":true,"href":"https:\/\/gpl-love.com\/es\/wp-json\/wp\/v2\/media\/168104"}],"wp:attachment":[{"href":"https:\/\/gpl-love.com\/es\/wp-json\/wp\/v2\/media?parent=126583"}],"wp:term":[{"taxonomy":"product_brand","embeddable":true,"href":"https:\/\/gpl-love.com\/es\/wp-json\/wp\/v2\/product_brand?post=126583"},{"taxonomy":"product_cat","embeddable":true,"href":"https:\/\/gpl-love.com\/es\/wp-json\/wp\/v2\/product_cat?post=126583"},{"taxonomy":"product_tag","embeddable":true,"href":"https:\/\/gpl-love.com\/es\/wp-json\/wp\/v2\/product_tag?post=126583"}],"curies":[{"name":"wp","href":"https:\/\/api.w.org\/{rel}","templated":true}]}}