{"id":126582,"date":"2021-09-15T00:00:00","date_gmt":"2021-09-15T05:00:00","guid":{"rendered":"https:\/\/gpl-love.com\/es\/producto\/woocommerce-downloadable-product-update-e-mails\/"},"modified":"2026-04-10T11:32:00","modified_gmt":"2026-04-10T16:32:00","slug":"woocommerce-downloadable-product-update-e-mails","status":"publish","type":"product","link":"https:\/\/gpl-love.com\/es\/producto\/woocommerce-downloadable-product-update-e-mails\/","title":{"rendered":"WooCommerce Downloadable Product Update E-mails 2.0.10"},"content":{"rendered":"<h3>WooCommerce Downloadable Product Update E-mails Caracteristicas<\/h3>\n<p>El complemento de correo electr\u00f3nico de actualizaci\u00f3n de productos descargable de WooCommerce es una herramienta incre\u00edblemente robusta y eficiente que ha sido dise\u00f1ada espec\u00edficamente para simplificar el proceso de administraci\u00f3n de productos descargables para los propietarios de tiendas de WooCommerce. Este complemento ofrece una multitud de caracter\u00edsticas y funcionalidades que permiten a los propietarios de tiendas enviar notificaciones de correo electr\u00f3nico automatizadas sin esfuerzo a sus estimados clientes siempre que haya una actualizaci\u00f3n disponible para su producto descargado comprado. Una ventaja clave de este complemento radica en su capacidad para admitir las notificaciones de correo electr\u00f3nico individuales y a granel, proporcionando a los propietarios de tiendas la flexibilidad de elegir la opci\u00f3n m\u00e1s adecuada para sus requisitos espec\u00edficos. Adem\u00e1s, el complemento facilita la personalizaci\u00f3n del contenido de correo electr\u00f3nico, permite a los propietarios de tiendas adaptar las notificaciones de acuerdo con sus preferencias y garantizar un toque personalizado. La interfaz f\u00e1cil de usar del complemento mejora la experiencia general del usuario al optimizar la administraci\u00f3n de todos los productos descargables y sus actualizaciones posteriores. En esencia, el complemento de los correos electr\u00f3nicos de la actualizaci\u00f3n de productos descargable de WooCommerce faculta a los propietarios de tiendas para mantener constantemente a sus clientes informados y comprometidos, garantizando un acceso ininterrumpido a las \u00faltimas versiones de sus productos.<\/p>\n<ul>\n<li>Env\u00eda correos electr\u00f3nicos autom\u00e1ticos a los clientes que han descargado un producto de WooCommerce<\/li>\n<li>Proporciona actualizaciones y notificaciones para los cambios realizados en el producto descargado<\/li>\n<li>Mantiene a los clientes informados y actualizados sobre cualquier mejoras o soluciones al producto<\/li>\n<li>Ahorra tiempo y esfuerzo eliminando la necesidad de comunicaci\u00f3n manual con cada cliente individual<\/li>\n<li>Aumenta la satisfacci\u00f3n y la lealtad del cliente demostrando un compromiso con la calidad y el soporte del producto<\/li>\n<li>Ofrece a las empresas la capacidad de rastrear la participaci\u00f3n del cliente con sus productos.<\/li>\n<li>Ayuda a identificar \u00e1reas para la mejora del producto en funci\u00f3n de los comentarios de los clientes y los patrones de uso.<\/li>\n<li>F\u00e1cil de configurar y personalizar para cada producto individual<\/li>\n<li>Compatible con una variedad de proveedores de servicios de correo electr\u00f3nico y temas de WooCommerce<\/li>\n<li>Una herramienta valiosa para las empresas que buscan optimizar la comunicaci\u00f3n de sus clientes y mejorar sus ofertas de productos.<\/li>\n<\/ul>\n","protected":false},"excerpt":{"rendered":"<p>La herramienta conocida como WooCommerce Descargable Product Update correos electr\u00f3nicos ofrece a los propietarios de tiendas en l\u00ednea la capacidad de enviar notificaciones con respecto a las actualizaciones de productos que son oportunas y relevantes para los clientes que han realizado compras de productos descargables. Estas notificaciones se pueden adaptar para incorporar una amplia gama de detalles, incluidas modificaciones al producto, funcionalidades novedosas, correcciones de errores y actualizaciones generales. En virtud de esta caracter\u00edstica, los clientes pueden alcanzar una sensaci\u00f3n de tranquilidad, seguro sobre el conocimiento de que los productos que han adquirido se mantienen actualizados, asegurando as\u00ed una experiencia de compra superior. Emplear los correos electr\u00f3nicos de actualizaci\u00f3n de productos descargables de WooCommerce puede servir as\u00ed para mejorar la satisfacci\u00f3n general de sus clientes y al mismo tiempo estimular las ventas para su tienda en l\u00ednea.<\/p>\n","protected":false},"featured_media":168103,"comment_status":"open","ping_status":"open","template":"","meta":[],"product_brand":[2339],"product_cat":[1207,1225,1206],"product_tag":[1256],"class_list":{"0":"post-126582","1":"product","2":"type-product","3":"status-publish","4":"has-post-thumbnail","6":"product_brand-codecanyon","7":"product_cat-comercio-electronico-plugins","8":"product_cat-marketing","9":"product_cat-plugins","10":"product_tag-codecanyon","11":"member-discount","12":"discount-restricted","14":"first","15":"instock","16":"sale","17":"downloadable","18":"virtual","19":"sold-individually","20":"purchasable","21":"product-type-simple"},"_links":{"self":[{"href":"https:\/\/gpl-love.com\/es\/wp-json\/wp\/v2\/product\/126582","targetHints":{"allow":["GET"]}}],"collection":[{"href":"https:\/\/gpl-love.com\/es\/wp-json\/wp\/v2\/product"}],"about":[{"href":"https:\/\/gpl-love.com\/es\/wp-json\/wp\/v2\/types\/product"}],"replies":[{"embeddable":true,"href":"https:\/\/gpl-love.com\/es\/wp-json\/wp\/v2\/comments?post=126582"}],"wp:featuredmedia":[{"embeddable":true,"href":"https:\/\/gpl-love.com\/es\/wp-json\/wp\/v2\/media\/168103"}],"wp:attachment":[{"href":"https:\/\/gpl-love.com\/es\/wp-json\/wp\/v2\/media?parent=126582"}],"wp:term":[{"taxonomy":"product_brand","embeddable":true,"href":"https:\/\/gpl-love.com\/es\/wp-json\/wp\/v2\/product_brand?post=126582"},{"taxonomy":"product_cat","embeddable":true,"href":"https:\/\/gpl-love.com\/es\/wp-json\/wp\/v2\/product_cat?post=126582"},{"taxonomy":"product_tag","embeddable":true,"href":"https:\/\/gpl-love.com\/es\/wp-json\/wp\/v2\/product_tag?post=126582"}],"curies":[{"name":"wp","href":"https:\/\/api.w.org\/{rel}","templated":true}]}}