{"id":126581,"date":"2026-04-18T00:00:00","date_gmt":"2026-04-18T05:00:00","guid":{"rendered":"https:\/\/gpl-love.com\/es\/producto\/woocommerce-distance-rate-shipping\/"},"modified":"2026-04-18T17:16:37","modified_gmt":"2026-04-18T22:16:37","slug":"woocommerce-distance-rate-shipping","status":"publish","type":"product","link":"https:\/\/gpl-love.com\/es\/producto\/woocommerce-distance-rate-shipping\/","title":{"rendered":"WooCommerce Distance Rate Shipping 1.8.1"},"content":{"rendered":"<h3>WooCommerce Distance Rate Shipping Caracteristicas<\/h3>\n<p>WooCommerce Distancia Tarife Shipping, un complemento muy ventajoso para los propietarios de tiendas en l\u00ednea, otorga la oportunidad de extender las tarifas de env\u00edo dependientes de la distancia a los estimados clientes. Empleando c\u00e1lculos precisos fundados en la divisi\u00f3n espacial entre el local principal de la tienda y la direcci\u00f3n de entrega designada del destinatario, este notable complemento demuestra ser especialmente favorable para las empresas que cuentan con una mir\u00edada de ubicaciones y requieren tarifas de env\u00edo divergentes. Adem\u00e1s, su excepcional simplicidad en la configuraci\u00f3n permite una personalizaci\u00f3n perfecta de acuerdo con los requisitos \u00fanicos de un establecimiento. En virtud del env\u00edo de la tarifa de distancia, los propietarios de la tienda pueden proporcionar a sus clientes apreciados estimaciones meticulosas de los costos de env\u00edo, facilitando y acelerando el procedimiento general de env\u00edo.<\/p>\n<ul>\n<li>Calcula las tarifas de env\u00edo en funci\u00f3n de la distancia entre la ubicaci\u00f3n del cliente y la direcci\u00f3n de destino<\/li>\n<li>Opciones de precios flexibles basadas en la distancia, el peso o el carro total<\/li>\n<li>F\u00e1cilmente configurable en la configuraci\u00f3n de WooCommerce<\/li>\n<li>Admite m\u00faltiples m\u00e9todos de env\u00edo, incluidos USPS, FedEx, UPS y DHL<\/li>\n<li>Permite la creaci\u00f3n de zonas y tarifas de env\u00edo personalizadas<\/li>\n<li>Opci\u00f3n para agregar tarifas de manejo y recargos a las tarifas de env\u00edo<\/li>\n<li>Integraci\u00f3n sin problemas con las opciones de env\u00edo de WooCommerce existentes y el proceso de pago<\/li>\n<li>Capacidad para establecer reglas de env\u00edo espec\u00edficas para categor\u00edas de productos o productos individuales<\/li>\n<li>Aplica autom\u00e1ticamente descuentos de env\u00edo para pedidos grandes o clientes habituales<\/li>\n<li>Interfaz f\u00e1cil de usar para administrar y actualizar los m\u00e9todos y tarifas de env\u00edo.<\/li>\n<\/ul>\n","protected":false},"excerpt":{"rendered":"<p>El complemento de env\u00edo de tarifa de distancia de WooCommerce es una soluci\u00f3n ideal para los propietarios de tiendas en l\u00ednea que requieren el c\u00e1lculo de los gastos de env\u00edo que dependen del per\u00edodo espacial entre el punto de partida y la ubicaci\u00f3n prevista de un pedido. Al utilizar este complemento, los comerciantes pueden establecer convenientemente diversos aranceles de env\u00edo enraizados en la distancia atravesada, proporcionando as\u00ed a sus clientes un costo agregado exacto para su adquisici\u00f3n. Independientemente de si el env\u00edo se realiza a nivel nacional o mundial, este complemento garantiza la equidad perpetua y la moneda de las tarifas de env\u00edo pertinentes para su tienda.<\/p>\n","protected":false},"featured_media":168102,"comment_status":"open","ping_status":"open","template":"","meta":[],"product_brand":[2344],"product_cat":[1208,1207,1206],"product_tag":[1423],"class_list":{"0":"post-126581","1":"product","2":"type-product","3":"status-publish","4":"has-post-thumbnail","6":"product_brand-woocommerce","7":"product_cat-administracion","8":"product_cat-comercio-electronico-plugins","9":"product_cat-plugins","10":"product_tag-woocommerce","11":"member-discount","12":"discount-restricted","14":"first","15":"instock","16":"sale","17":"downloadable","18":"virtual","19":"sold-individually","20":"purchasable","21":"product-type-simple"},"_links":{"self":[{"href":"https:\/\/gpl-love.com\/es\/wp-json\/wp\/v2\/product\/126581","targetHints":{"allow":["GET"]}}],"collection":[{"href":"https:\/\/gpl-love.com\/es\/wp-json\/wp\/v2\/product"}],"about":[{"href":"https:\/\/gpl-love.com\/es\/wp-json\/wp\/v2\/types\/product"}],"replies":[{"embeddable":true,"href":"https:\/\/gpl-love.com\/es\/wp-json\/wp\/v2\/comments?post=126581"}],"wp:featuredmedia":[{"embeddable":true,"href":"https:\/\/gpl-love.com\/es\/wp-json\/wp\/v2\/media\/168102"}],"wp:attachment":[{"href":"https:\/\/gpl-love.com\/es\/wp-json\/wp\/v2\/media?parent=126581"}],"wp:term":[{"taxonomy":"product_brand","embeddable":true,"href":"https:\/\/gpl-love.com\/es\/wp-json\/wp\/v2\/product_brand?post=126581"},{"taxonomy":"product_cat","embeddable":true,"href":"https:\/\/gpl-love.com\/es\/wp-json\/wp\/v2\/product_cat?post=126581"},{"taxonomy":"product_tag","embeddable":true,"href":"https:\/\/gpl-love.com\/es\/wp-json\/wp\/v2\/product_tag?post=126581"}],"curies":[{"name":"wp","href":"https:\/\/api.w.org\/{rel}","templated":true}]}}