{"id":126580,"date":"2024-03-15T00:00:00","date_gmt":"2024-03-15T05:00:00","guid":{"rendered":"https:\/\/gpl-love.com\/es\/producto\/woocommerce-discontinued-products\/"},"modified":"2026-04-10T11:32:00","modified_gmt":"2026-04-10T16:32:00","slug":"woocommerce-discontinued-products","status":"publish","type":"product","link":"https:\/\/gpl-love.com\/es\/producto\/woocommerce-discontinued-products\/","title":{"rendered":"WooCommerce Discontinued Products 1.2.5"},"content":{"rendered":"<h3>WooCommerce Discontinued Products Caracteristicas<\/h3>\n<p>El complemento de productos descontinuados de WooCommerce es una herramienta inmensamente poderosa que ofrece una valiosa asistencia a los propietarios de tiendas en l\u00ednea en su b\u00fasqueda para administrar eficientemente su inventario. Al emplear este complemento excepcional, los usuarios pueden identificar y eliminar sin esfuerzo productos que ya no se pueden obtener o experimentando una demanda disminuida. Esta acci\u00f3n ayuda notablemente a refinar y optimizar su variedad de ofertas, lo que finalmente conduce a un aumento sustancial en las ventas. Adem\u00e1s, este complemento presenta una enumeraci\u00f3n que abarca todo de los productos discontinuados, proporcionando a los operadores con la opci\u00f3n de erradicarlos permanentemente o simplemente designarlos como inaccesibles. Adem\u00e1s, cuenta con una extraordinaria variedad de configuraciones personalizables, facilitando la configuraci\u00f3n de notificaciones y redireccionamientos para garantizar que los clientes est\u00e9n informados concienzudamente y guiados sin problemas hacia productos alternativos. En resumen, el complemento de productos descontinuados de WooCommerce es una herramienta indispensable para todos los minoristas en l\u00ednea que aspiran a aumentar sus capacidades de gesti\u00f3n de inventario y mejorar la satisfacci\u00f3n general de su estimada clientela.<\/p>\n<ul>\n<li>Eliminar instant\u00e1neamente los productos discontinuados de su tienda WooCommerce<\/li>\n<li>Mantiene su tienda limpia y organizada eliminando productos ya no est\u00e1 disponible para la venta<\/li>\n<li>F\u00e1cil de usar y personalizar para satisfacer sus necesidades espec\u00edficas<\/li>\n<li>Mejora la experiencia del usuario al garantizar que los clientes no intenten comprar productos no disponibles.<\/li>\n<li>Ahorra tiempo automatizando el proceso de eliminaci\u00f3n de productos discontinuados<\/li>\n<li>Compatible con otros complementos y temas de WooCommerce<\/li>\n<li>Aumenta las ventas centr\u00e1ndose en productos disponibles, en lugar de distraer a los clientes con productos descontinuados<\/li>\n<li>Ayuda a mantenerse al tanto de la gesti\u00f3n de inventario eliminando r\u00e1pidamente productos discontinuados<\/li>\n<li>Actualizado regularmente con nuevas caracter\u00edsticas y mejoras para un rendimiento \u00f3ptimo<\/li>\n<li>Excelente equipo de atenci\u00f3n al cliente disponible para ayudar con cualquier pregunta o problema.<\/li>\n<\/ul>\n","protected":false},"excerpt":{"rendered":"<p>El complemento de productos discontinuados de WooCommerce presenta un mecanismo sin problemas y convenientes para administrar de manera efectiva los productos discontinuados dentro de su tienda WooCommerce. Este ingenioso complemento le permite ocultar productos sin esfuerzo que ya no son accesibles o redirigirlos sin esfuerzo a otras alternativas viables, asegurando as\u00ed una experiencia de compra m\u00e1s fluida e ininterrumpida para su estimada clientela. Este complemento invaluable es una adquisici\u00f3n imperativa para cualquier individuo exigente que busque mantener una organizaci\u00f3n \u00f3ptima y una facilidad de uso inigualable dentro de su estimada tienda.<\/p>\n","protected":false},"featured_media":168101,"comment_status":"open","ping_status":"open","template":"","meta":[],"product_brand":[2422],"product_cat":[1207,1248,1206],"product_tag":[1660],"class_list":{"0":"post-126580","1":"product","2":"type-product","3":"status-publish","4":"has-post-thumbnail","6":"product_brand-barn2","7":"product_cat-comercio-electronico-plugins","8":"product_cat-personalizacion-comercio-electronico-plugins","9":"product_cat-plugins","10":"product_tag-barn2","11":"member-discount","12":"discount-restricted","14":"first","15":"instock","16":"sale","17":"downloadable","18":"virtual","19":"sold-individually","20":"purchasable","21":"product-type-simple"},"_links":{"self":[{"href":"https:\/\/gpl-love.com\/es\/wp-json\/wp\/v2\/product\/126580","targetHints":{"allow":["GET"]}}],"collection":[{"href":"https:\/\/gpl-love.com\/es\/wp-json\/wp\/v2\/product"}],"about":[{"href":"https:\/\/gpl-love.com\/es\/wp-json\/wp\/v2\/types\/product"}],"replies":[{"embeddable":true,"href":"https:\/\/gpl-love.com\/es\/wp-json\/wp\/v2\/comments?post=126580"}],"wp:featuredmedia":[{"embeddable":true,"href":"https:\/\/gpl-love.com\/es\/wp-json\/wp\/v2\/media\/168101"}],"wp:attachment":[{"href":"https:\/\/gpl-love.com\/es\/wp-json\/wp\/v2\/media?parent=126580"}],"wp:term":[{"taxonomy":"product_brand","embeddable":true,"href":"https:\/\/gpl-love.com\/es\/wp-json\/wp\/v2\/product_brand?post=126580"},{"taxonomy":"product_cat","embeddable":true,"href":"https:\/\/gpl-love.com\/es\/wp-json\/wp\/v2\/product_cat?post=126580"},{"taxonomy":"product_tag","embeddable":true,"href":"https:\/\/gpl-love.com\/es\/wp-json\/wp\/v2\/product_tag?post=126580"}],"curies":[{"name":"wp","href":"https:\/\/api.w.org\/{rel}","templated":true}]}}