{"id":126579,"date":"2026-01-12T00:00:00","date_gmt":"2026-01-12T05:00:00","guid":{"rendered":"https:\/\/gpl-love.com\/es\/producto\/woocommerce-deposits-partial-payments\/"},"modified":"2026-04-10T11:31:59","modified_gmt":"2026-04-10T16:31:59","slug":"woocommerce-deposits-partial-payments","status":"publish","type":"product","link":"https:\/\/gpl-love.com\/es\/producto\/woocommerce-deposits-partial-payments\/","title":{"rendered":"WooCommerce Deposits Partial Payments 4.6.10"},"content":{"rendered":"<h3>WooCommerce Deposits Partial Payments Caracteristicas<\/h3>\n<p>El complemento de pagos parciales de WooCommerce Deposits es una herramienta incre\u00edblemente robusta y ventajosa para las empresas que buscan mejorar sus ofertas de productos de WooCommerce al permitir la aceptaci\u00f3n de pagos y dep\u00f3sitos parciales. Este complemento, que es extremadamente f\u00e1cil de usar, permite a los clientes iniciar sin esfuerzo un pago inicial en su compra deseada, al tiempo que brinda a las empresas la oportunidad de beneficiarse de un flujo de caja elevado y un riesgo mitigado de encontrar pedidos no pagados. Al proporcionar la capacidad de personalizar los planes de pago de acuerdo con las necesidades espec\u00edficas del negocio de uno, y proporcionar a los clientes un medio perfecto para monitorear su horario de pago y los saldos restantes, el complemento de pagos parciales de dep\u00f3sitos de WooCommerce garantiza una experiencia verdaderamente personalizada para ambas partes involucradas. Adem\u00e1s, el complemento ofrece una variedad de recordatorios automatizados para impulsar a los clientes a cumplir con sus obligaciones de pago, al tiempo que otorga la flexibilidad para cancelar o reembolsar los dep\u00f3sitos seg\u00fan sea necesario. En esencia, el complemento de pagos parciales de Deposits WooCommerce es un recurso excepcionalmente vers\u00e1til e indispensable para cualquier negocio astuto que desee optimizar sus ventas y reforzar la satisfacci\u00f3n general del cliente.<\/p>\n<ul>\n<li>Permite a los clientes realizar pagos parciales en los productos WooCommerce<\/li>\n<li>Proporciona flexibilidad para que los clientes paguen por los productos a lo largo del tiempo<\/li>\n<li>Ayuda a las empresas a mejorar el flujo de efectivo al recibir pagos de forma incremental<\/li>\n<li>F\u00e1cil de configurar e implementar en las tiendas de WooCommerce existentes<\/li>\n<li>Ofrece planes de dep\u00f3sito y pago personalizables para satisfacer las necesidades comerciales individuales<\/li>\n<li>Simplifica el seguimiento y la gesti\u00f3n de los pagos tanto para empresas como para clientes<\/li>\n<li>Proporciona una experiencia de pago perfecta para los clientes<\/li>\n<li>Reduce el riesgo de incumplimiento de pago y fraude con los requisitos de dep\u00f3sito<\/li>\n<li>Compatible con varias pasarelas de pago para transacciones seguras y confiables<\/li>\n<li>Mejora la satisfacci\u00f3n del cliente al ofrecer opciones de pago asequibles.<\/li>\n<\/ul>\n","protected":false},"excerpt":{"rendered":"<p>La funcionalidad proporcionada por el complemento de pagos parciales de dep\u00f3sitos de WooCommerce est\u00e1 dirigida a facilitar a los clientes para realizar pagos o dep\u00f3sitos parciales para sus pedidos en l\u00ednea. Esta caracter\u00edstica particular demuestra ser excepcionalmente ventajosa en casos que involucran productos de alto costo o pedidos personalizados, donde los clientes pueden enfrentar limitaciones o reservas con respecto al pago por adelantado de la cantidad completa. En particular, el complemento ofrece amplias opciones de personalizaci\u00f3n, que lo capacitan para definir los montos de dep\u00f3sito, los horarios de pago y varios otros par\u00e1metros relevantes. Adem\u00e1s, el complemento se integra perfectamente con WooCommerce, asegurando as\u00ed la gesti\u00f3n sin esfuerzo de pedidos y pagos en el marco de su tienda en l\u00ednea.<\/p>\n","protected":false},"featured_media":168100,"comment_status":"open","ping_status":"open","template":"","meta":[],"product_brand":[2339],"product_cat":[1207,1426,1206],"product_tag":[1256],"class_list":{"0":"post-126579","1":"product","2":"type-product","3":"status-publish","4":"has-post-thumbnail","6":"product_brand-codecanyon","7":"product_cat-comercio-electronico-plugins","8":"product_cat-pago-comercio-electronico-plugins","9":"product_cat-plugins","10":"product_tag-codecanyon","11":"member-discount","12":"discount-restricted","14":"first","15":"instock","16":"sale","17":"downloadable","18":"virtual","19":"sold-individually","20":"purchasable","21":"product-type-simple"},"_links":{"self":[{"href":"https:\/\/gpl-love.com\/es\/wp-json\/wp\/v2\/product\/126579","targetHints":{"allow":["GET"]}}],"collection":[{"href":"https:\/\/gpl-love.com\/es\/wp-json\/wp\/v2\/product"}],"about":[{"href":"https:\/\/gpl-love.com\/es\/wp-json\/wp\/v2\/types\/product"}],"replies":[{"embeddable":true,"href":"https:\/\/gpl-love.com\/es\/wp-json\/wp\/v2\/comments?post=126579"}],"wp:featuredmedia":[{"embeddable":true,"href":"https:\/\/gpl-love.com\/es\/wp-json\/wp\/v2\/media\/168100"}],"wp:attachment":[{"href":"https:\/\/gpl-love.com\/es\/wp-json\/wp\/v2\/media?parent=126579"}],"wp:term":[{"taxonomy":"product_brand","embeddable":true,"href":"https:\/\/gpl-love.com\/es\/wp-json\/wp\/v2\/product_brand?post=126579"},{"taxonomy":"product_cat","embeddable":true,"href":"https:\/\/gpl-love.com\/es\/wp-json\/wp\/v2\/product_cat?post=126579"},{"taxonomy":"product_tag","embeddable":true,"href":"https:\/\/gpl-love.com\/es\/wp-json\/wp\/v2\/product_tag?post=126579"}],"curies":[{"name":"wp","href":"https:\/\/api.w.org\/{rel}","templated":true}]}}