{"id":126578,"date":"2026-04-07T00:00:00","date_gmt":"2026-04-07T05:00:00","guid":{"rendered":"https:\/\/gpl-love.com\/es\/producto\/woocommerce-deposits\/"},"modified":"2026-04-10T11:31:58","modified_gmt":"2026-04-10T16:31:58","slug":"woocommerce-deposits","status":"publish","type":"product","link":"https:\/\/gpl-love.com\/es\/producto\/woocommerce-deposits\/","title":{"rendered":"WooCommerce Deposits 2.4.4"},"content":{"rendered":"<h3>WooCommerce Deposits Caracteristicas<\/h3>\n<p>Los dep\u00f3sitos de WooCommerce, un complemento muy robusto, empodera a los propietarios de tiendas en l\u00ednea al otorgarles la capacidad de ofrecer a sus estimados clientes la opci\u00f3n de pagar un dep\u00f3sito o un pago parcial por productos y servicios. Este complemento excepcional no solo proporciona alternativas de pago convenientes y adaptables, sino que tambi\u00e9n facilita el establecimiento de diversos planes de pago y horarios, todo mientras se acomoda diferentes pasarelas de pago. Los clientes reciben la selecci\u00f3n sin esfuerzo entre hacer un dep\u00f3sito o pagar en su totalidad, y el saldo restante vence en una fecha posterior. Este complemento demuestra ser una joya absoluta para las empresas que se especializan en mercanc\u00edas de alto valor o productos personalizados, ya que optimiza el proceso de compra para los clientes sin imponer una carga financiera sustancial. Adem\u00e1s, la naturaleza f\u00e1cil de usar de los dep\u00f3sitos de WooCommerce lo hace personalizable sin esfuerzo para alinearse con el procedimiento \u00fanico de marca y pago de la tienda.<\/p>\n<ul>\n<li>Permitir a los clientes colocar dep\u00f3sitos en productos en su tienda WooCommerce<\/li>\n<li>Establezca montos y porcentajes de dep\u00f3sito personalizado para cada producto<\/li>\n<li>Los dep\u00f3sitos se pueden establecer como no reembolsables o se pueden reembolsar tras la cancelaci\u00f3n<\/li>\n<li>Realice un seguimiento de los dep\u00f3sitos de los clientes y apl\u00edquelos hacia el monto final de la compra<\/li>\n<li>Perfecto para art\u00edculos de alto boleto o productos para pre-pedido<\/li>\n<li>Integraci\u00f3n completa con las pasarelas de pago de WooCommerce<\/li>\n<li>Mensajes de dep\u00f3sito personalizables y notificaciones por correo electr\u00f3nico para clientes<\/li>\n<li>Interfaz f\u00e1cil de usar tanto para clientes como para propietarios de tiendas.<\/li>\n<\/ul>\n","protected":false},"excerpt":{"rendered":"<p>El complemento de dep\u00f3sitos de WooCommerce proporciona a los propietarios de tiendas una herramienta conveniente y flexible para establecer alternativas de pago de dep\u00f3sito personalizadas para sus valiosos clientes. Al implementar este complemento, los clientes tienen la libertad de enviar un pago parcial como dep\u00f3sito para su compra deseada, con la opci\u00f3n de resolver el saldo pendiente en un momento posterior. Esta notable soluci\u00f3n es particularmente ventajosa para las tiendas especializadas en la venta de mercanc\u00edas de precio premium o aquellos que participan en transacciones de pedido anticipado. Adem\u00e1s, la integraci\u00f3n perfecta de este complemento con la plataforma WooCommerce garantiza una utilizaci\u00f3n sin esfuerzo y una gesti\u00f3n eficiente para los propietarios de tiendas.<\/p>\n","protected":false},"featured_media":168099,"comment_status":"open","ping_status":"open","template":"","meta":[],"product_brand":[2344],"product_cat":[1207,1426,1206],"product_tag":[1423],"class_list":{"0":"post-126578","1":"product","2":"type-product","3":"status-publish","4":"has-post-thumbnail","6":"product_brand-woocommerce","7":"product_cat-comercio-electronico-plugins","8":"product_cat-pago-comercio-electronico-plugins","9":"product_cat-plugins","10":"product_tag-woocommerce","11":"member-discount","12":"discount-restricted","14":"first","15":"instock","16":"sale","17":"downloadable","18":"virtual","19":"sold-individually","20":"purchasable","21":"product-type-simple"},"_links":{"self":[{"href":"https:\/\/gpl-love.com\/es\/wp-json\/wp\/v2\/product\/126578","targetHints":{"allow":["GET"]}}],"collection":[{"href":"https:\/\/gpl-love.com\/es\/wp-json\/wp\/v2\/product"}],"about":[{"href":"https:\/\/gpl-love.com\/es\/wp-json\/wp\/v2\/types\/product"}],"replies":[{"embeddable":true,"href":"https:\/\/gpl-love.com\/es\/wp-json\/wp\/v2\/comments?post=126578"}],"wp:featuredmedia":[{"embeddable":true,"href":"https:\/\/gpl-love.com\/es\/wp-json\/wp\/v2\/media\/168099"}],"wp:attachment":[{"href":"https:\/\/gpl-love.com\/es\/wp-json\/wp\/v2\/media?parent=126578"}],"wp:term":[{"taxonomy":"product_brand","embeddable":true,"href":"https:\/\/gpl-love.com\/es\/wp-json\/wp\/v2\/product_brand?post=126578"},{"taxonomy":"product_cat","embeddable":true,"href":"https:\/\/gpl-love.com\/es\/wp-json\/wp\/v2\/product_cat?post=126578"},{"taxonomy":"product_tag","embeddable":true,"href":"https:\/\/gpl-love.com\/es\/wp-json\/wp\/v2\/product_tag?post=126578"}],"curies":[{"name":"wp","href":"https:\/\/api.w.org\/{rel}","templated":true}]}}