{"id":126577,"date":"2025-10-30T00:00:00","date_gmt":"2025-10-30T05:00:00","guid":{"rendered":"https:\/\/gpl-love.com\/es\/producto\/woocommerce-delivery-slots\/"},"modified":"2026-03-09T08:21:25","modified_gmt":"2026-03-09T13:21:25","slug":"woocommerce-delivery-slots","status":"publish","type":"product","link":"https:\/\/gpl-love.com\/es\/producto\/woocommerce-delivery-slots\/","title":{"rendered":"WooCommerce Delivery Slots 2.10.0"},"content":{"rendered":"<h3>WooCommerce Delivery Slots Caracteristicas<\/h3>\n<p>El complemento de espacios de entrega de WooCommerce cuenta con capacidades impresionantes, lo que permite a los propietarios de tiendas en l\u00ednea administrar sin esfuerzo la asignaci\u00f3n de ranuras de entrega para su amplia gama de productos. Al utilizar este complemento, los clientes obtienen la comodidad de seleccionar la fecha y hora de entrega deseadas, mejorando su experiencia general con la tienda en l\u00ednea. Los propietarios de las tiendas, a su vez, tienen la flexibilidad de establecer m\u00faltiples espacios de entrega para cada d\u00eda, al tiempo que tienen la opci\u00f3n de personalizar los mensajes de entrega para cada ranura. Adem\u00e1s, este complemento ofrece una variedad de caracter\u00edsticas avanzadas, incluida la capacidad de establecer intervalos m\u00ednimos y m\u00e1ximos de entrega, asignar espacios de tiempo espec\u00edficamente durante ciertos d\u00edas de la semana y vacaciones, y mucho m\u00e1s. En esencia, las ranuras de entrega de WooCommerce sirven como una herramienta muy valiosa para cualquier propietario de la tienda en l\u00ednea con el objetivo de optimizar su proceso de entrega y elevar la satisfacci\u00f3n de sus valiosos clientes.<\/p>\n<ul>\n<li>Permite a los clientes seleccionar sus espacios de entrega preferidos durante el pago<\/li>\n<li>Proporciona a los propietarios de tiendas opciones de programaci\u00f3n de entrega flexible<\/li>\n<li>Admite m\u00faltiples espacios de entrega por d\u00eda<\/li>\n<li>Opciones de formato de hora y fecha personalizables para ranuras de entrega<\/li>\n<li>Opci\u00f3n para establecer un intervalo de tiempo m\u00ednimo y m\u00e1ximo entre pedidos<\/li>\n<li>Integraci\u00f3n con el calendario de Google para el seguimiento y la gesti\u00f3n de entregas<\/li>\n<li>Compatible con todos los temas de WordPress y versiones de WooCommerce<\/li>\n<li>F\u00e1cil de instalar y usar sin requerido ning\u00fan conocimiento de codificaci\u00f3n<\/li>\n<li>Documentaci\u00f3n integral y soporte t\u00e9cnico proporcionado por el desarrollador.<\/li>\n<\/ul>\n","protected":false},"excerpt":{"rendered":"<p>Las ranuras de entrega de WooCommerce presenta una soluci\u00f3n ideal para las empresas que buscan proporcionar a su clientela una mayor flexibilidad y conveniencia en t\u00e9rminos de alternativas de entrega. Este complemento notablemente potente le permite generar una variedad inagotable de espacios de entrega, lo que permite a sus clientes descubrir sin esfuerzo un plazo de entrega que m\u00e1s idealmente acomoda sus horarios ocupados. Con una interfaz f\u00e1cil de usar y funcionalidades de vanguardia, incluida la capacidad de estipular umbrales de pedido m\u00e1ximo y cargos de entrega, las ranuras de entrega de WooCommerce se convierten en un activo indispensable para cualquier establecimiento de comercio electr\u00f3nico impulsado por un ferviente compromiso de brindar un servicio al cliente sin paralelo.<\/p>\n","protected":false},"featured_media":168098,"comment_status":"open","ping_status":"open","template":"","meta":[],"product_brand":[2476],"product_cat":[1207,1248,1206],"product_tag":[1603],"class_list":{"0":"post-126577","1":"product","2":"type-product","3":"status-publish","4":"has-post-thumbnail","6":"product_brand-iconic","7":"product_cat-comercio-electronico-plugins","8":"product_cat-personalizacion-comercio-electronico-plugins","9":"product_cat-plugins","10":"product_tag-iconic","11":"member-discount","12":"discount-restricted","14":"first","15":"instock","16":"sale","17":"downloadable","18":"virtual","19":"sold-individually","20":"purchasable","21":"product-type-simple"},"_links":{"self":[{"href":"https:\/\/gpl-love.com\/es\/wp-json\/wp\/v2\/product\/126577","targetHints":{"allow":["GET"]}}],"collection":[{"href":"https:\/\/gpl-love.com\/es\/wp-json\/wp\/v2\/product"}],"about":[{"href":"https:\/\/gpl-love.com\/es\/wp-json\/wp\/v2\/types\/product"}],"replies":[{"embeddable":true,"href":"https:\/\/gpl-love.com\/es\/wp-json\/wp\/v2\/comments?post=126577"}],"wp:featuredmedia":[{"embeddable":true,"href":"https:\/\/gpl-love.com\/es\/wp-json\/wp\/v2\/media\/168098"}],"wp:attachment":[{"href":"https:\/\/gpl-love.com\/es\/wp-json\/wp\/v2\/media?parent=126577"}],"wp:term":[{"taxonomy":"product_brand","embeddable":true,"href":"https:\/\/gpl-love.com\/es\/wp-json\/wp\/v2\/product_brand?post=126577"},{"taxonomy":"product_cat","embeddable":true,"href":"https:\/\/gpl-love.com\/es\/wp-json\/wp\/v2\/product_cat?post=126577"},{"taxonomy":"product_tag","embeddable":true,"href":"https:\/\/gpl-love.com\/es\/wp-json\/wp\/v2\/product_tag?post=126577"}],"curies":[{"name":"wp","href":"https:\/\/api.w.org\/{rel}","templated":true}]}}