{"id":126576,"date":"2021-08-06T00:00:00","date_gmt":"2021-08-06T05:00:00","guid":{"rendered":"https:\/\/gpl-love.com\/es\/producto\/woocommerce-delivery-delivery-date-y-time-slots\/"},"modified":"2026-04-10T11:31:57","modified_gmt":"2026-04-10T16:31:57","slug":"woocommerce-delivery-delivery-date-y-time-slots","status":"publish","type":"product","link":"https:\/\/gpl-love.com\/es\/producto\/woocommerce-delivery-delivery-date-y-time-slots\/","title":{"rendered":"WooCommerce Delivery Delivery Date y Time Slots 1.1.24"},"content":{"rendered":"<h3>WooCommerce Delivery Delivery Date y Time Slots Caracteristicas<\/h3>\n<p>El complemento de fecha y hora de entrega de entrega de WooCommerce, una herramienta invaluable para las empresas, les permite ofrecer a sus clientes la invaluable libertad de seleccionar una fecha de entrega y intervalo de tiempo deseado durante la fase de pago. Este complemento notable optimiza efectivamente todo el proceso de organizaci\u00f3n de todas las solicitudes de entrega, lo que lo hace considerablemente m\u00e1s simple que las empresas regulan competentemente sus horarios de entrega. Al incorporar esta caracter\u00edstica excepcional, las empresas tienen la notable capacidad de elevar la experiencia del cliente a alturas sin precedentes y estimular simult\u00e1neamente las ventas al brindar un servicio extremadamente personalizado. Adem\u00e1s, la belleza de este complemento radica en su instalaci\u00f3n sin esfuerzo y su personalizaci\u00f3n perfecta, lo que hace que sea una necesidad absoluta para cualquier empresa que opere una tienda en l\u00ednea en WooCommerce.<\/p>\n<ul>\n<li>Complemento f\u00e1cil de usar que permite a los clientes elegir su intervalo de tiempo de entrega preferido durante el proceso de pago<\/li>\n<li>Proporciona una experiencia de entrega perfecta y conveniente tanto para clientes como para empresas.<\/li>\n<li>Facilita la carga de programar entregas para empresas y reduce los errores en los tiempos de entrega<\/li>\n<li>Opciones totalmente personalizables para la fecha de entrega y las ranuras de tiempo, incluidas las fechas de apag\u00f3n y las ventanas de entrega espec\u00edficas de tiempo<\/li>\n<li>Se puede integrar con los sistemas de entrega existentes o utilizar como un complemento independiente<\/li>\n<li>Proporciona disponibilidad y actualizaciones en tiempo real para fechas de entrega y ranuras de tiempo<\/li>\n<li>Aumenta la satisfacci\u00f3n del cliente con las entregas a tiempo y las opciones de entrega flexibles<\/li>\n<li>Compatible con todos los temas y extensiones de WooCommerce<\/li>\n<li>Reduce la necesidad de seguimientos manuales y comunicaci\u00f3n entre clientes y empresas con respecto a los tiempos de entrega<\/li>\n<li>Mejora la retenci\u00f3n y la lealtad del cliente al proporcionar opciones de entrega personalizadas y flexibles.<\/li>\n<\/ul>\n","protected":false},"excerpt":{"rendered":"<p>El complemento de fecha y hora de entrega de entrega de WooCommerce ofrece a los clientes la conveniencia de programar sin esfuerzo la fecha y hora de entrega deseadas. Al utilizar este complemento, las empresas pueden asignar espacios de tiempo espec\u00edficos para entregas de acuerdo con sus horas operativas, simplificando as\u00ed el proceso de entrega y mejorando la satisfacci\u00f3n del cliente. Este complemento f\u00e1cil de usar permite a los clientes elegir sin problemas su fecha de entrega y hora de entrega preferidas durante el proceso de pago, asegurando una experiencia sin problemas y agradable. Con la integraci\u00f3n de los espacios de fecha y hora de entrega de entrega de WooCommerce, las empresas pueden mejorar significativamente su proceso de entrega y elevar sus est\u00e1ndares de servicio al cliente.<\/p>\n","protected":false},"featured_media":168097,"comment_status":"open","ping_status":"open","template":"","meta":[],"product_brand":[2339],"product_cat":[1207,1248,1206],"product_tag":[1256],"class_list":{"0":"post-126576","1":"product","2":"type-product","3":"status-publish","4":"has-post-thumbnail","6":"product_brand-codecanyon","7":"product_cat-comercio-electronico-plugins","8":"product_cat-personalizacion-comercio-electronico-plugins","9":"product_cat-plugins","10":"product_tag-codecanyon","11":"member-discount","12":"discount-restricted","14":"first","15":"instock","16":"sale","17":"downloadable","18":"virtual","19":"sold-individually","20":"purchasable","21":"product-type-simple"},"_links":{"self":[{"href":"https:\/\/gpl-love.com\/es\/wp-json\/wp\/v2\/product\/126576","targetHints":{"allow":["GET"]}}],"collection":[{"href":"https:\/\/gpl-love.com\/es\/wp-json\/wp\/v2\/product"}],"about":[{"href":"https:\/\/gpl-love.com\/es\/wp-json\/wp\/v2\/types\/product"}],"replies":[{"embeddable":true,"href":"https:\/\/gpl-love.com\/es\/wp-json\/wp\/v2\/comments?post=126576"}],"wp:featuredmedia":[{"embeddable":true,"href":"https:\/\/gpl-love.com\/es\/wp-json\/wp\/v2\/media\/168097"}],"wp:attachment":[{"href":"https:\/\/gpl-love.com\/es\/wp-json\/wp\/v2\/media?parent=126576"}],"wp:term":[{"taxonomy":"product_brand","embeddable":true,"href":"https:\/\/gpl-love.com\/es\/wp-json\/wp\/v2\/product_brand?post=126576"},{"taxonomy":"product_cat","embeddable":true,"href":"https:\/\/gpl-love.com\/es\/wp-json\/wp\/v2\/product_cat?post=126576"},{"taxonomy":"product_tag","embeddable":true,"href":"https:\/\/gpl-love.com\/es\/wp-json\/wp\/v2\/product_tag?post=126576"}],"curies":[{"name":"wp","href":"https:\/\/api.w.org\/{rel}","templated":true}]}}