{"id":126575,"date":"2021-11-23T00:00:00","date_gmt":"2021-11-23T05:00:00","guid":{"rendered":"https:\/\/gpl-love.com\/es\/producto\/woocommerce-delivery-area-pro\/"},"modified":"2026-03-09T08:21:22","modified_gmt":"2026-03-09T13:21:22","slug":"woocommerce-delivery-area-pro","status":"publish","type":"product","link":"https:\/\/gpl-love.com\/es\/producto\/woocommerce-delivery-area-pro\/","title":{"rendered":"WooCommerce Delivery Area Pro 2.2.4"},"content":{"rendered":"<h3>WooCommerce Delivery Area Pro Caracteristicas<\/h3>\n<p>WooCommerce Delivery Area Pro, un complemento altamente eficiente y robusto, facilita la gesti\u00f3n conveniente y la personalizaci\u00f3n de las \u00e1reas de entrega para los minoristas en l\u00ednea. A trav\u00e9s de la utilizaci\u00f3n de este complemento, los propietarios de tiendas poseen la capacidad de establecer numerosas zonas de entrega, cada una caracterizada por precios y condiciones distintos, junto con la capacidad de limitar el env\u00edo a c\u00f3digos postales o regiones espec\u00edficos. Adem\u00e1s, este complemento est\u00e1 equipado con un editor de mapas extremadamente f\u00e1cil de usar, que simplifica el dibujo y la modificaci\u00f3n de las \u00e1reas de entrega, adem\u00e1s de incorporar funcionalidades avanzadas como la entrega basadas en radio y los requisitos de pedido m\u00ednimo. En \u00faltima instancia, al adoptar WooCommerce Delivery Area Pro, los minoristas en l\u00ednea pueden optimizar impecablemente sus procedimientos de env\u00edo, lo que resulta en una experiencia de compra mejorada para sus valiosos clientes.<\/p>\n<ul>\n<li>Le permite configurar m\u00faltiples \u00e1reas de entrega y definir sus l\u00edmites f\u00e1cilmente<\/li>\n<li>Se puede integrar con Google Maps para identificar ubicaciones precisas<\/li>\n<li>Calcula las tarifas de entrega autom\u00e1ticamente en funci\u00f3n de la distancia o el c\u00f3digo postal<\/li>\n<li>Admite esquemas de precios de entrega complejos (por ejemplo, entrega gratuita en una cierta cantidad)<\/li>\n<li>Ofrece una gama de opciones de personalizaci\u00f3n (por ejemplo, plazos de entrega, cantidades m\u00ednimas de pedido)<\/li>\n<li>Proporciona validaci\u00f3n en tiempo real de direcciones para garantizar la precisi\u00f3n y la eficiencia<\/li>\n<li>Admite la entrega local e internacional, con soporte para m\u00faltiples monedas<\/li>\n<li>Viene con una interfaz intuitiva y f\u00e1cil de usar para una f\u00e1cil configuraci\u00f3n y administraci\u00f3n<\/li>\n<li>Compatible con una amplia gama de temas y complementos de WooCommerce<\/li>\n<li>Puede ayudarlo a aumentar la satisfacci\u00f3n y la lealtad del cliente ofreciendo una experiencia de entrega m\u00e1s racionalizada y transparente.<\/li>\n<\/ul>\n","protected":false},"excerpt":{"rendered":"<p>El WooCommerce Delivery Area Pro es un complemento incre\u00edblemente robusto que otorga a los minoristas en l\u00ednea la capacidad de establecer y limitar las \u00e1reas de entrega para su mercanc\u00eda dependiendo de los c\u00f3digos postales, los c\u00f3digos postales o incluso los pol\u00edgonos personalizados. Al utilizar esta herramienta excepcional, se puede configurar sin esfuerzo diversas zonas de entrega y regulaciones de precios, extender los servicios de entrega exclusivos para seleccionar regiones y proporcionar a los clientes tarifas de env\u00edo precisas durante el proceso de pago. Sin lugar a dudas, este recurso indispensable es una necesidad absoluta para cualquier tienda de WooCommerce con el objetivo de optimizar y mejorar sus operaciones de entrega, mejorando as\u00ed la satisfacci\u00f3n general de sus valiosos clientes.<\/p>\n","protected":false},"featured_media":168096,"comment_status":"open","ping_status":"open","template":"","meta":[],"product_brand":[2339],"product_cat":[1208,1207,1206],"product_tag":[1256],"class_list":{"0":"post-126575","1":"product","2":"type-product","3":"status-publish","4":"has-post-thumbnail","6":"product_brand-codecanyon","7":"product_cat-administracion","8":"product_cat-comercio-electronico-plugins","9":"product_cat-plugins","10":"product_tag-codecanyon","11":"member-discount","12":"discount-restricted","14":"first","15":"instock","16":"sale","17":"downloadable","18":"virtual","19":"sold-individually","20":"purchasable","21":"product-type-simple"},"_links":{"self":[{"href":"https:\/\/gpl-love.com\/es\/wp-json\/wp\/v2\/product\/126575","targetHints":{"allow":["GET"]}}],"collection":[{"href":"https:\/\/gpl-love.com\/es\/wp-json\/wp\/v2\/product"}],"about":[{"href":"https:\/\/gpl-love.com\/es\/wp-json\/wp\/v2\/types\/product"}],"replies":[{"embeddable":true,"href":"https:\/\/gpl-love.com\/es\/wp-json\/wp\/v2\/comments?post=126575"}],"wp:featuredmedia":[{"embeddable":true,"href":"https:\/\/gpl-love.com\/es\/wp-json\/wp\/v2\/media\/168096"}],"wp:attachment":[{"href":"https:\/\/gpl-love.com\/es\/wp-json\/wp\/v2\/media?parent=126575"}],"wp:term":[{"taxonomy":"product_brand","embeddable":true,"href":"https:\/\/gpl-love.com\/es\/wp-json\/wp\/v2\/product_brand?post=126575"},{"taxonomy":"product_cat","embeddable":true,"href":"https:\/\/gpl-love.com\/es\/wp-json\/wp\/v2\/product_cat?post=126575"},{"taxonomy":"product_tag","embeddable":true,"href":"https:\/\/gpl-love.com\/es\/wp-json\/wp\/v2\/product_tag?post=126575"}],"curies":[{"name":"wp","href":"https:\/\/api.w.org\/{rel}","templated":true}]}}