{"id":126574,"date":"2024-02-26T00:00:00","date_gmt":"2024-02-26T05:00:00","guid":{"rendered":"https:\/\/gpl-love.com\/es\/producto\/woocommerce-default-quantity\/"},"modified":"2026-04-10T11:31:56","modified_gmt":"2026-04-10T16:31:56","slug":"woocommerce-default-quantity","status":"publish","type":"product","link":"https:\/\/gpl-love.com\/es\/producto\/woocommerce-default-quantity\/","title":{"rendered":"WooCommerce Default Quantity 2.3.2"},"content":{"rendered":"<h3>WooCommerce Default Quantity Caracteristicas<\/h3>\n<p>El complemento de cantidad predeterminada de WooCommerce es una herramienta notable dise\u00f1ada para mejorar su experiencia con WooCommerce al permitirle establecer una cantidad predeterminada para sus ofertas de productos. Al implementar esta soluci\u00f3n innovadora, puede aliviar sin esfuerzo la carga de ingresar manualmente la cantidad para cada producto individual, por lo que es un activo invaluable, particularmente para las empresas que participan en actividades de ventas extensas o para art\u00edculos que con frecuencia se obtienen en grandes cantidades. Adem\u00e1s, este complemento extraordinario le permite establecer cantidades predeterminadas para todos sus productos en todos los \u00e1mbitos o selectivamente para categor\u00edas o etiquetas espec\u00edficas, lo que le proporciona una flexibilidad y control incomparables. Adem\u00e1s, la instalaci\u00f3n y la utilizaci\u00f3n de este complemento son excepcionalmente intuitivas y f\u00e1ciles de usar, lo que garantiza que pueda integrarlo sin esfuerzo en su marco existente y expede sustancialmente sus operaciones de ventas, lo que finalmente resulta en un flujo de trabajo m\u00e1s racionalizado y eficiente.<\/p>\n<ul>\n<li>Le permite establecer una cantidad predeterminada para todos los productos de WooCommerce<\/li>\n<li>Ahorra tiempo reduciendo la necesidad de ajustar manualmente la cantidad para cada producto<\/li>\n<li>Mejora la experiencia del cliente al facilitarles agregar m\u00faltiples art\u00edculos a su carrito.<\/li>\n<li>Compatible con todos los temas y complementos de WooCommerce<\/li>\n<li>F\u00e1cil de instalar y configurar sin necesidad de codificaci\u00f3n<\/li>\n<li>Se puede personalizar para aplicar diferentes cantidades predeterminadas para diferentes categor\u00edas o etiquetas de productos<\/li>\n<li>Aumenta las ventas al alentar a los clientes a comprar grandes cantidades de productos.<\/li>\n<li>Ahorra dinero en los costos de env\u00edo al reducir el n\u00famero de pedidos separados realizados para el mismo producto<\/li>\n<li>Mejora la eficiencia general de su tienda en l\u00ednea al optimizar el proceso de compra.<\/li>\n<\/ul>\n","protected":false},"excerpt":{"rendered":"<p>El complemento de cantidad predeterminada de WooCommerce es una herramienta altamente eficiente y efectiva dise\u00f1ada para ayudarlo a establecer cantidades predeterminadas para sus productos WooCommerce. Le otorga la capacidad de establecer sin esfuerzo cantidades predeterminadas, tanto m\u00ednimas como m\u00e1ximas, para todos sus productos, o alternativamente, para productos o categor\u00edas particulares que se desee. Esta caracter\u00edstica invaluable no solo le ahorra cantidades significativas de tiempo, sino que tambi\u00e9n facilita un proceso de pago m\u00e1s suave y acelerado para sus valiosos clientes. Particularmente ventajoso para las empresas acostumbradas a manejar vol\u00famenes de ventas sustanciales, o aquellos que buscan promover e incentivar las compras a granel, este complemento ofrece un utilidad excepcional. \u00a1No dude en intentarlo y presenciar su notable capacidad para mejorar la productividad y eficiencia general de su tienda hoy!<\/p>\n","protected":false},"featured_media":168095,"comment_status":"open","ping_status":"open","template":"","meta":[],"product_brand":[2422],"product_cat":[1208,1207,1206],"product_tag":[1660],"class_list":{"0":"post-126574","1":"product","2":"type-product","3":"status-publish","4":"has-post-thumbnail","6":"product_brand-barn2","7":"product_cat-administracion","8":"product_cat-comercio-electronico-plugins","9":"product_cat-plugins","10":"product_tag-barn2","11":"member-discount","12":"discount-restricted","14":"first","15":"instock","16":"sale","17":"downloadable","18":"virtual","19":"sold-individually","20":"purchasable","21":"product-type-simple"},"_links":{"self":[{"href":"https:\/\/gpl-love.com\/es\/wp-json\/wp\/v2\/product\/126574","targetHints":{"allow":["GET"]}}],"collection":[{"href":"https:\/\/gpl-love.com\/es\/wp-json\/wp\/v2\/product"}],"about":[{"href":"https:\/\/gpl-love.com\/es\/wp-json\/wp\/v2\/types\/product"}],"replies":[{"embeddable":true,"href":"https:\/\/gpl-love.com\/es\/wp-json\/wp\/v2\/comments?post=126574"}],"wp:featuredmedia":[{"embeddable":true,"href":"https:\/\/gpl-love.com\/es\/wp-json\/wp\/v2\/media\/168095"}],"wp:attachment":[{"href":"https:\/\/gpl-love.com\/es\/wp-json\/wp\/v2\/media?parent=126574"}],"wp:term":[{"taxonomy":"product_brand","embeddable":true,"href":"https:\/\/gpl-love.com\/es\/wp-json\/wp\/v2\/product_brand?post=126574"},{"taxonomy":"product_cat","embeddable":true,"href":"https:\/\/gpl-love.com\/es\/wp-json\/wp\/v2\/product_cat?post=126574"},{"taxonomy":"product_tag","embeddable":true,"href":"https:\/\/gpl-love.com\/es\/wp-json\/wp\/v2\/product_tag?post=126574"}],"curies":[{"name":"wp","href":"https:\/\/api.w.org\/{rel}","templated":true}]}}