{"id":126572,"date":"2025-07-13T00:00:00","date_gmt":"2025-07-13T05:00:00","guid":{"rendered":"https:\/\/gpl-love.com\/es\/producto\/woocommerce-customers-manager\/"},"modified":"2026-04-10T11:31:54","modified_gmt":"2026-04-10T16:31:54","slug":"woocommerce-customers-manager","status":"publish","type":"product","link":"https:\/\/gpl-love.com\/es\/producto\/woocommerce-customers-manager\/","title":{"rendered":"WooCommerce Customers Manager 31.9"},"content":{"rendered":"<h3>WooCommerce Customers Manager Caracteristicas<\/h3>\n<p>WooCommerce Customer Manager ofrece una gran cantidad de caracter\u00edsticas robustas que contribuyen a la gesti\u00f3n eficiente de sus relaciones con los clientes en su tienda WooCommerce. Integrado sin problemas en su tienda, este complemento le permite ver, editar y agregar nuevos clientes sin esfuerzo. Adem\u00e1s, le permite acceder a detalles integrales e intrincados relacionados con cada cliente, que abarca su historial de pedidos completos, intrincados detalles de env\u00edo y facturaci\u00f3n, as\u00ed como su informaci\u00f3n de contacto. Sorprendentemente, este complemento altamente potente lo equipa con la capacidad de filtrar y buscar eficientemente clientes que utilizan varios par\u00e1metros, como el nombre, el correo electr\u00f3nico o el n\u00famero de pedido, facilitando as\u00ed la recuperaci\u00f3n conveniente de la informaci\u00f3n precisa que necesita. Adem\u00e1s, la funcionalidad de este complemento abarca la provisi\u00f3n de la comunicaci\u00f3n por correo electr\u00f3nico y la creaci\u00f3n de notas directamente desde el tablero del cliente, agilizando as\u00ed su flujo de trabajo. Adem\u00e1s, el complemento ofrece la capacidad de exportar a la perfecci\u00f3n los datos de los clientes a un archivo CSV, mejorando a\u00fan m\u00e1s la conveniencia y la flexibilidad de los procesos de gesti\u00f3n de sus clientes. Con la invaluable asistencia del gerente de clientes de WooCommerce, puede regular sin esfuerzo sus relaciones con los clientes y brindar un servicio excepcional a su estimada clientela.<\/p>\n<ul>\n<li>Administrar a los clientes en WooCommerce con facilidad y eficiencia<\/li>\n<li>Ver y editar informaci\u00f3n del cliente desde una sola interfaz<\/li>\n<li>Agregue notas y comentarios internos para cada cliente para una mejor comunicaci\u00f3n entre los miembros del equipo.<\/li>\n<li>Filtrar a los clientes basados \u200b\u200ben diversos criterios, como el estado del pedido, la ubicaci\u00f3n y el historial de compras.<\/li>\n<li>Crear grupos personalizados y asignar clientes para campa\u00f1as de marketing espec\u00edficas y comunicaci\u00f3n personalizada<\/li>\n<li>Exportar datos de clientes para su posterior an\u00e1lisis y uso en herramientas de marketing externos<\/li>\n<li>Editar a granel informaci\u00f3n del cliente, como el estado y la asignaci\u00f3n de grupos<\/li>\n<li>Ofrezca un mejor servicio al cliente resolviendo r\u00e1pidamente problemas y proporcionando soluciones personalizadas basadas en datos del cliente<\/li>\n<li>Rastrear la actividad del cliente y analizar las tendencias para una mejor toma de decisiones<\/li>\n<li>Mejorar las tasas de retenci\u00f3n de clientes con estrategias personalizadas de marketing y comunicaci\u00f3n.<\/li>\n<\/ul>\n","protected":false},"excerpt":{"rendered":"<p>WooCommerce Customer Manager, una herramienta excepcional y altamente efectiva meticulosamente dise\u00f1ada con el prop\u00f3sito de administrar sin esfuerzo a sus clientes, se presenta como una soluci\u00f3n inigualable. Este complemento notablemente f\u00e1cil de usar le brinda la capacidad de organizar y examinar los datos integrales de los clientes, monitorear meticulosamente su extenso historial de pedidos y, sorprendentemente, incluso construir informes a medida para obtener informaci\u00f3n profunda sobre sus tendencias de compras. Con la implementaci\u00f3n del incomparable gerente de clientes de WooCommerce, estar\u00e1 equipado con una amplia gama de recursos indispensables esenciales para cultivar conexiones s\u00f3lidas con su clientela, mejorar sus cifras de ventas y, en \u00faltima instancia, fomentar el crecimiento exponencial de su negocio. Emb\u00e1rcate en este viaje transformador hoy, y presencie de primera mano el impacto inconmensurable que tendr\u00e1 en la prosperidad de tu estimada empresa de comercio electr\u00f3nico.<\/p>\n","protected":false},"featured_media":168093,"comment_status":"open","ping_status":"open","template":"","meta":[],"product_brand":[2339],"product_cat":[1208,1207,1206],"product_tag":[1256],"class_list":{"0":"post-126572","1":"product","2":"type-product","3":"status-publish","4":"has-post-thumbnail","6":"product_brand-codecanyon","7":"product_cat-administracion","8":"product_cat-comercio-electronico-plugins","9":"product_cat-plugins","10":"product_tag-codecanyon","11":"member-discount","12":"discount-restricted","14":"first","15":"instock","16":"sale","17":"downloadable","18":"virtual","19":"sold-individually","20":"purchasable","21":"product-type-simple"},"_links":{"self":[{"href":"https:\/\/gpl-love.com\/es\/wp-json\/wp\/v2\/product\/126572","targetHints":{"allow":["GET"]}}],"collection":[{"href":"https:\/\/gpl-love.com\/es\/wp-json\/wp\/v2\/product"}],"about":[{"href":"https:\/\/gpl-love.com\/es\/wp-json\/wp\/v2\/types\/product"}],"replies":[{"embeddable":true,"href":"https:\/\/gpl-love.com\/es\/wp-json\/wp\/v2\/comments?post=126572"}],"wp:featuredmedia":[{"embeddable":true,"href":"https:\/\/gpl-love.com\/es\/wp-json\/wp\/v2\/media\/168093"}],"wp:attachment":[{"href":"https:\/\/gpl-love.com\/es\/wp-json\/wp\/v2\/media?parent=126572"}],"wp:term":[{"taxonomy":"product_brand","embeddable":true,"href":"https:\/\/gpl-love.com\/es\/wp-json\/wp\/v2\/product_brand?post=126572"},{"taxonomy":"product_cat","embeddable":true,"href":"https:\/\/gpl-love.com\/es\/wp-json\/wp\/v2\/product_cat?post=126572"},{"taxonomy":"product_tag","embeddable":true,"href":"https:\/\/gpl-love.com\/es\/wp-json\/wp\/v2\/product_tag?post=126572"}],"curies":[{"name":"wp","href":"https:\/\/api.w.org\/{rel}","templated":true}]}}