{"id":126571,"date":"2026-02-18T00:00:00","date_gmt":"2026-02-18T05:00:00","guid":{"rendered":"https:\/\/gpl-love.com\/es\/producto\/woocommerce-customer-order-csv-export\/"},"modified":"2026-04-10T11:31:53","modified_gmt":"2026-04-10T16:31:53","slug":"woocommerce-customer-order-csv-export","status":"publish","type":"product","link":"https:\/\/gpl-love.com\/es\/producto\/woocommerce-customer-order-csv-export\/","title":{"rendered":"WooCommerce Customer Order CSV Export 5.5.7"},"content":{"rendered":"<h3>WooCommerce Customer Order CSV Export Caracteristicas<\/h3>\n<p>La exportaci\u00f3n de CSV de orden de cliente de WooCommerce es una herramienta incre\u00edblemente robusta y efectiva, que proporciona a los usuarios la capacidad excepcional para exportar sin esfuerzo sus valiosos datos de pedidos de clientes directamente desde su tienda WooCommerce en el formato CSV ampliamente reconocido. Otorga a los usuarios la capacidad incomparable para recuperar sin problemas una gran cantidad de informaci\u00f3n crucial para el cliente, detalles intrincados de pedidos y informaci\u00f3n integral del producto de su tienda WooCommerce, todo lo cual puede exportarse convenientemente en un formato que sea legible sin esfuerzo e incre\u00edblemente accesible. El formato CSV en s\u00ed cuenta con una naturaleza incre\u00edblemente universal, ya que es un formato de archivo altamente estandarizado que se puede abrir sin problemas y editarse eficientemente con cualquier software de hoja de c\u00e1lculo de la elecci\u00f3n de uno, lo que representa el proceso de manipular y analizar a fondo los datos un esfuerzo verdaderamente sin esfuerzo. Sin lugar a dudas, este notable complemento sirve como la soluci\u00f3n por excelencia para los propietarios diligentes de las tiendas en l\u00ednea que necesitan una gran necesidad de un medio excepcionalmente eficiente y simplificado para realizar un seguimiento efectivo de cada uno de sus pedidos de clientes, al tiempo que anhelan una avenida f\u00e1cil de usar a trav\u00e9s del cual pueden exportar sin esfuerzo y analizar a fondo sus invaluables datos.<\/p>\n<ul>\n<li>Exportar datos de pedidos de clientes de su tienda WooCommerce en formato CSV<\/li>\n<li>Interfaz f\u00e1cil de usar, con opciones para seleccionar campos de datos espec\u00edficos para incluir en el archivo CSV<\/li>\n<li>Personalice el rango de fechas para el que se exportan los pedidos, lo que le permite rastrear f\u00e1cilmente las ventas desde un per\u00edodo de tiempo espec\u00edfico<\/li>\n<li>Los datos exportados incluyen detalles del cliente como nombre, direcci\u00f3n y correo electr\u00f3nico, as\u00ed como detalles del pedido como el n\u00famero de pedido, los nombres de productos y las cantidades compradas<\/li>\n<li>Ideal para empresas que necesitan analizar datos de ventas o utilizar la informaci\u00f3n para fines de gesti\u00f3n de relaciones con el cliente<\/li>\n<li>Compatible con una amplia gama de aplicaciones y programas de software que pueden leer archivos CSV, incluidas Microsoft Excel y Google Sheets<\/li>\n<li>Actualizaciones de software regulares y excelente atenci\u00f3n al cliente para garantizar que el complemento est\u00e9 actualizado y completamente funcional con la \u00faltima versi\u00f3n de WooCommerce.<\/li>\n<\/ul>\n","protected":false},"excerpt":{"rendered":"<p>La exportaci\u00f3n de CSV de orden de cliente de WooCommerce es una herramienta extremadamente poderosa que ha sido meticulosamente dise\u00f1ada para ayudarlo a exportar convenientemente todos los datos de pedidos de sus clientes estimados en un archivo CSV impecablemente organizado. Al utilizar este complemento excepcionalmente eficiente, estar\u00e1 equipado con la capacidad de generar informes integrales de pedidos, analizar meticulosamente el rendimiento de las ventas y administrar astutamente sus operaciones comerciales de una manera significativamente m\u00e1s racionalizada. El archivo CSV que se genera a trav\u00e9s de esta invaluable herramienta abarca una gran cantidad de datos de pedido meticulosamente detallados, incluida la informaci\u00f3n esencial como el nombre del cliente, el n\u00famero de pedido, el nombre del producto y una variedad de otros detalles pertinentes que se garantizan para proporcionarle Conocimientos invaluables sobre los patrones y preferencias de compras de sus clientes apreciados. Es vital subrayar el hecho de que esta herramienta f\u00e1cil de usar simplifica el proceso de exportaci\u00f3n de sus estimados pedidos del cliente en una medida extraordinaria, estableci\u00e9ndola efectivamente como un complemento indispensable que ning\u00fan propietario de la tienda WooCommerce puede darse el lujo de pasar por alto o subestimar.<\/p>\n","protected":false},"featured_media":168092,"comment_status":"open","ping_status":"open","template":"","meta":[],"product_brand":[2344],"product_cat":[1208,1207,1206],"product_tag":[1423],"class_list":{"0":"post-126571","1":"product","2":"type-product","3":"status-publish","4":"has-post-thumbnail","6":"product_brand-woocommerce","7":"product_cat-administracion","8":"product_cat-comercio-electronico-plugins","9":"product_cat-plugins","10":"product_tag-woocommerce","11":"member-discount","12":"discount-restricted","14":"first","15":"instock","16":"sale","17":"downloadable","18":"virtual","19":"sold-individually","20":"purchasable","21":"product-type-simple"},"_links":{"self":[{"href":"https:\/\/gpl-love.com\/es\/wp-json\/wp\/v2\/product\/126571","targetHints":{"allow":["GET"]}}],"collection":[{"href":"https:\/\/gpl-love.com\/es\/wp-json\/wp\/v2\/product"}],"about":[{"href":"https:\/\/gpl-love.com\/es\/wp-json\/wp\/v2\/types\/product"}],"replies":[{"embeddable":true,"href":"https:\/\/gpl-love.com\/es\/wp-json\/wp\/v2\/comments?post=126571"}],"wp:featuredmedia":[{"embeddable":true,"href":"https:\/\/gpl-love.com\/es\/wp-json\/wp\/v2\/media\/168092"}],"wp:attachment":[{"href":"https:\/\/gpl-love.com\/es\/wp-json\/wp\/v2\/media?parent=126571"}],"wp:term":[{"taxonomy":"product_brand","embeddable":true,"href":"https:\/\/gpl-love.com\/es\/wp-json\/wp\/v2\/product_brand?post=126571"},{"taxonomy":"product_cat","embeddable":true,"href":"https:\/\/gpl-love.com\/es\/wp-json\/wp\/v2\/product_cat?post=126571"},{"taxonomy":"product_tag","embeddable":true,"href":"https:\/\/gpl-love.com\/es\/wp-json\/wp\/v2\/product_tag?post=126571"}],"curies":[{"name":"wp","href":"https:\/\/api.w.org\/{rel}","templated":true}]}}