{"id":126570,"date":"2025-12-18T00:00:00","date_gmt":"2025-12-18T05:00:00","guid":{"rendered":"https:\/\/gpl-love.com\/es\/producto\/woocommerce-customer-order-coupon-csv-import-suite\/"},"modified":"2026-03-09T08:21:15","modified_gmt":"2026-03-09T13:21:15","slug":"woocommerce-customer-order-coupon-csv-import-suite","status":"publish","type":"product","link":"https:\/\/gpl-love.com\/es\/producto\/woocommerce-customer-order-coupon-csv-import-suite\/","title":{"rendered":"WooCommerce Customer Order Coupon CSV Import Suite 3.12.5"},"content":{"rendered":"<h3>WooCommerce Customer Order Coupon CSV Import Suite Caracteristicas<\/h3>\n<p>La suite de importaci\u00f3n CSV de WooCommerce Customer Order CSV es una herramienta extremadamente robusta y formidable dise\u00f1ada y ideada meticulosamente para optimizar y mejorar la gesti\u00f3n de los pedidos y los cupones de los clientes para las empresas. Este conjunto integral capacita efectivamente a las empresas al facilitar la importaci\u00f3n sin esfuerzo de pedidos de clientes y c\u00f3digos de cup\u00f3n de los archivos CSV. Como resultado, las empresas pueden economizar significativamente a tiempo y al mismo tiempo disminuir la probabilidad de cometer errores. Una caracter\u00edstica incre\u00edblemente notable de esta suite es su capacidad incomparable para acomodar y acelerar importaciones a granel, lo que lo hace particularmente beneficioso para las empresas que luchan con una amplia base de clientes o participan en ventas voluminosas. La interfaz instintiva e instintiva f\u00e1cil de usar aumenta a\u00fan m\u00e1s la experiencia del usuario de la suite, asegurando que navegar por sus innumerables caracter\u00edsticas y funcionalidades sea una brisa absoluta. Adem\u00e1s, la suite se integra perfectamente con una amplia gama de temas de WordPress y WooCommerce, consolidando a\u00fan m\u00e1s su compatibilidad y usabilidad. A fin de cuentas de WooCommerce Customer Order Cupon CSV Import Suite es una herramienta indispensable y por excelencia para cualquier empresa que se esfuerza a futuro para optimizar y optimizar sus procesos de gesti\u00f3n de pedidos, as\u00ed como mejorar la eficiencia general.<\/p>\n<ul>\n<li>Permite la importaci\u00f3n r\u00e1pida y f\u00e1cil de los cupones de pedidos de clientes en WooCommerce<\/li>\n<li>Ahorra tiempo y esfuerzo eliminando la necesidad de crear manualmente cupones para cada pedido de clientes<\/li>\n<li>Permite la creaci\u00f3n de cupones personalizados con c\u00f3digos \u00fanicos y cantidades de descuento<\/li>\n<li>Importa cupones con facilidad, independientemente de la cantidad de pedidos que se importan<\/li>\n<li>Ofrece flexibilidad para elegir qu\u00e9 pedidos aplicar cupones a<\/li>\n<li>Reduce el riesgo de error humano al crear cupones manualmente<\/li>\n<li>Mejora la satisfacci\u00f3n del cliente al proporcionar cupones oportunos y precisos<\/li>\n<li>Compatible con una gama de versiones de WooCommerce, asegurando la accesibilidad para una amplia gama de usuarios<\/li>\n<li>Ofrece atenci\u00f3n al cliente e interfaces f\u00e1ciles de usar<\/li>\n<li>Proporciona tranquilidad al garantizar que todos los cupones importados se apliquen e integren adecuadamente con WooCommerce.<\/li>\n<\/ul>\n","protected":false},"excerpt":{"rendered":"<p>La suite de importaci\u00f3n CSV de WooCommerce Customer Order CSV es una herramienta incre\u00edblemente robusta y eficiente que brinda a los usuarios la capacidad de importar cupones r\u00e1pidos y sin esfuerzo para los pedidos de sus clientes. Esta suite est\u00e1 dise\u00f1ada espec\u00edficamente para aliviar la carga del trabajo manual que consume mucho tiempo al permitir la importaci\u00f3n masiva de cupones. Es particularmente ventajoso para los minoristas en l\u00ednea que desean atraer a sus clientes con cupones de descuento atractivos, incentivando as\u00ed futuras compras. El proceso de importaci\u00f3n es sencillo y transparente, lo que brinda a los usuarios la conveniencia de asignar cupones espec\u00edficos a clientes o grupos de clientes designados. En general, la suite de importaci\u00f3n CSV Coupon de WooCommerce Customer Order CSV es un recurso absolutamente indispensable para los minoristas en l\u00ednea que buscan optimizar y mejorar la eficiencia de su procedimiento de gesti\u00f3n de cupones.<\/p>\n","protected":false},"featured_media":168091,"comment_status":"open","ping_status":"open","template":"","meta":[],"product_brand":[2344],"product_cat":[1208,1207,1206],"product_tag":[1423],"class_list":{"0":"post-126570","1":"product","2":"type-product","3":"status-publish","4":"has-post-thumbnail","6":"product_brand-woocommerce","7":"product_cat-administracion","8":"product_cat-comercio-electronico-plugins","9":"product_cat-plugins","10":"product_tag-woocommerce","11":"member-discount","12":"discount-restricted","14":"first","15":"instock","16":"sale","17":"downloadable","18":"virtual","19":"sold-individually","20":"purchasable","21":"product-type-simple"},"_links":{"self":[{"href":"https:\/\/gpl-love.com\/es\/wp-json\/wp\/v2\/product\/126570","targetHints":{"allow":["GET"]}}],"collection":[{"href":"https:\/\/gpl-love.com\/es\/wp-json\/wp\/v2\/product"}],"about":[{"href":"https:\/\/gpl-love.com\/es\/wp-json\/wp\/v2\/types\/product"}],"replies":[{"embeddable":true,"href":"https:\/\/gpl-love.com\/es\/wp-json\/wp\/v2\/comments?post=126570"}],"wp:featuredmedia":[{"embeddable":true,"href":"https:\/\/gpl-love.com\/es\/wp-json\/wp\/v2\/media\/168091"}],"wp:attachment":[{"href":"https:\/\/gpl-love.com\/es\/wp-json\/wp\/v2\/media?parent=126570"}],"wp:term":[{"taxonomy":"product_brand","embeddable":true,"href":"https:\/\/gpl-love.com\/es\/wp-json\/wp\/v2\/product_brand?post=126570"},{"taxonomy":"product_cat","embeddable":true,"href":"https:\/\/gpl-love.com\/es\/wp-json\/wp\/v2\/product_cat?post=126570"},{"taxonomy":"product_tag","embeddable":true,"href":"https:\/\/gpl-love.com\/es\/wp-json\/wp\/v2\/product_tag?post=126570"}],"curies":[{"name":"wp","href":"https:\/\/api.w.org\/{rel}","templated":true}]}}