{"id":126569,"date":"2021-02-09T00:00:00","date_gmt":"2021-02-09T05:00:00","guid":{"rendered":"https:\/\/gpl-love.com\/es\/producto\/woocommerce-customer-history\/"},"modified":"2026-04-10T11:31:52","modified_gmt":"2026-04-10T16:31:52","slug":"woocommerce-customer-history","status":"publish","type":"product","link":"https:\/\/gpl-love.com\/es\/producto\/woocommerce-customer-history\/","title":{"rendered":"WooCommerce Customer History 1.2.1"},"content":{"rendered":"<h3>WooCommerce Customer History Caracteristicas<\/h3>\n<p>El complemento de Historia del Cliente de WooCommerce cuenta con una soluci\u00f3n que abarca todo lo que facilita el seguimiento de las compras y el comportamiento de los clientes. Esta herramienta inmensamente poderosa faculta a los propietarios de tiendas en l\u00ednea para acumular una gran cantidad de datos relacionados con las preferencias de los clientes y los h\u00e1bitos de compra, proporcion\u00e1ndoles as\u00ed una informaci\u00f3n invaluable que pueden aprovechar efectivamente para campa\u00f1as de marketing espec\u00edficas y un servicio al cliente personalizado. En virtud de su capacidad para proporcionar a los propietarios de tiendas la oportunidad de examinar los pedidos pasados, los detalles del cliente y el historial de compras, este complemento les permite promociones y ofertas adaptadas a la moda que son notablemente m\u00e1s resonantes con su estimada clientela. Adem\u00e1s, el complemento de historial de clientes de WooCommerce est\u00e1 repleto de informes detallados y an\u00e1lisis, que sirven para facilitar la identificaci\u00f3n f\u00e1cil de tendencias y patrones en el comportamiento del cliente. Sin duda, este complemento es un activo indispensable para cualquier tienda en l\u00ednea que aspira a mejorar la participaci\u00f3n del cliente y aumentar las ventas.<\/p>\n<ul>\n<li>Registro detallado del historial de compra de clientes dentro de WooCommerce<\/li>\n<li>Proporciona informaci\u00f3n sobre los productos comprados y los detalles del pedido, como fechas de pedido y m\u00e9todos de pago.<\/li>\n<li>Se puede utilizar para campa\u00f1as de marketing espec\u00edficas basadas en el historial de compras<\/li>\n<li>Ayuda a identificar clientes leales y tendencias de ventas<\/li>\n<li>Proporciona informaci\u00f3n sobre productos populares y estrategias de precios<\/li>\n<li>Ayuda a simplificar el servicio al cliente accediendo r\u00e1pidamente pedidos pasados<\/li>\n<li>Se puede exportar a aplicaciones o software externas para su posterior an\u00e1lisis.<\/li>\n<\/ul>\n","protected":false},"excerpt":{"rendered":"<p>El historial de clientes de WooCommerce, una herramienta excepcionalmente robusta, se presenta como un medio efectivo para rastrear y monitorear meticulosamente el comportamiento de compra exhibido por sus estimados clientes dentro de su tienda de WooCommerce. A trav\u00e9s de la utilizaci\u00f3n de este complemento innovador, se le otorga la invaluable oportunidad de profundizar sin esfuerzo en una gran cantidad de ideas detalladas relacionadas con el historial de pedidos extensos de sus clientes, sus distintas preferencias de pago, as\u00ed como los detalles de env\u00edo intrincados. Es a trav\u00e9s de esta colecci\u00f3n indispensable de datos que puede aumentar sin problemas sus esfuerzos de servicio al cliente, adaptar expertamente sus estrategias de marketing para satisfacer las necesidades idiosincr\u00e1ticas de los clientes individuales y concebir ingeniosamente campa\u00f1as de ventas m\u00e1s eficaces. Al aprovechar astutamente el poder incomparable exudado por la historia del cliente de WooCommerce, est\u00e1 debidamente facultado para obtener una comprensi\u00f3n profunda de su p\u00fablico objetivo, impulsando as\u00ed el crecimiento exponencial de sus esfuerzos comerciales en l\u00ednea.<\/p>\n","protected":false},"featured_media":168090,"comment_status":"open","ping_status":"open","template":"","meta":[],"product_brand":[2344],"product_cat":[1208,1207,1206],"product_tag":[1423],"class_list":{"0":"post-126569","1":"product","2":"type-product","3":"status-publish","4":"has-post-thumbnail","6":"product_brand-woocommerce","7":"product_cat-administracion","8":"product_cat-comercio-electronico-plugins","9":"product_cat-plugins","10":"product_tag-woocommerce","11":"member-discount","12":"discount-restricted","14":"first","15":"instock","16":"sale","17":"downloadable","18":"virtual","19":"sold-individually","20":"purchasable","21":"product-type-simple"},"_links":{"self":[{"href":"https:\/\/gpl-love.com\/es\/wp-json\/wp\/v2\/product\/126569","targetHints":{"allow":["GET"]}}],"collection":[{"href":"https:\/\/gpl-love.com\/es\/wp-json\/wp\/v2\/product"}],"about":[{"href":"https:\/\/gpl-love.com\/es\/wp-json\/wp\/v2\/types\/product"}],"replies":[{"embeddable":true,"href":"https:\/\/gpl-love.com\/es\/wp-json\/wp\/v2\/comments?post=126569"}],"wp:featuredmedia":[{"embeddable":true,"href":"https:\/\/gpl-love.com\/es\/wp-json\/wp\/v2\/media\/168090"}],"wp:attachment":[{"href":"https:\/\/gpl-love.com\/es\/wp-json\/wp\/v2\/media?parent=126569"}],"wp:term":[{"taxonomy":"product_brand","embeddable":true,"href":"https:\/\/gpl-love.com\/es\/wp-json\/wp\/v2\/product_brand?post=126569"},{"taxonomy":"product_cat","embeddable":true,"href":"https:\/\/gpl-love.com\/es\/wp-json\/wp\/v2\/product_cat?post=126569"},{"taxonomy":"product_tag","embeddable":true,"href":"https:\/\/gpl-love.com\/es\/wp-json\/wp\/v2\/product_tag?post=126569"}],"curies":[{"name":"wp","href":"https:\/\/api.w.org\/{rel}","templated":true}]}}