{"id":126568,"date":"2021-02-09T00:00:00","date_gmt":"2021-02-09T05:00:00","guid":{"rendered":"https:\/\/gpl-love.com\/es\/producto\/woocommerce-customer-order-xml-export-suite\/"},"modified":"2026-04-10T11:31:52","modified_gmt":"2026-04-10T16:31:52","slug":"woocommerce-customer-order-xml-export-suite","status":"publish","type":"product","link":"https:\/\/gpl-love.com\/es\/producto\/woocommerce-customer-order-xml-export-suite\/","title":{"rendered":"WooCommerce Customer \/ Order XML Export Suite 2.6.3"},"content":{"rendered":"<h3>WooCommerce Customer \/ Order XML Export Suite Caracteristicas<\/h3>\n<p>La suite de exportaci\u00f3n XML de WooCommerce Customer \/ Order abarca una variedad de funcionalidades s\u00f3lidas que capacitan a las empresas para extraer sin esfuerzo a los clientes y solicitar datos de su tienda WooCommerce. Este complemento extraordinario se elabora meticulosamente para ofrecer un procedimiento perfecto y conveniente para generar archivos XML, que se pueden aprovechar para diversos fines que incluyen contabilidad, informes fiscales y an\u00e1lisis de datos. Con este conjunto completo de remolque, a los usuarios se les otorga la Libertad para recoger los campos de datos espec\u00edficos que se abarcan dentro de los archivos XML exportados, establecen exportaciones automatizadas en un horario predeterminado e incluso adaptar\u00e1n el formato de salida de acuerdo con sus requisitos \u00fanicos. En general, la suite de exportaci\u00f3n XML de WooCommerce Customer \/ Order se considera una herramienta indispensable para cualquier empresa que busque optimizar su proceso de exportaci\u00f3n de datos mientras adquiere informaci\u00f3n invaluable sobre sus datos de clientes y pedidos.<\/p>\n<ul>\n<li>Permite a los usuarios exportar los datos de los clientes y ordenar desde su tienda WooCommerce en formato XML<\/li>\n<li>Admite la exportaci\u00f3n de estados de pedido espec\u00edficos y rangos de fecha<\/li>\n<li>Campos de exportaci\u00f3n personalizables para informes personalizados<\/li>\n<li>Opciones de filtrado convenientes para reducir los datos<\/li>\n<li>Compatible con varios software y plataformas de terceros para su posterior an\u00e1lisis e integraci\u00f3n<\/li>\n<li>Interfaz simple y f\u00e1cil de usar para una f\u00e1cil configuraci\u00f3n y uso<\/li>\n<li>Actualizaciones regulares y atenci\u00f3n al cliente para garantizar una funcionalidad fluida y resoluci\u00f3n de problemas.<\/li>\n<\/ul>\n","protected":false},"excerpt":{"rendered":"<p>La suite de exportaci\u00f3n XML de WooCommerce Customer \/ Order es una herramienta incre\u00edblemente robusta y potente que le ofrece la comodidad y la facilidad de exportar datos de clientes y ordenar desde su tienda en l\u00ednea. Esta suite le proporciona la capacidad de generar sin esfuerzo archivos XML que abarcan toda la informaci\u00f3n vital requerida para administrar eficientemente sus operaciones de comercio electr\u00f3nico. Ya sea que su objetivo sea examinar a fondo las tendencias de ventas, ejecutar la segmentaci\u00f3n de clientes o simplemente mantenerse organizado con sus datos comerciales, la suite de exportaci\u00f3n XML de WooCommerce Customer \/ Order le otorga la mayor flexibilidad y control necesarios para lograr el \u00e9xito en sus esfuerzos. Por lo tanto, \u00bfpor qu\u00e9 retrasar m\u00e1s? Inicie su viaje hoy y optimice sus operaciones de comercio electr\u00f3nico implementando esta soluci\u00f3n de software notable e influyente.<\/p>\n","protected":false},"featured_media":168089,"comment_status":"open","ping_status":"open","template":"","meta":[],"product_brand":[2344],"product_cat":[1208,1207,1206],"product_tag":[1423],"class_list":{"0":"post-126568","1":"product","2":"type-product","3":"status-publish","4":"has-post-thumbnail","6":"product_brand-woocommerce","7":"product_cat-administracion","8":"product_cat-comercio-electronico-plugins","9":"product_cat-plugins","10":"product_tag-woocommerce","11":"member-discount","12":"discount-restricted","14":"first","15":"instock","16":"sale","17":"downloadable","18":"virtual","19":"sold-individually","20":"purchasable","21":"product-type-simple"},"_links":{"self":[{"href":"https:\/\/gpl-love.com\/es\/wp-json\/wp\/v2\/product\/126568","targetHints":{"allow":["GET"]}}],"collection":[{"href":"https:\/\/gpl-love.com\/es\/wp-json\/wp\/v2\/product"}],"about":[{"href":"https:\/\/gpl-love.com\/es\/wp-json\/wp\/v2\/types\/product"}],"replies":[{"embeddable":true,"href":"https:\/\/gpl-love.com\/es\/wp-json\/wp\/v2\/comments?post=126568"}],"wp:featuredmedia":[{"embeddable":true,"href":"https:\/\/gpl-love.com\/es\/wp-json\/wp\/v2\/media\/168089"}],"wp:attachment":[{"href":"https:\/\/gpl-love.com\/es\/wp-json\/wp\/v2\/media?parent=126568"}],"wp:term":[{"taxonomy":"product_brand","embeddable":true,"href":"https:\/\/gpl-love.com\/es\/wp-json\/wp\/v2\/product_brand?post=126568"},{"taxonomy":"product_cat","embeddable":true,"href":"https:\/\/gpl-love.com\/es\/wp-json\/wp\/v2\/product_cat?post=126568"},{"taxonomy":"product_tag","embeddable":true,"href":"https:\/\/gpl-love.com\/es\/wp-json\/wp\/v2\/product_tag?post=126568"}],"curies":[{"name":"wp","href":"https:\/\/api.w.org\/{rel}","templated":true}]}}