{"id":126567,"date":"2024-05-02T00:00:00","date_gmt":"2024-05-02T05:00:00","guid":{"rendered":"https:\/\/gpl-love.com\/es\/producto\/woocommerce-custom-product-addons\/"},"modified":"2026-04-10T11:31:51","modified_gmt":"2026-04-10T16:31:51","slug":"woocommerce-custom-product-addons","status":"publish","type":"product","link":"https:\/\/gpl-love.com\/es\/producto\/woocommerce-custom-product-addons\/","title":{"rendered":"WooCommerce Custom Product Addons 5.1.0"},"content":{"rendered":"<h3>WooCommerce Custom Product Addons Caracteristicas<\/h3>\n<p>Los complementos de productos personalizados de WooCommerce, un complemento incre\u00edblemente potente, le brinda la conveniencia de incorporar sin esfuerzo opciones y opciones de productos personalizados en su tienda en l\u00ednea. Este notable complemento le permite crear una infinita variedad de opciones para sus productos, abarcar campos de texto, casillas de verificaci\u00f3n, botones de radio, menores y una gran cantidad de posibilidades adicionales. Adem\u00e1s, le otorga la capacidad de establecer una l\u00f3gica condicional, asegurando as\u00ed que ciertas opciones se manifiesten \u00fanicamente en funci\u00f3n de selecciones previas espec\u00edficas. En particular, este complemento es notablemente f\u00e1cil de usar y f\u00e1cilmente adaptable para satisfacer sus requisitos individualizados. Integr\u00e1ndose sin problemas con WooCommerce y varios otros complementos muy buscados, emerge como la soluci\u00f3n por excelencia para integrar perfectamente las opciones de productos personalizados en su estimada tienda en l\u00ednea. En virtud de los complementos de productos personalizados de WooCommerce, puede aumentar indudablemente la experiencia de compra de sus clientes y al mismo tiempo fomentar un aumento sustancial en las ventas.<\/p>\n<ul>\n<li>Permite a los usuarios agregar opciones o caracter\u00edsticas de productos personalizados a su tienda en l\u00ednea<\/li>\n<li>Permite a los propietarios de tiendas crear y administrar f\u00e1cilmente complementos personalizados para sus productos.<\/li>\n<li>Proporciona una variedad de campos de entrada y opciones como casillas de verificaci\u00f3n, campos de texto y men\u00fas desplegables<\/li>\n<li>Se integra a la perfecci\u00f3n con WooCommerce, una de las plataformas de comercio electr\u00f3nico m\u00e1s populares<\/li>\n<li>Aumenta la satisfacci\u00f3n del cliente al permitirles personalizar sus compras a su gusto<\/li>\n<li>Puede ayudar a aumentar las ventas ofreciendo opciones y caracter\u00edsticas de productos adicionales.<\/li>\n<li>Ahorra tiempo y esfuerzo para los propietarios de tiendas al optimizar el proceso de creaci\u00f3n y administraci\u00f3n de complementos de productos<\/li>\n<li>Proporciona flexibilidad con opciones de precios para complementos personalizados, incluida una tarifa plana o un porcentaje del precio del producto<\/li>\n<li>Admite m\u00faltiples idiomas para ventas globales y alcance del cliente.<\/li>\n<\/ul>\n","protected":false},"excerpt":{"rendered":"<p>Los complementos de productos personalizados de WooCommerce sirven como la mejor soluci\u00f3n para las empresas de comercio electr\u00f3nico que desean proporcionar a los clientes una amplia gama de productos personalizables. Este notable complemento le permite construir campos especializados, casillas de verificaci\u00f3n y \u00e1reas de texto que permitan a los clientes personalizar sus productos deseados. Adem\u00e1s, incluso facilita la integraci\u00f3n de los precios para cada opci\u00f3n de personalizaci\u00f3n con el carrito de WooCommerce y el sistema de pago, lo que brinda a los clientes la oportunidad de obtener una vista previa del costo integral de sus productos a medida antes de finalizar su compra. Ya sea que su negocio implique la provisi\u00f3n de camisetas personalizadas, regalos personalizados o art\u00edculos a medida exclusivos, adoptar complementos de productos personalizados de WooCommerce, sin duda, impulsar\u00e1 su empresa de comercio electr\u00f3nico a mayores alturas.<\/p>\n","protected":false},"featured_media":168088,"comment_status":"open","ping_status":"open","template":"","meta":[],"product_brand":[2600],"product_cat":[1207,1248,1206],"product_tag":[1775],"class_list":{"0":"post-126567","1":"product","2":"type-product","3":"status-publish","4":"has-post-thumbnail","6":"product_brand-acowebs","7":"product_cat-comercio-electronico-plugins","8":"product_cat-personalizacion-comercio-electronico-plugins","9":"product_cat-plugins","10":"product_tag-acowebs","11":"member-discount","12":"discount-restricted","14":"first","15":"instock","16":"sale","17":"downloadable","18":"virtual","19":"sold-individually","20":"purchasable","21":"product-type-simple"},"_links":{"self":[{"href":"https:\/\/gpl-love.com\/es\/wp-json\/wp\/v2\/product\/126567","targetHints":{"allow":["GET"]}}],"collection":[{"href":"https:\/\/gpl-love.com\/es\/wp-json\/wp\/v2\/product"}],"about":[{"href":"https:\/\/gpl-love.com\/es\/wp-json\/wp\/v2\/types\/product"}],"replies":[{"embeddable":true,"href":"https:\/\/gpl-love.com\/es\/wp-json\/wp\/v2\/comments?post=126567"}],"wp:featuredmedia":[{"embeddable":true,"href":"https:\/\/gpl-love.com\/es\/wp-json\/wp\/v2\/media\/168088"}],"wp:attachment":[{"href":"https:\/\/gpl-love.com\/es\/wp-json\/wp\/v2\/media?parent=126567"}],"wp:term":[{"taxonomy":"product_brand","embeddable":true,"href":"https:\/\/gpl-love.com\/es\/wp-json\/wp\/v2\/product_brand?post=126567"},{"taxonomy":"product_cat","embeddable":true,"href":"https:\/\/gpl-love.com\/es\/wp-json\/wp\/v2\/product_cat?post=126567"},{"taxonomy":"product_tag","embeddable":true,"href":"https:\/\/gpl-love.com\/es\/wp-json\/wp\/v2\/product_tag?post=126567"}],"curies":[{"name":"wp","href":"https:\/\/api.w.org\/{rel}","templated":true}]}}