{"id":126566,"date":"2021-02-09T00:00:00","date_gmt":"2021-02-09T05:00:00","guid":{"rendered":"https:\/\/gpl-love.com\/es\/producto\/woocommerce-custom-fields\/"},"modified":"2026-04-10T11:31:50","modified_gmt":"2026-04-10T16:31:50","slug":"woocommerce-custom-fields","status":"publish","type":"product","link":"https:\/\/gpl-love.com\/es\/producto\/woocommerce-custom-fields\/","title":{"rendered":"WooCommerce Custom Fields 2.3.4"},"content":{"rendered":"<h3>WooCommerce Custom Fields Caracteristicas<\/h3>\n<p>El complemento de WooCommerce Custom Fields sirve como una herramienta invaluable para las empresas con el objetivo de elevar sus p\u00e1ginas de productos y proporcionar a los clientes una gran cantidad de informaci\u00f3n valiosa. Al brindar a los usuarios la capacidad de generar e integrar campos personalizados en sus p\u00e1ginas de productos de WooCommerce, este complemento resulta excepcionalmente ventajoso para las empresas que requieren la inclusi\u00f3n de detalles complementarios de productos que no est\u00e1n disponibles dentro de los l\u00edmites de las opciones est\u00e1ndar de WooCommerce. Con la mayor facilidad, los usuarios pueden agregar sin esfuerzo campos relacionados con las dimensiones del producto, el peso y cualquier otro datos distintivos que deseen mostrar. Adem\u00e1s, este complemento cuenta con una interfaz intuitivamente f\u00e1cil de usar, lo que lo hace navegable sin esfuerzo para personas de diversa experiencia tecnol\u00f3gica. Adem\u00e1s, la notable adaptabilidad del complemento otorga a los usuarios la libertad de adaptar los campos que armonizan con su identidad de marca y preferencias est\u00e9ticas, lo que lo hace totalmente personalizable. A la luz de estos atributos notables, es evidente que el complemento de campos personalizados de WooCommerce surge como un activo indispensable para las empresas que buscan aumentar sus p\u00e1ginas de productos y proporcionar a los clientes un repositorio mejorado de informaci\u00f3n invaluable.<\/p>\n<ul>\n<li>Permite agregar campos personalizados a productos en WooCommerce<\/li>\n<li>Admite varios tipos de entrada, como texto, desplegable, casilla de verificaci\u00f3n y m\u00e1s<\/li>\n<li>Los campos personalizados se pueden mostrar en la p\u00e1gina del producto o en las p\u00e1ginas de carrito\/pago<\/li>\n<li>Proporciona la capacidad de establecer valores predeterminados para campos personalizados<\/li>\n<li>Ofrece la opci\u00f3n de hacer que se requieran campos personalizados o opcionales<\/li>\n<li>Se puede utilizar para recopilar informaci\u00f3n adicional de los clientes durante el pago<\/li>\n<li>Proporciona la capacidad de editar campos personalizados para m\u00faltiples productos<\/li>\n<li>Admite l\u00f3gica condicional para mostrar campos personalizados basados \u200b\u200ben ciertos atributos del producto<\/li>\n<li>Compatible con extensiones y temas populares de WooCommerce<\/li>\n<li>F\u00e1cil de usar y personalizar sin necesidad de codificaci\u00f3n.<\/li>\n<\/ul>\n","protected":false},"excerpt":{"rendered":"<p>El complemento WooCommerce Custom Fields es una herramienta muy ventajosa que le permite incorporar campos suplementarios en varias secciones cruciales, a saber, sus p\u00e1ginas de productos de WooCommerce, p\u00e1gina de pago y p\u00e1gina de pedidos. Este notable complemento facilita una experiencia de usuario perfecta, cortes\u00eda de su interfaz excepcionalmente intuitiva, que le permite personalizar y adaptar el procedimiento de pago de su tienda de acuerdo con los distintos requisitos y preferencias de su negocio. Al aprovechar las notables capacidades ofrecidas por WooCommerce Custom Fields, podr\u00e1 crear y establecer campos personalizados espec\u00edficamente para las variaciones de su producto, configurar sin esfuerzo campos espec\u00edficos de productos, integrar sin problemas en los campos adicionales en los detalles de su pedido y mucho m\u00e1s. La funcionalidad incomparable de este complemento seguramente revolucionar\u00e1 y optimizar\u00e1 su proceso de pago, mejorando profundamente el viaje de compras de sus clientes estimados.<\/p>\n","protected":false},"featured_media":168087,"comment_status":"open","ping_status":"open","template":"","meta":[],"product_brand":[2339],"product_cat":[1208,1207,1206],"product_tag":[1256],"class_list":{"0":"post-126566","1":"product","2":"type-product","3":"status-publish","4":"has-post-thumbnail","6":"product_brand-codecanyon","7":"product_cat-administracion","8":"product_cat-comercio-electronico-plugins","9":"product_cat-plugins","10":"product_tag-codecanyon","11":"member-discount","12":"discount-restricted","14":"first","15":"instock","16":"sale","17":"downloadable","18":"virtual","19":"sold-individually","20":"purchasable","21":"product-type-simple"},"_links":{"self":[{"href":"https:\/\/gpl-love.com\/es\/wp-json\/wp\/v2\/product\/126566","targetHints":{"allow":["GET"]}}],"collection":[{"href":"https:\/\/gpl-love.com\/es\/wp-json\/wp\/v2\/product"}],"about":[{"href":"https:\/\/gpl-love.com\/es\/wp-json\/wp\/v2\/types\/product"}],"replies":[{"embeddable":true,"href":"https:\/\/gpl-love.com\/es\/wp-json\/wp\/v2\/comments?post=126566"}],"wp:featuredmedia":[{"embeddable":true,"href":"https:\/\/gpl-love.com\/es\/wp-json\/wp\/v2\/media\/168087"}],"wp:attachment":[{"href":"https:\/\/gpl-love.com\/es\/wp-json\/wp\/v2\/media?parent=126566"}],"wp:term":[{"taxonomy":"product_brand","embeddable":true,"href":"https:\/\/gpl-love.com\/es\/wp-json\/wp\/v2\/product_brand?post=126566"},{"taxonomy":"product_cat","embeddable":true,"href":"https:\/\/gpl-love.com\/es\/wp-json\/wp\/v2\/product_cat?post=126566"},{"taxonomy":"product_tag","embeddable":true,"href":"https:\/\/gpl-love.com\/es\/wp-json\/wp\/v2\/product_tag?post=126566"}],"curies":[{"name":"wp","href":"https:\/\/api.w.org\/{rel}","templated":true}]}}