{"id":126565,"date":"2026-03-18T00:00:00","date_gmt":"2026-03-18T05:00:00","guid":{"rendered":"https:\/\/gpl-love.com\/es\/producto\/woocommerce-currency-switcher-woocs\/"},"modified":"2026-04-10T11:31:49","modified_gmt":"2026-04-10T16:31:49","slug":"woocommerce-currency-switcher-woocs","status":"publish","type":"product","link":"https:\/\/gpl-love.com\/es\/producto\/woocommerce-currency-switcher-woocs\/","title":{"rendered":"Fox WooCommerce Currency Switcher (WOOCS) 2.4.6"},"content":{"rendered":"<h3>Fox WooCommerce Currency Switcher (WOOCS) Caracteristicas<\/h3>\n<p>El conmutador de moneda de WooCommerce, que tambi\u00e9n se conoce como WOOCS, es una herramienta incre\u00edblemente robusta que otorga a los comerciantes en l\u00ednea la capacidad de hacer una transici\u00f3n sin problemas entre m\u00faltiples monedas en su tienda WooCommerce. Ya sea que est\u00e9 involucrado en la venta de productos a clientes dispersos en diferentes regiones del mundo o simplemente desea proporcionar un encuentro de compras m\u00e1s individualizado y personalizado, WOOCS simplifica la gesti\u00f3n de varias monedas y tasas de cambio. Gracias a su interfaz f\u00e1cil de usar y su configuraci\u00f3n altamente adaptable, este complemento le brinda la oportunidad de personalizar las opciones de divisas de su tienda y exhibir los precios de una manera que se alinee de manera \u00f3ptima con los requisitos comerciales. Adem\u00e1s, cuenta con una compatibilidad absoluta con numerosos complementos y extensiones populares de WooCommerce, lo que lo convierte en un activo invaluable para cualquier propietario de una tienda en l\u00ednea que busca aumentar la experiencia general de sus clientes.<\/p>\n<ul>\n<li>Woocs es un poderoso complemento de WooCommerce que permite a los clientes cambiar entre diferentes monedas.<\/li>\n<li>Con los WOOC, los clientes pueden ver los precios de los productos en su moneda preferida, evitando la confusi\u00f3n de la conversi\u00f3n de los precios manualmente.<\/li>\n<li>WOOCS admite m\u00e1s de 200 monedas, incluidos Bitcoin y otras criptomonedas.<\/li>\n<li>El complemento detecta autom\u00e1ticamente la ubicaci\u00f3n de un cliente y establece la moneda local como predeterminada, pero los clientes pueden alternar f\u00e1cilmente a otras opciones.<\/li>\n<li>Woocs tambi\u00e9n permite que los administradores de la tienda establezcan diferentes precios para diferentes monedas, con tipos de cambio personalizables.<\/li>\n<li>El complemento se integra a la perfecci\u00f3n con WooCommerce y otros temas y complementos populares de WordPress.<\/li>\n<li>WOOCS cumple con GDPR y es totalmente receptivo para dispositivos m\u00f3viles y de tabletas.<\/li>\n<li>El complemento se actualiza regularmente con correcciones de errores y mejoras de caracter\u00edsticas, y la atenci\u00f3n al cliente est\u00e1 disponible a trav\u00e9s de un portal de soporte dedicado.<\/li>\n<\/ul>\n","protected":false},"excerpt":{"rendered":"<p>Woocs, un complemento de WooCommerce muy robusto y rico en funciones, se presenta como una soluci\u00f3n notable, que atiende las necesidades din\u00e1micas de su tienda en l\u00ednea, al permitir el cambio de divisas sin esfuerzo. Este complemento excepcional cuenta con una amplia gama de m\u00e1s de 200 monedas, lo que le permite personalizar los tipos de cambio sin esfuerzo, asegurando as\u00ed una experiencia de compra verdaderamente perfecta y mejorada para los clientes que abarcan en todo el mundo. Adem\u00e1s, esta ingeniosa herramienta ofrece una caracter\u00edstica notable, la detecci\u00f3n autom\u00e1tica de divisas, que identifica intuitivamente la ubicaci\u00f3n del usuario, lo que permite una experiencia de compra personalizada. Adem\u00e1s, WOOCS le permite la opci\u00f3n de mostrar precios inclusivos o exclusivos de impuestos, mejorando a\u00fan m\u00e1s su versatilidad. Evidentemente, los WOOC, caracterizados por su proceso de instalaci\u00f3n y configuraci\u00f3n f\u00e1cil de usar, se destaca como una herramienta indispensable, esencialmente equipar cualquier negocio global en l\u00ednea con la destreza necesaria para prosperar en la esfera digital.<\/p>\n","protected":false},"featured_media":168086,"comment_status":"open","ping_status":"open","template":"","meta":[],"product_brand":[2339],"product_cat":[1207,1248,1206],"product_tag":[1256],"class_list":{"0":"post-126565","1":"product","2":"type-product","3":"status-publish","4":"has-post-thumbnail","6":"product_brand-codecanyon","7":"product_cat-comercio-electronico-plugins","8":"product_cat-personalizacion-comercio-electronico-plugins","9":"product_cat-plugins","10":"product_tag-codecanyon","11":"member-discount","12":"discount-restricted","14":"first","15":"instock","16":"sale","17":"downloadable","18":"virtual","19":"sold-individually","20":"purchasable","21":"product-type-simple"},"_links":{"self":[{"href":"https:\/\/gpl-love.com\/es\/wp-json\/wp\/v2\/product\/126565","targetHints":{"allow":["GET"]}}],"collection":[{"href":"https:\/\/gpl-love.com\/es\/wp-json\/wp\/v2\/product"}],"about":[{"href":"https:\/\/gpl-love.com\/es\/wp-json\/wp\/v2\/types\/product"}],"replies":[{"embeddable":true,"href":"https:\/\/gpl-love.com\/es\/wp-json\/wp\/v2\/comments?post=126565"}],"wp:featuredmedia":[{"embeddable":true,"href":"https:\/\/gpl-love.com\/es\/wp-json\/wp\/v2\/media\/168086"}],"wp:attachment":[{"href":"https:\/\/gpl-love.com\/es\/wp-json\/wp\/v2\/media?parent=126565"}],"wp:term":[{"taxonomy":"product_brand","embeddable":true,"href":"https:\/\/gpl-love.com\/es\/wp-json\/wp\/v2\/product_brand?post=126565"},{"taxonomy":"product_cat","embeddable":true,"href":"https:\/\/gpl-love.com\/es\/wp-json\/wp\/v2\/product_cat?post=126565"},{"taxonomy":"product_tag","embeddable":true,"href":"https:\/\/gpl-love.com\/es\/wp-json\/wp\/v2\/product_tag?post=126565"}],"curies":[{"name":"wp","href":"https:\/\/api.w.org\/{rel}","templated":true}]}}