{"id":126564,"date":"2026-03-18T00:00:00","date_gmt":"2026-03-18T05:00:00","guid":{"rendered":"https:\/\/gpl-love.com\/es\/producto\/woocommerce-currency-converter-widget\/"},"modified":"2026-04-10T11:31:48","modified_gmt":"2026-04-10T16:31:48","slug":"woocommerce-currency-converter-widget","status":"publish","type":"product","link":"https:\/\/gpl-love.com\/es\/producto\/woocommerce-currency-converter-widget\/","title":{"rendered":"WooCommerce Currency Converter Widget 2.2.7"},"content":{"rendered":"<h3>WooCommerce Currency Converter Widget Caracteristicas<\/h3>\n<p>El widget de convertidor de divisas de WooCommerce es una herramienta extremadamente robusta y eficiente que permite a los propietarios de tiendas en l\u00ednea con la capacidad de convertir sin esfuerzo y convenientemente los precios de sus productos a una variedad de diversas monedas. Este complemento excepcional ofrece una interfaz notablemente f\u00e1cil de usar que permite a los clientes seleccionar sin esfuerzo su moneda preferida, todo lo que se integra sin problemas con el proceso de pago de la tienda. La versatilidad de este widget es realmente incomparable, ya que puede ser impecablemente personalizada y ubicada en una variedad de ubicaciones en la p\u00e1gina de la tienda, lo que garantiza una visibilidad \u00f3ptima para los clientes. Al utilizar este complemento extraordinario, los propietarios de tiendas pueden ampliar su base de clientes sin esfuerzo a escala global, lo que les permite proporcionar una experiencia de compra incomparable y sin esfuerzo para los clientes que provienen de varias regiones de todo el mundo.<\/p>\n<ul>\n<li>Convierte la moneda que se muestra a la moneda preferida del cliente<\/li>\n<li>Utiliza los tipos de cambio actuales<\/li>\n<li>Se puede colocar en cualquier \u00e1rea de widget en su tienda<\/li>\n<li>Actualiza autom\u00e1ticamente las tarifas por hora<\/li>\n<li>Muestra la bandera de divisas para mayor claridad<\/li>\n<li>Compatible con todos los temas de WooCommerce<\/li>\n<li>Configuraci\u00f3n f\u00e1cil sin codificaci\u00f3n requerida<\/li>\n<li>Opciones de color y texto altamente personalizables<\/li>\n<li>Soporte multiling\u00fce<\/li>\n<li>Funciona sin problemas con el proceso de pago de su tienda<\/li>\n<\/ul>\n","protected":false},"excerpt":{"rendered":"<p>El widget de convertidor de moneda de WooCommerce, que es una herramienta indispensable para cualquier plataforma de comercio electr\u00f3nico, ofrece una variedad de beneficios. Al incorporar este widget en su tienda en l\u00ednea, los clientes pueden convertir sin esfuerzo los precios de los productos en su moneda local preferida con un mero clic. La integraci\u00f3n de este widget con su tienda WooCommerce garantiza un proceso suave y sin problemas, ya que discerne autom\u00e1ticamente la ubicaci\u00f3n geogr\u00e1fica del cliente y exhibe r\u00e1pidamente la moneda correspondiente. En consecuencia, este esfuerzo optimiza significativamente la experiencia de compra para los clientes y, a su vez, mejora la probabilidad de conversiones, contribuyendo en \u00faltima instancia a las ventas amplificadas para su negocio. Por lo tanto, no hay necesidad de retraso: aprovecha la oportunidad de emplear el notable widget de convertidor de moneda de WooCommerce hoy y impulsar su tienda en l\u00ednea a alturas sin precedentes.<\/p>\n","protected":false},"featured_media":168085,"comment_status":"open","ping_status":"open","template":"","meta":[],"product_brand":[2344],"product_cat":[1208,1207,1206],"product_tag":[1423],"class_list":{"0":"post-126564","1":"product","2":"type-product","3":"status-publish","4":"has-post-thumbnail","6":"product_brand-woocommerce","7":"product_cat-administracion","8":"product_cat-comercio-electronico-plugins","9":"product_cat-plugins","10":"product_tag-woocommerce","11":"member-discount","12":"discount-restricted","14":"first","15":"instock","16":"sale","17":"downloadable","18":"virtual","19":"sold-individually","20":"purchasable","21":"product-type-simple"},"_links":{"self":[{"href":"https:\/\/gpl-love.com\/es\/wp-json\/wp\/v2\/product\/126564","targetHints":{"allow":["GET"]}}],"collection":[{"href":"https:\/\/gpl-love.com\/es\/wp-json\/wp\/v2\/product"}],"about":[{"href":"https:\/\/gpl-love.com\/es\/wp-json\/wp\/v2\/types\/product"}],"replies":[{"embeddable":true,"href":"https:\/\/gpl-love.com\/es\/wp-json\/wp\/v2\/comments?post=126564"}],"wp:featuredmedia":[{"embeddable":true,"href":"https:\/\/gpl-love.com\/es\/wp-json\/wp\/v2\/media\/168085"}],"wp:attachment":[{"href":"https:\/\/gpl-love.com\/es\/wp-json\/wp\/v2\/media?parent=126564"}],"wp:term":[{"taxonomy":"product_brand","embeddable":true,"href":"https:\/\/gpl-love.com\/es\/wp-json\/wp\/v2\/product_brand?post=126564"},{"taxonomy":"product_cat","embeddable":true,"href":"https:\/\/gpl-love.com\/es\/wp-json\/wp\/v2\/product_cat?post=126564"},{"taxonomy":"product_tag","embeddable":true,"href":"https:\/\/gpl-love.com\/es\/wp-json\/wp\/v2\/product_tag?post=126564"}],"curies":[{"name":"wp","href":"https:\/\/api.w.org\/{rel}","templated":true}]}}