{"id":126563,"date":"2026-03-08T00:00:00","date_gmt":"2026-03-08T05:00:00","guid":{"rendered":"https:\/\/gpl-love.com\/es\/producto\/woocommerce-coupon-referral-program\/"},"modified":"2026-04-10T11:31:47","modified_gmt":"2026-04-10T16:31:47","slug":"woocommerce-coupon-referral-program","status":"publish","type":"product","link":"https:\/\/gpl-love.com\/es\/producto\/woocommerce-coupon-referral-program\/","title":{"rendered":"WooCommerce Coupon Referral Program 1.8.6"},"content":{"rendered":"<h3>WooCommerce Coupon Referral Program Caracteristicas<\/h3>\n<p>El programa de referencia de cup\u00f3n de WooCommerce, una herramienta de marketing altamente efectiva, permite a los propietarios de tiendas en l\u00ednea motivar a sus clientes a recomendar nuevos clientes a su tienda. Este programa ofrece un m\u00e9todo f\u00e1cil de usar para que los clientes difundan sus enlaces de referencia a trav\u00e9s de las redes sociales, el correo electr\u00f3nico o incluso directamente a conocidos y familiares. Tras la compra de un nuevo cliente a trav\u00e9s de un enlace de referencia, tanto el individuo referido como el referencia individual son recompensados \u200b\u200bcon un cup\u00f3n de descuento. Adem\u00e1s, este programa equipa a los propietarios de tiendas con an\u00e1lisis extensos, facilitando el monitoreo y la evaluaci\u00f3n de la eficacia del programa de referencia. Con la implementaci\u00f3n de este programa, los propietarios de tiendas pueden expandir su base de clientes, aumentar las ventas y fortalecer su relaci\u00f3n con su clientela.<\/p>\n<ul>\n<li>Cree f\u00e1cilmente programas de referencia para su tienda WooCommerce utilizando cupones<\/li>\n<li>Anime a sus clientes a referir a sus amigos y familiares, y recompensarlos por hacerlo<\/li>\n<li>Elija el tipo de cup\u00f3n (porcentaje o monto fijo) y el monto de descuento para el programa de referencia<\/li>\n<li>Realice el rendimiento de su programa de referencia con informes detallados y an\u00e1lisis<\/li>\n<li>Personalice el programa de referencia para que se ajuste a la est\u00e9tica de su marca con herramientas de dise\u00f1o f\u00e1ciles de usar<\/li>\n<li>Establezca reglas y restricciones para el programa de referencia, como montos m\u00ednimos de compra, fechas de vencimiento y l\u00edmites de uso<\/li>\n<li>Integre el programa de referencia con sus campa\u00f1as de marketing por correo electr\u00f3nico para llegar a un p\u00fablico m\u00e1s amplio.<\/li>\n<\/ul>\n","protected":false},"excerpt":{"rendered":"<p>El programa de referencia de cup\u00f3n de WooCommerce, una herramienta de marketing altamente efectiva, le ofrece la oportunidad de motivar a sus clientes a correr la voz sobre su tienda a sus conocidos y seres queridos. Este programa le permite crear c\u00f3digos de referencia exclusivos que sus clientes puedan distribuir dentro de sus c\u00edrculos sociales y, como resultado, son recompensados \u200b\u200bcon un descuento en su pr\u00f3xima compra. Como propietario de la tienda, tiene la capacidad de monitorear el triunfo de su programa de referencia y adaptar sus t\u00e1cticas de marketing en consecuencia. Al aprovechar el poder del programa de referencia de cup\u00f3n de WooCommerce, puede elevar el reconocimiento de su marca, atraer a la clientela fresca y finalmente aumentar sus cifras de ventas.<\/p>\n","protected":false},"featured_media":168084,"comment_status":"open","ping_status":"open","template":"","meta":[],"product_brand":[2344],"product_cat":[1207,1225,1206],"product_tag":[1423],"class_list":{"0":"post-126563","1":"product","2":"type-product","3":"status-publish","4":"has-post-thumbnail","6":"product_brand-woocommerce","7":"product_cat-comercio-electronico-plugins","8":"product_cat-marketing","9":"product_cat-plugins","10":"product_tag-woocommerce","11":"member-discount","12":"discount-restricted","14":"first","15":"instock","16":"sale","17":"downloadable","18":"virtual","19":"sold-individually","20":"purchasable","21":"product-type-simple"},"_links":{"self":[{"href":"https:\/\/gpl-love.com\/es\/wp-json\/wp\/v2\/product\/126563","targetHints":{"allow":["GET"]}}],"collection":[{"href":"https:\/\/gpl-love.com\/es\/wp-json\/wp\/v2\/product"}],"about":[{"href":"https:\/\/gpl-love.com\/es\/wp-json\/wp\/v2\/types\/product"}],"replies":[{"embeddable":true,"href":"https:\/\/gpl-love.com\/es\/wp-json\/wp\/v2\/comments?post=126563"}],"wp:featuredmedia":[{"embeddable":true,"href":"https:\/\/gpl-love.com\/es\/wp-json\/wp\/v2\/media\/168084"}],"wp:attachment":[{"href":"https:\/\/gpl-love.com\/es\/wp-json\/wp\/v2\/media?parent=126563"}],"wp:term":[{"taxonomy":"product_brand","embeddable":true,"href":"https:\/\/gpl-love.com\/es\/wp-json\/wp\/v2\/product_brand?post=126563"},{"taxonomy":"product_cat","embeddable":true,"href":"https:\/\/gpl-love.com\/es\/wp-json\/wp\/v2\/product_cat?post=126563"},{"taxonomy":"product_tag","embeddable":true,"href":"https:\/\/gpl-love.com\/es\/wp-json\/wp\/v2\/product_tag?post=126563"}],"curies":[{"name":"wp","href":"https:\/\/api.w.org\/{rel}","templated":true}]}}