{"id":126562,"date":"2026-03-08T00:00:00","date_gmt":"2026-03-08T05:00:00","guid":{"rendered":"https:\/\/gpl-love.com\/es\/producto\/woocommerce-coupon-campaigns\/"},"modified":"2026-04-10T11:31:47","modified_gmt":"2026-04-10T16:31:47","slug":"woocommerce-coupon-campaigns","status":"publish","type":"product","link":"https:\/\/gpl-love.com\/es\/producto\/woocommerce-coupon-campaigns\/","title":{"rendered":"WooCommerce Coupon Campaigns 1.2.33"},"content":{"rendered":"<h3>WooCommerce Coupon Campaigns Caracteristicas<\/h3>\n<p>Las campa\u00f1as de cup\u00f3n de WooCommerce, una herramienta robusta dise\u00f1ada para empresas en l\u00ednea que buscan mejorar sus ventas y fomentar la lealtad del cliente, demuestra ser un activo invaluable. Al emplear este complemento, los comerciantes pueden generar y supervisar sin esfuerzo campa\u00f1as de cup\u00f3n personalizadas para otorgar a sus clientes varios incentivos, como descuentos, env\u00edo de cortes\u00eda y otros beneficios atractivos. El complemento ofrece una gran cantidad de caracter\u00edsticas vers\u00e1tiles, lo que permite a los comerciantes establecer valores de cup\u00f3n, determinar fechas espec\u00edficas de validez, imponer l\u00edmites de uso y mucho m\u00e1s. Adem\u00e1s, los comerciantes pueden discernir el rendimiento de la campa\u00f1a mediante an\u00e1lisis e informes integrales, lo que les permite optimizar sus estrategias y maximizar sus retornos de inversi\u00f3n. Ya sea que se encuentre en embarcarse en un lanzamiento de productos, esforzarse por despejar su inventario o desear recompensar a su clientela dedicada, las campa\u00f1as de cup\u00f3n de WooCommerce presenta una soluci\u00f3n directa y eficaz para reforzar sus ingresos y estimular la participaci\u00f3n del cliente.<\/p>\n<ul>\n<li>Crear y administrar f\u00e1cilmente campa\u00f1as de cup\u00f3n para su tienda WooCommerce<\/li>\n<li>Establezca c\u00f3digos de cup\u00f3n y descuentos personalizados para productos, categor\u00edas o totales de carritos espec\u00edficos<\/li>\n<li>Programe campa\u00f1as para funcionar para fechas y tiempos espec\u00edficos<\/li>\n<li>Realice el rendimiento de sus campa\u00f1as de cup\u00f3n con Analytics Advanced<\/li>\n<li>Env\u00ede autom\u00e1ticamente correos electr\u00f3nicos para notificar a los clientes sobre sus c\u00f3digos de cup\u00f3n<\/li>\n<li>Aumentar la retenci\u00f3n de los clientes y fomentar las compras repetidas con promociones espec\u00edficas<\/li>\n<li>Integre perfectamente con su tienda WooCommerce existente y pasarela de pago<\/li>\n<li>Ahorre tiempo y esfuerzo con una interfaz f\u00e1cil e intuitiva<\/li>\n<li>Administre de forma segura sus campa\u00f1as de cup\u00f3n con caracter\u00edsticas de seguridad s\u00f3lidas<\/li>\n<li>Beneficiarse de las actualizaciones y el apoyo continuos para garantizar que sus campa\u00f1as de cup\u00f3n se mantengan efectivas y actualizadas.<\/li>\n<\/ul>\n","protected":false},"excerpt":{"rendered":"<p>\u00a1Lleve las ventas de su tienda WooCommerce al siguiente nivel con nuestro complemento de campa\u00f1as de cup\u00f3n altamente efectivo! Nuestra plataforma f\u00e1cil de usar le brinda la incre\u00edble capacidad de crear y administrar sin esfuerzo campa\u00f1as de cup\u00f3n personalizadas, dise\u00f1adas estrat\u00e9gicamente para incentivar a los clientes y alentarlos a realizar m\u00e1s compras en su tienda. Posee la capacidad de determinar personalmente los descuentos, las fechas de vencimiento, los requisitos m\u00ednimos de compra y otros factores, lo que garantiza que sus esfuerzos promocionales se adapten perfectamente a las necesidades distintas de su negocio \u00fanico. Adem\u00e1s, nuestro complemento excepcional se integra perfectamente con su tienda WooCommerce, asegurando un proceso de gesti\u00f3n y configuraci\u00f3n sin problemas para sus campa\u00f1as. \u00a1Eleve sus cifras de ventas y cultive una devota base de clientes con las extraordinarias campa\u00f1as de cup\u00f3n!<\/p>\n","protected":false},"featured_media":168083,"comment_status":"open","ping_status":"open","template":"","meta":[],"product_brand":[2344],"product_cat":[1207,1225,1206],"product_tag":[1423],"class_list":{"0":"post-126562","1":"product","2":"type-product","3":"status-publish","4":"has-post-thumbnail","6":"product_brand-woocommerce","7":"product_cat-comercio-electronico-plugins","8":"product_cat-marketing","9":"product_cat-plugins","10":"product_tag-woocommerce","11":"member-discount","12":"discount-restricted","14":"first","15":"instock","16":"sale","17":"downloadable","18":"virtual","19":"sold-individually","20":"purchasable","21":"product-type-simple"},"_links":{"self":[{"href":"https:\/\/gpl-love.com\/es\/wp-json\/wp\/v2\/product\/126562","targetHints":{"allow":["GET"]}}],"collection":[{"href":"https:\/\/gpl-love.com\/es\/wp-json\/wp\/v2\/product"}],"about":[{"href":"https:\/\/gpl-love.com\/es\/wp-json\/wp\/v2\/types\/product"}],"replies":[{"embeddable":true,"href":"https:\/\/gpl-love.com\/es\/wp-json\/wp\/v2\/comments?post=126562"}],"wp:featuredmedia":[{"embeddable":true,"href":"https:\/\/gpl-love.com\/es\/wp-json\/wp\/v2\/media\/168083"}],"wp:attachment":[{"href":"https:\/\/gpl-love.com\/es\/wp-json\/wp\/v2\/media?parent=126562"}],"wp:term":[{"taxonomy":"product_brand","embeddable":true,"href":"https:\/\/gpl-love.com\/es\/wp-json\/wp\/v2\/product_brand?post=126562"},{"taxonomy":"product_cat","embeddable":true,"href":"https:\/\/gpl-love.com\/es\/wp-json\/wp\/v2\/product_cat?post=126562"},{"taxonomy":"product_tag","embeddable":true,"href":"https:\/\/gpl-love.com\/es\/wp-json\/wp\/v2\/product_tag?post=126562"}],"curies":[{"name":"wp","href":"https:\/\/api.w.org\/{rel}","templated":true}]}}