{"id":126561,"date":"2025-12-18T00:00:00","date_gmt":"2025-12-18T05:00:00","guid":{"rendered":"https:\/\/gpl-love.com\/es\/producto\/woocommerce-cost-of-goods\/"},"modified":"2026-03-09T08:21:02","modified_gmt":"2026-03-09T13:21:02","slug":"woocommerce-cost-of-goods","status":"publish","type":"product","link":"https:\/\/gpl-love.com\/es\/producto\/woocommerce-cost-of-goods\/","title":{"rendered":"WooCommerce Cost of Goods 2.15.1"},"content":{"rendered":"<h3>WooCommerce Cost of Goods Caracteristicas<\/h3>\n<p>El complemento de costo de bienes de WooCommerce es una herramienta incre\u00edblemente robusta que le otorga la capacidad de monitorear y manejar con precisi\u00f3n los costos de su producto directamente desde su tienda WooCommerce. Al utilizar este complemento, puede acceder y evaluar sin esfuerzo el costo de los bienes para cada producto individual, establecer los m\u00e1rgenes de ganancias deseados y calcular con precisi\u00f3n sus ganancias generales. Adem\u00e1s, ofrece informes extensos e integrales que le proporcionan informaci\u00f3n valiosa para evaluar sus ventas y gastos, lo que finalmente lo ayuda a tomar decisiones comerciales bien informadas y estrat\u00e9gicas. Sin lugar a dudas, este complemento es un activo indispensable para cualquier propietario de la tienda en l\u00ednea que desee optimizar sus procesos de gesti\u00f3n de inventario y optimizar sus ganancias al m\u00e1ximo. Al implementar el complemento de costo de bienes de WooCommerce, se har\u00e1 cargo efectivamente de los aspectos financieros de su empresa y, sin duda, lograr\u00e1 un \u00e9xito incomparable en el amplio y competitivo mercado en l\u00ednea.<\/p>\n<ul>\n<li>\u25cf An\u00e1lisis detallado del costo del producto y la rentabilidad en WooCommerce<\/li>\n<li>\u25cf Ver el costo de los bienes para productos individuales o variaciones de SKU<\/li>\n<li>\u25cf Capacidad para ver el costo total de los bienes vendidos por rangos de fecha especificados<\/li>\n<li>\u25cf Calcule los m\u00e1rgenes de beneficio y las estrategias de fijaci\u00f3n de precios establecidas basadas en el an\u00e1lisis de costos<\/li>\n<li>\u25cf Importar\/exportar f\u00e1cilmente datos de costos para actualizaciones de productos a granel<\/li>\n<li>\u25cf Compatible con extensiones populares como complementos de productos y suscripciones<\/li>\n<li>\u25cf Integraci\u00f3n con software de contabilidad popular como QuickBooks y Xero<\/li>\n<li>\u25cf Acceso a soporte y actualizaciones premium con una licencia v\u00e1lida.<\/li>\n<\/ul>\n","protected":false},"excerpt":{"rendered":"<p>El complemento de costo de bienes de WooCommerce es una herramienta indispensable para los propietarios de tiendas en l\u00ednea que desean monitorear y regular efectivamente los costos de sus productos. Esta herramienta notablemente potente otorga informaci\u00f3n completa sobre los gastos asociados con los bienes vendidos, lo que le permite hacer determinaciones bien informadas con respecto a las estrategias de precios y la gesti\u00f3n de inventario. Al ejecutar sin esfuerzo unos pocos clics, puede calcular sin esfuerzo m\u00e1rgenes de ganancias precisos, analizar las desgloses de costos por producto y por categor\u00eda, e integrar sin problemas esta herramienta con otras aplicaciones de software de contabilidad ampliamente utilizadas. Agilice los aspectos operativos de su empresa comercial y optimice su potencial de generaci\u00f3n de ingresos aprovechando las capacidades formidables del costo de los bienes de WooCommerce.<\/p>\n","protected":false},"featured_media":168082,"comment_status":"open","ping_status":"open","template":"","meta":[],"product_brand":[2344],"product_cat":[1208,1207,1206],"product_tag":[1423],"class_list":{"0":"post-126561","1":"product","2":"type-product","3":"status-publish","4":"has-post-thumbnail","6":"product_brand-woocommerce","7":"product_cat-administracion","8":"product_cat-comercio-electronico-plugins","9":"product_cat-plugins","10":"product_tag-woocommerce","11":"member-discount","12":"discount-restricted","14":"first","15":"instock","16":"sale","17":"downloadable","18":"virtual","19":"sold-individually","20":"purchasable","21":"product-type-simple"},"_links":{"self":[{"href":"https:\/\/gpl-love.com\/es\/wp-json\/wp\/v2\/product\/126561","targetHints":{"allow":["GET"]}}],"collection":[{"href":"https:\/\/gpl-love.com\/es\/wp-json\/wp\/v2\/product"}],"about":[{"href":"https:\/\/gpl-love.com\/es\/wp-json\/wp\/v2\/types\/product"}],"replies":[{"embeddable":true,"href":"https:\/\/gpl-love.com\/es\/wp-json\/wp\/v2\/comments?post=126561"}],"wp:featuredmedia":[{"embeddable":true,"href":"https:\/\/gpl-love.com\/es\/wp-json\/wp\/v2\/media\/168082"}],"wp:attachment":[{"href":"https:\/\/gpl-love.com\/es\/wp-json\/wp\/v2\/media?parent=126561"}],"wp:term":[{"taxonomy":"product_brand","embeddable":true,"href":"https:\/\/gpl-love.com\/es\/wp-json\/wp\/v2\/product_brand?post=126561"},{"taxonomy":"product_cat","embeddable":true,"href":"https:\/\/gpl-love.com\/es\/wp-json\/wp\/v2\/product_cat?post=126561"},{"taxonomy":"product_tag","embeddable":true,"href":"https:\/\/gpl-love.com\/es\/wp-json\/wp\/v2\/product_tag?post=126561"}],"curies":[{"name":"wp","href":"https:\/\/api.w.org\/{rel}","templated":true}]}}