{"id":126560,"date":"2025-09-06T00:00:00","date_gmt":"2025-09-06T05:00:00","guid":{"rendered":"https:\/\/gpl-love.com\/es\/producto\/woocommerce-conversion-tracking-pro\/"},"modified":"2026-04-10T11:31:46","modified_gmt":"2026-04-10T16:31:46","slug":"woocommerce-conversion-tracking-pro","status":"publish","type":"product","link":"https:\/\/gpl-love.com\/es\/producto\/woocommerce-conversion-tracking-pro\/","title":{"rendered":"WooCommerce Conversion Tracking Pro 1.1.2"},"content":{"rendered":"<h3>WooCommerce Conversion Tracking Pro Caracteristicas<\/h3>\n<p>WooCommerce Conversion Tracking Pro, una herramienta muy potente dise\u00f1ada para empresas que utilizan WooCommerce, ofrece una variedad de funcionalidades que van m\u00e1s all\u00e1 de lo ordinario. Al emplear este complemento, las empresas pueden monitorear y evaluar de manera efectiva la eficacia de sus campa\u00f1as de marketing, lo que las empodera para tomar decisiones informadas y mejorar su rendimiento general. Este notable complemento proporciona a las empresas con informaci\u00f3n integral e intrincada sobre las tasas de conversi\u00f3n, la generaci\u00f3n de ingresos y el comportamiento del cliente, equip\u00e1ndolos con los medios para refinar y optimizar sus estrategias de marketing, lo que finalmente resulta en un aumento sustancial en las cifras de ventas. Con una interfaz f\u00e1cil de usar y la provisi\u00f3n de datos en tiempo real, esta herramienta indispensable se ha convertido en una imprescindible absoluta para cualquier negocio que desee florecer y prosperar en medio de la competencia cuthroat del mercado actual. Con la adopci\u00f3n de WooCommerce Conversion Tracking Pro, las empresas pueden elevar sus esfuerzos de comercio electr\u00f3nico a alturas sin precedentes y lograr resultados realmente notables e impresionantes.<\/p>\n<ul>\n<li>Seguimiento de conversi\u00f3n en tiempo real para las tiendas WooCommerce<\/li>\n<li>Rastrea con precisi\u00f3n todas las transacciones, incluidas las compras de productos y las acciones de carrito abandonado.<\/li>\n<li>Proporciona informaci\u00f3n detallada e informes sobre las tasas de conversi\u00f3n, los ingresos y el comportamiento del cliente.<\/li>\n<li>Se integra con Google Analytics para un seguimiento e informes sin problemas<\/li>\n<li>Se requieren habilidades de codificaci\u00f3n f\u00e1ciles de instalar y configurar<\/li>\n<li>Puede rastrear m\u00faltiples canales de ventas, incluidas campa\u00f1as de correo electr\u00f3nico y programas de referencia.<\/li>\n<li>Ofrece opciones de seguimiento personalizables para satisfacer necesidades y objetivos comerciales espec\u00edficos<\/li>\n<li>Ayuda a identificar \u00e1reas de mejora y optimizaci\u00f3n en estrategias de ventas y marketing.<\/li>\n<li>Compatible con todos los temas y complementos principales para WooCommerce<\/li>\n<li>Proporciona atenci\u00f3n al cliente sobresaliente y actualizaciones regulares de software.<\/li>\n<\/ul>\n","protected":false},"excerpt":{"rendered":"<p>WooCommerce Conversion Tracking Pro, un complemento especializado y sofisticado meticulosamente elaborado para las tiendas WooCommerce, ofrece una soluci\u00f3n incomparable para un seguimiento integral de conversi\u00f3n. Monitoree y analice sin esfuerzo todos sus datos de ventas y conversi\u00f3n en l\u00ednea con la mayor comodidad y precisi\u00f3n utilizando este complemento notable. Obtenga informaci\u00f3n valiosa sobre la informaci\u00f3n de pedido, los datos de los clientes e incluso los datos de los carritos abandonados, proporcionando asistencia invaluable para refinar su embudo de ventas y aumentar las tasas de conversi\u00f3n. La integraci\u00f3n perfecta de este complemento con su tienda WooCommerce garantiza un proceso de instalaci\u00f3n sin problemas. Desbloquee el potencial de anal\u00edticos detallados, lo que le permite optimizar sus esfuerzos de marketing para resultados superiores, cortes\u00eda del notable PRO de seguimiento de conversi\u00f3n de WooCommerce.<\/p>\n","protected":false},"featured_media":168081,"comment_status":"open","ping_status":"open","template":"","meta":[],"product_brand":[2339],"product_cat":[1208,1207,1206],"product_tag":[1256],"class_list":{"0":"post-126560","1":"product","2":"type-product","3":"status-publish","4":"has-post-thumbnail","6":"product_brand-codecanyon","7":"product_cat-administracion","8":"product_cat-comercio-electronico-plugins","9":"product_cat-plugins","10":"product_tag-codecanyon","11":"member-discount","12":"discount-restricted","14":"first","15":"instock","16":"sale","17":"downloadable","18":"virtual","19":"sold-individually","20":"purchasable","21":"product-type-simple"},"_links":{"self":[{"href":"https:\/\/gpl-love.com\/es\/wp-json\/wp\/v2\/product\/126560","targetHints":{"allow":["GET"]}}],"collection":[{"href":"https:\/\/gpl-love.com\/es\/wp-json\/wp\/v2\/product"}],"about":[{"href":"https:\/\/gpl-love.com\/es\/wp-json\/wp\/v2\/types\/product"}],"replies":[{"embeddable":true,"href":"https:\/\/gpl-love.com\/es\/wp-json\/wp\/v2\/comments?post=126560"}],"wp:featuredmedia":[{"embeddable":true,"href":"https:\/\/gpl-love.com\/es\/wp-json\/wp\/v2\/media\/168081"}],"wp:attachment":[{"href":"https:\/\/gpl-love.com\/es\/wp-json\/wp\/v2\/media?parent=126560"}],"wp:term":[{"taxonomy":"product_brand","embeddable":true,"href":"https:\/\/gpl-love.com\/es\/wp-json\/wp\/v2\/product_brand?post=126560"},{"taxonomy":"product_cat","embeddable":true,"href":"https:\/\/gpl-love.com\/es\/wp-json\/wp\/v2\/product_cat?post=126560"},{"taxonomy":"product_tag","embeddable":true,"href":"https:\/\/gpl-love.com\/es\/wp-json\/wp\/v2\/product_tag?post=126560"}],"curies":[{"name":"wp","href":"https:\/\/api.w.org\/{rel}","templated":true}]}}