{"id":126559,"date":"2022-02-17T00:00:00","date_gmt":"2022-02-17T05:00:00","guid":{"rendered":"https:\/\/gpl-love.com\/es\/producto\/woocommerce-constant-contact-integration\/"},"modified":"2026-04-10T11:31:45","modified_gmt":"2026-04-10T16:31:45","slug":"woocommerce-constant-contact-integration","status":"publish","type":"product","link":"https:\/\/gpl-love.com\/es\/producto\/woocommerce-constant-contact-integration\/","title":{"rendered":"WooCommerce Constant Contact Integration 1.12.0"},"content":{"rendered":"<h3>WooCommerce Constant Contact Integration Caracteristicas<\/h3>\n<p>La integraci\u00f3n de contacto constante de WooCommerce es una herramienta extremadamente potente que impecablemente establece una conexi\u00f3n perfecta entre su tienda en l\u00ednea de WooCommerce y su campa\u00f1a de marketing por correo electr\u00f3nico de contacto constante. Esta integraci\u00f3n altamente sofisticada le brinda la capacidad incomparable para sincronizar sin esfuerzo sus valiosos datos, informaci\u00f3n del producto y detalles del pedido entre estas dos plataformas excepcionales. Al aprovechar esta integraci\u00f3n, puede dise\u00f1ar y ejecutar sin esfuerzo campa\u00f1as de marketing por correo electr\u00f3nico centradas en el l\u00e1ser, lo que le permite dispensar correos electr\u00f3nicos personalizados y a medida a sus estimados clientes, lo que a su vez aumentar\u00eda indudablemente su estrategia de marketing general con un \u00e9xito resonante. Al racionalizar y armonizar efectivamente sus m\u00faltiples esfuerzos de marketing por correo electr\u00f3nico, podr\u00eda mejorar e intensificar la participaci\u00f3n del cliente a niveles sin precedentes, al tiempo que amplifica simult\u00e1neamente sus cifras de ventas y impulsar su negocio hacia alturas de prosperidad sin precedentes. Con la prodigiosa integraci\u00f3n de contacto constante de WooCommerce, estar\u00eda dotado de un arsenal inmejorable de herramientas y recursos para administrar y administrar con habilidad su tienda en l\u00ednea y sus campa\u00f1as de correo electr\u00f3nico meticulosamente elaboradas con un grado incomparable de conveniencia, eficiencia y eficacia.<\/p>\n<ul>\n<li>Conecta a la perfecci\u00f3n su tienda WooCommerce con una plataforma de marketing de correo electr\u00f3nico de contacto constante<\/li>\n<li>Automatizar campa\u00f1as de correo electr\u00f3nico basadas en el comportamiento del cliente y el historial de compras<\/li>\n<li>Sincrita la informaci\u00f3n, los pedidos y los productos del cliente de WooCommerce al contacto constante<\/li>\n<li>Permite la segmentaci\u00f3n de la lista y el marketing por correo electr\u00f3nico dirigido<\/li>\n<li>Rastrea el rendimiento de la campa\u00f1a del correo electr\u00f3nico con an\u00e1lisis detallados e informes<\/li>\n<li>Ahorra tiempo y esfuerzo eliminando la necesidad de entrada y gesti\u00f3n de datos manuales<\/li>\n<li>Aumenta la participaci\u00f3n y la lealtad del cliente a trav\u00e9s de comunicaciones personalizadas y relevantes de marketing por correo electr\u00f3nico<\/li>\n<li>Ofrece plantillas de correo electr\u00f3nico personalizables y editor de correo electr\u00f3nico de arrastrar y soltar para un f\u00e1cil dise\u00f1o e implementaci\u00f3n<\/li>\n<li>Proporciona una integraci\u00f3n confiable y segura con una gu\u00eda de usuario integral y atenci\u00f3n al cliente<\/li>\n<\/ul>\n","protected":false},"excerpt":{"rendered":"<p>La entrada: la integraci\u00f3n de contacto constante de WooCommerce es una herramienta incre\u00edblemente robusta y din\u00e1mica que combina perfectamente su tienda WooCommerce con contacto constante, proporcionando la capacidad excepcional de supervisar sin esfuerzo y regular sus campa\u00f1as de marketing por correo electr\u00f3nico. En virtud de esta notable integraci\u00f3n, posee la notable capacidad de incorporar los datos de los clientes sin esfuerzo y autom\u00e1ticamente en sus listas de correo electr\u00f3nico, elaborar campa\u00f1as meticulosamente adaptadas y monitorear meticulosamente las tasas de conversi\u00f3n de correo electr\u00f3nico directamente desde su tablero de WooCommerce. Ac\u00e9tate a la ardua tarea de ingresar datos manualmente y regocijarse en el advenimiento de esfuerzos de marketing por correo electr\u00f3nico significativamente m\u00e1s productivos cortes\u00eda de la extraordinaria aportaci\u00f3n: integraci\u00f3n de contacto constante de WooCommerce.<\/p>\n","protected":false},"featured_media":168080,"comment_status":"open","ping_status":"open","template":"","meta":[],"product_brand":[2344],"product_cat":[1207,1225,1206],"product_tag":[1423],"class_list":{"0":"post-126559","1":"product","2":"type-product","3":"status-publish","4":"has-post-thumbnail","6":"product_brand-woocommerce","7":"product_cat-comercio-electronico-plugins","8":"product_cat-marketing","9":"product_cat-plugins","10":"product_tag-woocommerce","11":"member-discount","12":"discount-restricted","14":"first","15":"instock","16":"sale","17":"downloadable","18":"virtual","19":"sold-individually","20":"purchasable","21":"product-type-simple"},"_links":{"self":[{"href":"https:\/\/gpl-love.com\/es\/wp-json\/wp\/v2\/product\/126559","targetHints":{"allow":["GET"]}}],"collection":[{"href":"https:\/\/gpl-love.com\/es\/wp-json\/wp\/v2\/product"}],"about":[{"href":"https:\/\/gpl-love.com\/es\/wp-json\/wp\/v2\/types\/product"}],"replies":[{"embeddable":true,"href":"https:\/\/gpl-love.com\/es\/wp-json\/wp\/v2\/comments?post=126559"}],"wp:featuredmedia":[{"embeddable":true,"href":"https:\/\/gpl-love.com\/es\/wp-json\/wp\/v2\/media\/168080"}],"wp:attachment":[{"href":"https:\/\/gpl-love.com\/es\/wp-json\/wp\/v2\/media?parent=126559"}],"wp:term":[{"taxonomy":"product_brand","embeddable":true,"href":"https:\/\/gpl-love.com\/es\/wp-json\/wp\/v2\/product_brand?post=126559"},{"taxonomy":"product_cat","embeddable":true,"href":"https:\/\/gpl-love.com\/es\/wp-json\/wp\/v2\/product_cat?post=126559"},{"taxonomy":"product_tag","embeddable":true,"href":"https:\/\/gpl-love.com\/es\/wp-json\/wp\/v2\/product_tag?post=126559"}],"curies":[{"name":"wp","href":"https:\/\/api.w.org\/{rel}","templated":true}]}}