{"id":126557,"date":"2026-03-18T00:00:00","date_gmt":"2026-03-18T05:00:00","guid":{"rendered":"https:\/\/gpl-love.com\/es\/producto\/woocommerce-conditional-content\/"},"modified":"2026-04-10T11:31:43","modified_gmt":"2026-04-10T16:31:43","slug":"woocommerce-conditional-content","status":"publish","type":"product","link":"https:\/\/gpl-love.com\/es\/producto\/woocommerce-conditional-content\/","title":{"rendered":"WooCommerce Conditional Content 2.3.9"},"content":{"rendered":"<h3>WooCommerce Conditional Content Caracteristicas<\/h3>\n<p>El contenido condicional de WooCommerce emerge como un complemento extremadamente potente que dotan a los propietarios de tiendas en l\u00ednea con la capacidad de producir contenido personalizado y dirigido para su clientela dependiendo de condiciones espec\u00edficas. En virtud de este complemento, se puede fabricar mensajes, promociones y ofertas especiales sin esfuerzo que se adaptan meticulosamente a las preferencias y comportamientos de sus estimados clientes. Adem\u00e1s, este complemento tambi\u00e9n se puede emplear para limitar el acceso al contenido en correspondencia con roles de usuario, historial de compras u otros campos a medida. Notablemente flexible y f\u00e1cil de usar, este complemento muestra una interfaz simplista de arrastrar y soltar, lo que permite a uno establecer reglas y condiciones en cuesti\u00f3n de segundos. En esencia, el contenido condicional de WooCommerce es un instrumento indispensable para todos y cada uno de los propietarios de tiendas en l\u00ednea que aspiran a aumentar las tasas de participaci\u00f3n y conversi\u00f3n de sus clientes.<\/p>\n<ul>\n<li>Ofrece la capacidad de mostrar diferentes contenidos a los clientes en funci\u00f3n de las condiciones predefinidas<\/li>\n<li>Permite mensajes espec\u00edficos y oportunidades de promoci\u00f3n<\/li>\n<li>El contenido condicional puede basarse en una variedad de par\u00e1metros, como rol de usuario, categor\u00eda de productos, historial de compras y m\u00e1s<\/li>\n<li>Proporciona una soluci\u00f3n flexible y personalizable para entregar contenido \u00fanico a audiencias espec\u00edficas<\/li>\n<li>Funciona sin problemas con WooCommerce, la plataforma de comercio electr\u00f3nico l\u00edder para WordPress<\/li>\n<li>F\u00e1cil de configurar y usar con una interfaz f\u00e1cil de usar<\/li>\n<li>Mejora la experiencia general del usuario y puede conducir a un mayor compromiso y ventas<\/li>\n<li>Compatible con una amplia gama de temas y complementos para la m\u00e1xima flexibilidad<\/li>\n<li>Actualizaciones y soporte peri\u00f3dicos Aseg\u00farese de que el producto se mantenga actualizado con las \u00faltimas tendencias y mejores pr\u00e1cticas de comercio electr\u00f3nico<\/li>\n<li>Las opciones de precios asequibles lo hacen accesible para empresas de todos los tama\u00f1os.<\/li>\n<\/ul>\n","protected":false},"excerpt":{"rendered":"<p>El contenido condicional de WooCommerce, un complemento muy robusto, permite a los usuarios exhibir contenido personalizado que contingencia a productos, categor\u00edas o atributos del cliente. Este complemento facilita la creaci\u00f3n de mensajes personalizados, ofertas atractivas e incluso promociones exclusivas exclusivas para clientes o grupos particulares. Al exhibir los mensajes pertinentes a los clientes individuales con precisi\u00f3n cuando es necesario, uno puede mejorar exponencialmente el compromiso, las conversiones y, en \u00faltima instancia, las ventas. Con una interfaz f\u00e1cil de usar y una notable flexibilidad para la personalizaci\u00f3n, el contenido condicional de WooCommerce demuestra inequ\u00edvocamente ser una herramienta indispensable para cualquier plataforma de comercio electr\u00f3nico que se esfuerce por amplificar tanto las ventas como la satisfacci\u00f3n del cliente.<\/p>\n","protected":false},"featured_media":168078,"comment_status":"open","ping_status":"open","template":"","meta":[],"product_brand":[2344],"product_cat":[1208,1207,1206],"product_tag":[1423],"class_list":{"0":"post-126557","1":"product","2":"type-product","3":"status-publish","4":"has-post-thumbnail","6":"product_brand-woocommerce","7":"product_cat-administracion","8":"product_cat-comercio-electronico-plugins","9":"product_cat-plugins","10":"product_tag-woocommerce","11":"member-discount","12":"discount-restricted","14":"first","15":"instock","16":"sale","17":"downloadable","18":"virtual","19":"sold-individually","20":"purchasable","21":"product-type-simple"},"_links":{"self":[{"href":"https:\/\/gpl-love.com\/es\/wp-json\/wp\/v2\/product\/126557","targetHints":{"allow":["GET"]}}],"collection":[{"href":"https:\/\/gpl-love.com\/es\/wp-json\/wp\/v2\/product"}],"about":[{"href":"https:\/\/gpl-love.com\/es\/wp-json\/wp\/v2\/types\/product"}],"replies":[{"embeddable":true,"href":"https:\/\/gpl-love.com\/es\/wp-json\/wp\/v2\/comments?post=126557"}],"wp:featuredmedia":[{"embeddable":true,"href":"https:\/\/gpl-love.com\/es\/wp-json\/wp\/v2\/media\/168078"}],"wp:attachment":[{"href":"https:\/\/gpl-love.com\/es\/wp-json\/wp\/v2\/media?parent=126557"}],"wp:term":[{"taxonomy":"product_brand","embeddable":true,"href":"https:\/\/gpl-love.com\/es\/wp-json\/wp\/v2\/product_brand?post=126557"},{"taxonomy":"product_cat","embeddable":true,"href":"https:\/\/gpl-love.com\/es\/wp-json\/wp\/v2\/product_cat?post=126557"},{"taxonomy":"product_tag","embeddable":true,"href":"https:\/\/gpl-love.com\/es\/wp-json\/wp\/v2\/product_tag?post=126557"}],"curies":[{"name":"wp","href":"https:\/\/api.w.org\/{rel}","templated":true}]}}