{"id":126556,"date":"2026-02-14T00:00:00","date_gmt":"2026-02-14T05:00:00","guid":{"rendered":"https:\/\/gpl-love.com\/es\/producto\/woocommerce-composite-products\/"},"modified":"2026-04-10T11:31:42","modified_gmt":"2026-04-10T16:31:42","slug":"woocommerce-composite-products","status":"publish","type":"product","link":"https:\/\/gpl-love.com\/es\/producto\/woocommerce-composite-products\/","title":{"rendered":"WooCommerce Composite Products 11.0.5"},"content":{"rendered":"<h3>WooCommerce Composite Products Caracteristicas<\/h3>\n<p>El complemento de productos compuestos de WooCommerce es una herramienta incre\u00edblemente robusta que empodera a los propietarios de las tiendas en l\u00ednea para los productos de moda que se pueden personalizar con m\u00faltiples componentes u opciones. Este complemento se integra perfectamente con WooCommerce, otorgando as\u00ed a los propietarios de tiendas la capacidad de modelar p\u00e1ginas din\u00e1micas de productos que cuentan con una interfaz incre\u00edblemente intuitiva. Equipados con este complemento, los comerciantes en l\u00ednea tienen la capacidad de ofrecer a sus clientes exigentes una amplia gama de opciones para sus productos deseados, que abarcan una variedad de atributos como colores, tama\u00f1os y materiales. Esta notable caracter\u00edstica simplifica el proceso para los compradores, empoder\u00e1ndolos para que moda sin esfuerzo su producto ideal. Adem\u00e1s, los productos compuestos de WooCommerce agilizan la tarea de la gesti\u00f3n de inventario y el seguimiento de los propietarios de tiendas, lo que garantiza que nunca ser\u00e1n v\u00edctimas de las trampas de sobreventa o se quedan sin existencias. En resumen, la indispensabilidad de los productos compuestos de WooCommerce no puede exagerarse para ninguna tienda en l\u00ednea que busque ofrecer a su valiosa clientela la oportunidad de crear productos personalizados y aumentar su experiencia general de compra.<\/p>\n<ul>\n<li>Crear productos complejos y personalizables utilizando productos compuestos de WooCommerce<\/li>\n<li>Combine m\u00faltiples productos en un solo paquete o kit personalizable<\/li>\n<li>Ofrecer a los clientes la capacidad de seleccionar entre varias opciones, colores, tama\u00f1os o complementos para cada componente del producto compuesto<\/li>\n<li>Proporcionar a los clientes una visi\u00f3n en tiempo real de c\u00f3mo se ver\u00e1 su producto compuesto a medida que realicen selecciones<\/li>\n<li>Establezca reglas de precios para componentes del producto compuesto basado en la selecci\u00f3n o cantidad<\/li>\n<li>Personalice el dise\u00f1o y el dise\u00f1o del producto para que coincida con su marca y est\u00e9tica del sitio web<\/li>\n<li>Integre a la perfecci\u00f3n con los m\u00e9todos de pago y env\u00edo de WooCommerce para una experiencia fluida del cliente<\/li>\n<li>Administrar y rastrear f\u00e1cilmente los niveles de inventario para cada componente del producto compuesto<\/li>\n<li>Aumente las ventas y el valor promedio del pedido ofreciendo a los clientes una experiencia de compra m\u00e1s personalizada.<\/li>\n<\/ul>\n","protected":false},"excerpt":{"rendered":"<p>WooCommerce Composite Products es un complemento notablemente sofisticado meticulosamente elaborado para ayudar a las empresas a generar paquetes de productos personalizados de m\u00e1xima personalizaci\u00f3n. De manera sin esfuerzo, las empresas est\u00e1n facultadas para concebir ofertas de productos sin precedentes que permiten a los clientes ejercer sus opciones exigentes de una amplia gama de opciones, fabricando as\u00ed un paquete de productos verdaderamente personalizado. Excepcionalmente, este notable complemento se integra perfectamente con WooCommerce, facilitando as\u00ed la gesti\u00f3n sin esfuerzo de pedidos, inventario y datos invaluables del cliente. Ya sea que se especialice en la venta de productos tangibles o intangibles, tenga la seguridad de que WooCommerce Composite Products est\u00e1 listo para elevar su negocio dise\u00f1ando una experiencia de producto verdaderamente a medida para su estimada clientela.<\/p>\n","protected":false},"featured_media":168077,"comment_status":"open","ping_status":"open","template":"","meta":[],"product_brand":[2344],"product_cat":[1208,1207,1206],"product_tag":[1423],"class_list":{"0":"post-126556","1":"product","2":"type-product","3":"status-publish","4":"has-post-thumbnail","6":"product_brand-woocommerce","7":"product_cat-administracion","8":"product_cat-comercio-electronico-plugins","9":"product_cat-plugins","10":"product_tag-woocommerce","11":"member-discount","12":"discount-restricted","14":"first","15":"instock","16":"sale","17":"downloadable","18":"virtual","19":"sold-individually","20":"purchasable","21":"product-type-simple"},"_links":{"self":[{"href":"https:\/\/gpl-love.com\/es\/wp-json\/wp\/v2\/product\/126556","targetHints":{"allow":["GET"]}}],"collection":[{"href":"https:\/\/gpl-love.com\/es\/wp-json\/wp\/v2\/product"}],"about":[{"href":"https:\/\/gpl-love.com\/es\/wp-json\/wp\/v2\/types\/product"}],"replies":[{"embeddable":true,"href":"https:\/\/gpl-love.com\/es\/wp-json\/wp\/v2\/comments?post=126556"}],"wp:featuredmedia":[{"embeddable":true,"href":"https:\/\/gpl-love.com\/es\/wp-json\/wp\/v2\/media\/168077"}],"wp:attachment":[{"href":"https:\/\/gpl-love.com\/es\/wp-json\/wp\/v2\/media?parent=126556"}],"wp:term":[{"taxonomy":"product_brand","embeddable":true,"href":"https:\/\/gpl-love.com\/es\/wp-json\/wp\/v2\/product_brand?post=126556"},{"taxonomy":"product_cat","embeddable":true,"href":"https:\/\/gpl-love.com\/es\/wp-json\/wp\/v2\/product_cat?post=126556"},{"taxonomy":"product_tag","embeddable":true,"href":"https:\/\/gpl-love.com\/es\/wp-json\/wp\/v2\/product_tag?post=126556"}],"curies":[{"name":"wp","href":"https:\/\/api.w.org\/{rel}","templated":true}]}}