{"id":126555,"date":"2025-10-29T00:00:00","date_gmt":"2025-10-29T05:00:00","guid":{"rendered":"https:\/\/gpl-love.com\/es\/producto\/woocommerce-checkout-upsell-funnel\/"},"modified":"2026-03-09T08:20:53","modified_gmt":"2026-03-09T13:20:53","slug":"woocommerce-checkout-upsell-funnel","status":"publish","type":"product","link":"https:\/\/gpl-love.com\/es\/producto\/woocommerce-checkout-upsell-funnel\/","title":{"rendered":"WooCommerce Checkout Upsell Funnel 1.0.15"},"content":{"rendered":"<h3>WooCommerce Checkout Upsell Funnel Caracteristicas<\/h3>\n<p>El embudo de ventas de control de WooCommerce, una herramienta de marketing incre\u00edblemente potente, ha sido dise\u00f1ada a prop\u00f3sito para ayudar a las empresas en l\u00ednea a aumentar sus ventas presentando productos de ventas adicionales a los clientes durante todo el proceso de pago. Al emplear algoritmos sofisticados, este embudo analiza meticulosamente el comportamiento del cliente y, posteriormente, sugiere productos relevantes que probablemente cautiven su inter\u00e9s en la compra. Esto no solo da como resultado un aumento sin precedentes en las ventas, sino que tambi\u00e9n mejora significativamente la satisfacci\u00f3n del cliente al ofrecerles recomendaciones personalizadas. Adem\u00e1s, las opciones de configurabilidad y personalizaci\u00f3n sin complicaciones inherentes a las empresas de embudo para adaptar sus ofertas adicionales en perfecta alineaci\u00f3n con su identidad de marca y preferencias de los clientes. En consecuencia, armado con las notables capacidades del embudo de ventas de pago de WooCommerce, las empresas en l\u00ednea pueden impulsar sus esfuerzos de ventas a alturas sin precedentes, fomentando as\u00ed las relaciones con los clientes duraderas y beneficiosas.<\/p>\n<ul>\n<li>Aumenta los ingresos y las ganancias para las tiendas de WooCommerce<\/li>\n<li>Proporciona un embudo de venta adicional personalizable durante el proceso de pago<\/li>\n<li>Permitir a los propietarios de tiendas ofrecer productos o servicios relacionados a los clientes.<\/li>\n<li>Ayuda a los clientes a descubrir art\u00edculos complementarios que pueden haber perdido<\/li>\n<li>Mejora la experiencia del cliente ofreciendo un viaje de compra personalizado<\/li>\n<li>Se puede utilizar para promover acuerdos o descuentos exclusivos para aumentar las ventas<\/li>\n<li>Se integra con el dise\u00f1o y el dise\u00f1o de la tienda WooCommerce existente<\/li>\n<li>Reduce el abandono del carrito ofreciendo una atractiva opci\u00f3n de venta adicional<\/li>\n<\/ul>\n","protected":false},"excerpt":{"rendered":"<p>Maximice sus ingresos por ventas implementando el embudo de venta de ventas de pago de WooCommerce altamente efectivo y eficiente, un complemento excepcional que se integra perfectamente con su proceso de pago de WooCommerce existente. Esta notable herramienta le permite proporcionar a los clientes recomendaciones de productos pertinentes a medida justo antes de finalizar su compra, lo que resulta en un impulso significativo en las conversiones e ingresos. La versatilidad de este complemento es realmente notable, ya que le otorga autoridad completa sobre el embudo de ventas adicionales, lo que le permite personalizarlo ampliamente para alinearse perfectamente con sus objetivos \u00fanicos de marca y ventas. Con una configuraci\u00f3n directa, una variedad de opciones personalizables y un historial comprobado de entregar resultados excepcionales, el embudo de ventas de WooCommerce Checkout es una necesidad absoluta para cualquier propietario de la tienda en l\u00ednea exigente.<\/p>\n","protected":false},"featured_media":168076,"comment_status":"open","ping_status":"open","template":"","meta":[],"product_brand":[2339],"product_cat":[1207,1225,1206],"product_tag":[1256],"class_list":{"0":"post-126555","1":"product","2":"type-product","3":"status-publish","4":"has-post-thumbnail","6":"product_brand-codecanyon","7":"product_cat-comercio-electronico-plugins","8":"product_cat-marketing","9":"product_cat-plugins","10":"product_tag-codecanyon","11":"member-discount","12":"discount-restricted","14":"first","15":"instock","16":"sale","17":"downloadable","18":"virtual","19":"sold-individually","20":"purchasable","21":"product-type-simple"},"_links":{"self":[{"href":"https:\/\/gpl-love.com\/es\/wp-json\/wp\/v2\/product\/126555","targetHints":{"allow":["GET"]}}],"collection":[{"href":"https:\/\/gpl-love.com\/es\/wp-json\/wp\/v2\/product"}],"about":[{"href":"https:\/\/gpl-love.com\/es\/wp-json\/wp\/v2\/types\/product"}],"replies":[{"embeddable":true,"href":"https:\/\/gpl-love.com\/es\/wp-json\/wp\/v2\/comments?post=126555"}],"wp:featuredmedia":[{"embeddable":true,"href":"https:\/\/gpl-love.com\/es\/wp-json\/wp\/v2\/media\/168076"}],"wp:attachment":[{"href":"https:\/\/gpl-love.com\/es\/wp-json\/wp\/v2\/media?parent=126555"}],"wp:term":[{"taxonomy":"product_brand","embeddable":true,"href":"https:\/\/gpl-love.com\/es\/wp-json\/wp\/v2\/product_brand?post=126555"},{"taxonomy":"product_cat","embeddable":true,"href":"https:\/\/gpl-love.com\/es\/wp-json\/wp\/v2\/product_cat?post=126555"},{"taxonomy":"product_tag","embeddable":true,"href":"https:\/\/gpl-love.com\/es\/wp-json\/wp\/v2\/product_tag?post=126555"}],"curies":[{"name":"wp","href":"https:\/\/api.w.org\/{rel}","templated":true}]}}