{"id":126554,"date":"2025-06-05T00:00:00","date_gmt":"2025-06-05T05:00:00","guid":{"rendered":"https:\/\/gpl-love.com\/es\/producto\/woocommerce-checkout-fields-y-fees\/"},"modified":"2026-04-10T11:31:41","modified_gmt":"2026-04-10T16:31:41","slug":"woocommerce-checkout-fields-y-fees","status":"publish","type":"product","link":"https:\/\/gpl-love.com\/es\/producto\/woocommerce-checkout-fields-y-fees\/","title":{"rendered":"WooCommerce Checkout Fields y Fees 11.2"},"content":{"rendered":"<h3>WooCommerce Checkout Fields y Fees Caracteristicas<\/h3>\n<p>El complemento de Campos y Tarifas de WooCommerce ofrece una variedad de caracter\u00edsticas robustas que permiten a los propietarios de tiendas adaptar su p\u00e1gina de pago incorporando campos y tarifas complementarios. Al aprovechar este complemento, los comerciantes pueden incluir sin esfuerzo campos personalizados para extraer datos m\u00e1s completos de los clientes durante todo el procedimiento de pago, que abarcan consultas relacionadas con instrucciones de entrega precisas o su m\u00e9todo de pago favorecido. Adem\u00e1s, este complemento facilita la inclusi\u00f3n de tarifas a pedidos basados \u200b\u200ben diversos factores, incluido el peso del producto o el destino de env\u00edo, lo que ayuda a los propietarios de las tiendas a administrar efectivamente la rentabilidad de su tienda. En general, este complemento indispensable sirve como una herramienta esencial para los propietarios de tiendas de WooCommerce que buscan optimizar su proceso de pago y mejorar la experiencia general del cliente.<\/p>\n<ul>\n<li>Personalice f\u00e1cilmente los campos de pago en su tienda WooCommerce<\/li>\n<li>Agregar, eliminar o editar campos seg\u00fan sea necesario para adaptarse mejor a sus necesidades comerciales<\/li>\n<li>Configurar los requisitos de campo para garantizar que los clientes proporcionen informaci\u00f3n necesaria<\/li>\n<li>Configurar tarifas para varias opciones de pago, como env\u00edo acelerado, envoltura de regalos o personalizaciones<\/li>\n<li>Aplicar tarifas a productos o subconjuntos espec\u00edficos de productos, o a todo el carrito de compras<\/li>\n<li>Utilice opciones avanzadas para aplicar tarifas basadas en la ubicaci\u00f3n del cliente, el grupo de clientes o el valor de pedido<\/li>\n<li>Alegar el proceso de pago para los clientes mientras recopila la informaci\u00f3n necesaria para sus operaciones comerciales<\/li>\n<li>Aumentar las ventas con la capacidad de ofrecer servicios o personalizaciones adicionales al finalizar la compra<\/li>\n<li>Mejore la satisfacci\u00f3n del cliente al proporcionar campos y tarifas de pago claros y personalizables, adaptados a sus necesidades comerciales \u00fanicas.<\/li>\n<\/ul>\n","protected":false},"excerpt":{"rendered":"<p>La extensi\u00f3n de los campos y tarifas de WooCommerce es una herramienta incre\u00edblemente potente que le otorga la capacidad de agregar campos suplementarios sin esfuerzo a su p\u00e1gina de pago y asignar tarifas correspondientes a estos campos. Al utilizar este complemento excepcional, tiene la capacidad de recopilar datos suplementarios de sus valiosos clientes durante el proceso de pago, que abarca detalles imperativos como instrucciones de entrega, mensajes de regalo sinceros o especificaciones intrincadas de personalizaci\u00f3n del producto. Adem\u00e1s, posee el poder de designar tarifas a los campos individualizados, incluida una tarifa de procesamiento r\u00e1pida o una tarifa por el meticuloso arte de envoltura de regalos. Sin duda, este notable complemento es una necesidad absoluta para que cualquier propietario de la tienda vigilante que anhele adaptar meticulosamente su proceso de pago y experimentar un aumento sustancial en los ingresos a trav\u00e9s de la implementaci\u00f3n de tarifas complementarias.<\/p>\n","protected":false},"featured_media":168075,"comment_status":"open","ping_status":"open","template":"","meta":[],"product_brand":[2339],"product_cat":[1207,1248,1206],"product_tag":[1256],"class_list":{"0":"post-126554","1":"product","2":"type-product","3":"status-publish","4":"has-post-thumbnail","6":"product_brand-codecanyon","7":"product_cat-comercio-electronico-plugins","8":"product_cat-personalizacion-comercio-electronico-plugins","9":"product_cat-plugins","10":"product_tag-codecanyon","11":"member-discount","12":"discount-restricted","14":"first","15":"instock","16":"sale","17":"downloadable","18":"virtual","19":"sold-individually","20":"purchasable","21":"product-type-simple"},"_links":{"self":[{"href":"https:\/\/gpl-love.com\/es\/wp-json\/wp\/v2\/product\/126554","targetHints":{"allow":["GET"]}}],"collection":[{"href":"https:\/\/gpl-love.com\/es\/wp-json\/wp\/v2\/product"}],"about":[{"href":"https:\/\/gpl-love.com\/es\/wp-json\/wp\/v2\/types\/product"}],"replies":[{"embeddable":true,"href":"https:\/\/gpl-love.com\/es\/wp-json\/wp\/v2\/comments?post=126554"}],"wp:featuredmedia":[{"embeddable":true,"href":"https:\/\/gpl-love.com\/es\/wp-json\/wp\/v2\/media\/168075"}],"wp:attachment":[{"href":"https:\/\/gpl-love.com\/es\/wp-json\/wp\/v2\/media?parent=126554"}],"wp:term":[{"taxonomy":"product_brand","embeddable":true,"href":"https:\/\/gpl-love.com\/es\/wp-json\/wp\/v2\/product_brand?post=126554"},{"taxonomy":"product_cat","embeddable":true,"href":"https:\/\/gpl-love.com\/es\/wp-json\/wp\/v2\/product_cat?post=126554"},{"taxonomy":"product_tag","embeddable":true,"href":"https:\/\/gpl-love.com\/es\/wp-json\/wp\/v2\/product_tag?post=126554"}],"curies":[{"name":"wp","href":"https:\/\/api.w.org\/{rel}","templated":true}]}}