{"id":126553,"date":"2025-03-31T00:00:00","date_gmt":"2025-03-31T05:00:00","guid":{"rendered":"https:\/\/gpl-love.com\/es\/producto\/woocommerce-checkout-field-editor\/"},"modified":"2026-04-10T11:31:40","modified_gmt":"2026-04-10T16:31:40","slug":"woocommerce-checkout-field-editor","status":"publish","type":"product","link":"https:\/\/gpl-love.com\/es\/producto\/woocommerce-checkout-field-editor\/","title":{"rendered":"WooCommerce Checkout Field Editor 1.7.24"},"content":{"rendered":"<h3>WooCommerce Checkout Field Editor Caracteristicas<\/h3>\n<p>El editor de campo de pago de WooCommerce, una herramienta incre\u00edblemente robusta, le otorga la capacidad excepcional para personalizar sin esfuerzo su p\u00e1gina de pago. Mediante este complemento extraordinario, posee la capacidad de aumentar, eliminar y reorganizar los campos, creando as\u00ed un proceso de pago que es impecablemente adecuado para sus requisitos precisos. No solo eso, sino que tambi\u00e9n tiene la libertad de designar campos como obligatorios o discrecionales, modificar las etiquetas de campo y los marcadores de posici\u00f3n, y, asombrosamente, incluso generar campos personalizados completos con regulaciones de validaci\u00f3n personalizadas. Este complemento incomparable se destaca como una soluci\u00f3n ideal para las empresas que anhelan optimizar su proceso de pago y mejorar la experiencia del usuario para su estimada clientela. Eleve la profesionalidad de su p\u00e1gina de pago y testigo de las conversiones amplificadas a trav\u00e9s de las notables capacidades del editor de campo de pago de WooCommerce.<\/p>\n<ul>\n<li>Proporciona una interfaz f\u00e1cil de usar para personalizar los campos de pago en WooCommerce<\/li>\n<li>Permite agregar, eliminar y reordenar los campos de pago sin codificaci\u00f3n<\/li>\n<li>Admite una amplia gama de tipos de campo, incluidos cuadros de texto, cuadros de selecci\u00f3n, botones de radio y casillas de verificaci\u00f3n.<\/li>\n<li>Incluye una funci\u00f3n de arrastrar y soltar para reorganizar r\u00e1pidamente los campos seg\u00fan sea necesario<\/li>\n<li>Admite l\u00f3gica condicional para mostrar campos basados \u200b\u200ben productos espec\u00edficos o atributos del cliente<\/li>\n<li>Ofrece opciones de estilo para personalizar la apariencia de los campos de pago<\/li>\n<li>Se integra a la perfecci\u00f3n con WooCommerce, asegurando un proceso de pago sin problemas para los clientes<\/li>\n<li>Ahorra tiempo y esfuerzo simplificando el proceso de personalizaci\u00f3n del campo de pago<\/li>\n<li>Ofrece una amplia documentaci\u00f3n y soporte para ayudar a los usuarios a aprovechar al m\u00e1ximo el complemento<\/li>\n<li>Compatible con las \u00faltimas versiones de WordPress y WooCommerce.<\/li>\n<\/ul>\n","protected":false},"excerpt":{"rendered":"<p>El editor de campo de pago de WooCommerce es una herramienta indispensable para las empresas en l\u00ednea que buscan personalizar y adaptar su procedimiento de pago a sus necesidades y preferencias espec\u00edficas. Al utilizar este complemento altamente eficiente y vers\u00e1til, se le otorga la capacidad de incorporar, modificar o eliminar diversos campos presentes en su p\u00e1gina de pago. Esto le otorga la oportunidad de reunir sin esfuerzo informaci\u00f3n de los clientes pertinente y crucial, como su direcci\u00f3n de env\u00edo, fecha de entrega, notas adicionales y m\u00e1s. Adem\u00e1s, este complemento excepcional tambi\u00e9n le ofrece la capacidad de regular de manera experta la visibilidad y secuencia de dichos campos, asegurando as\u00ed una experiencia de pago incre\u00edblemente suave y perfecta para su estimada clientela. Debido a su naturaleza f\u00e1cil de usar y su inmensa practicidad, el editor de campo de pago de WooCommerce sirve como un activo invaluable para facilitar la racionalizaci\u00f3n de su proceso de pago, que finalmente culmin\u00f3 en un marcado aumento en las cifras de ventas.<\/p>\n","protected":false},"featured_media":168074,"comment_status":"open","ping_status":"open","template":"","meta":[],"product_brand":[2344],"product_cat":[1207,1248,1206],"product_tag":[1423],"class_list":{"0":"post-126553","1":"product","2":"type-product","3":"status-publish","4":"has-post-thumbnail","6":"product_brand-woocommerce","7":"product_cat-comercio-electronico-plugins","8":"product_cat-personalizacion-comercio-electronico-plugins","9":"product_cat-plugins","10":"product_tag-woocommerce","11":"member-discount","12":"discount-restricted","14":"first","15":"instock","16":"sale","17":"downloadable","18":"virtual","19":"sold-individually","20":"purchasable","21":"product-type-simple"},"_links":{"self":[{"href":"https:\/\/gpl-love.com\/es\/wp-json\/wp\/v2\/product\/126553","targetHints":{"allow":["GET"]}}],"collection":[{"href":"https:\/\/gpl-love.com\/es\/wp-json\/wp\/v2\/product"}],"about":[{"href":"https:\/\/gpl-love.com\/es\/wp-json\/wp\/v2\/types\/product"}],"replies":[{"embeddable":true,"href":"https:\/\/gpl-love.com\/es\/wp-json\/wp\/v2\/comments?post=126553"}],"wp:featuredmedia":[{"embeddable":true,"href":"https:\/\/gpl-love.com\/es\/wp-json\/wp\/v2\/media\/168074"}],"wp:attachment":[{"href":"https:\/\/gpl-love.com\/es\/wp-json\/wp\/v2\/media?parent=126553"}],"wp:term":[{"taxonomy":"product_brand","embeddable":true,"href":"https:\/\/gpl-love.com\/es\/wp-json\/wp\/v2\/product_brand?post=126553"},{"taxonomy":"product_cat","embeddable":true,"href":"https:\/\/gpl-love.com\/es\/wp-json\/wp\/v2\/product_cat?post=126553"},{"taxonomy":"product_tag","embeddable":true,"href":"https:\/\/gpl-love.com\/es\/wp-json\/wp\/v2\/product_tag?post=126553"}],"curies":[{"name":"wp","href":"https:\/\/api.w.org\/{rel}","templated":true}]}}