{"id":126551,"date":"2025-10-23T00:00:00","date_gmt":"2025-10-23T05:00:00","guid":{"rendered":"https:\/\/gpl-love.com\/es\/producto\/woocommerce-chase-paymentech\/"},"modified":"2026-03-09T08:20:45","modified_gmt":"2026-03-09T13:20:45","slug":"woocommerce-chase-paymentech","status":"publish","type":"product","link":"https:\/\/gpl-love.com\/es\/producto\/woocommerce-chase-paymentech\/","title":{"rendered":"WooCommerce Chase Paymentech 1.19.1"},"content":{"rendered":"<h3>WooCommerce Chase Paymentech Caracteristicas<\/h3>\n<p>WooCommerce Chase Paymentech sirve como una extensi\u00f3n de pasarela de pago altamente eficiente dise\u00f1ada espec\u00edficamente para tiendas en l\u00ednea que utilizan el complemento WooCommerce. Este complemento en particular facilita una integraci\u00f3n notablemente sencilla con Chase Paymentech, una estimada entidad que se especializa en la provisi\u00f3n de servicios de procesamiento de pagos. A trav\u00e9s de la utilizaci\u00f3n de esta extensi\u00f3n, a los clientes se les otorga la conveniencia de ejecutar pagos en l\u00ednea a trav\u00e9s de una variedad de m\u00e9todos, incluidas tarjetas de cr\u00e9dito, tarjetas de d\u00e9bito y otros modos de pago electr\u00f3nicos. En particular, este complemento ofrece un medio impecablemente seguro y confiable para procesar pagos, asegurando as\u00ed el manejo r\u00e1pido y eficiente de las transacciones. Adem\u00e1s, cuenta con una variedad de caracter\u00edsticas avanzadas que contribuyen profundamente a la eficacia general de la plataforma. Estas caracter\u00edsticas abarcan los gustos de los mecanismos de detecci\u00f3n y prevenci\u00f3n de fraude, funcionalidades de pago recurrentes y apoyo robusto para una amplia gama de monedas. En esencia, es inequ\u00edvocamente evidente que WooCommerce Chase Paymentech representa una herramienta indispensable que es absolutamente indispensable para cualquier empresa en l\u00ednea que aspira a ofrecer a sus clientes valiosos una experiencia que est\u00e1 integrada y extremadamente segura con respecto al procesamiento de pagos.<\/p>\n<ul>\n<li>Ofrece una integraci\u00f3n perfecta con WooCommerce para procesar pagos<\/li>\n<li>Impulsado por Chase Paymentech, un proveedor l\u00edder de soluciones de procesamiento de pagos<\/li>\n<li>Admite una amplia gama de m\u00e9todos de pago, que incluyen tarjetas de cr\u00e9dito y d\u00e9bito, cheques electr\u00f3nicos y tarjetas de regalo<\/li>\n<li>Garantiza transacciones seguras a trav\u00e9s de medidas avanzadas de cifrado y prevenci\u00f3n de fraude<\/li>\n<li>Proporciona informes y an\u00e1lisis en tiempo real para una mejor visi\u00f3n del rendimiento de las ventas y el comportamiento del cliente<\/li>\n<li>Rimensionamiento de la gesti\u00f3n de pedidos y reduce la entrada de datos manuales con la sincronizaci\u00f3n autom\u00e1tica de la informaci\u00f3n de pago e pedido<\/li>\n<li>Ofrece una configuraci\u00f3n y configuraci\u00f3n f\u00e1cil para la implementaci\u00f3n sin problemas<\/li>\n<li>Incluye soporte t\u00e9cnico dedicado y recursos para ayudar con cualquier problema o pregunta.<\/li>\n<\/ul>\n","protected":false},"excerpt":{"rendered":"<p>El complemento WooCommerce Chase Paymentech, una herramienta altamente robusta y eficiente, permite a los comerciantes de comercio electr\u00f3nico facilitar sin esfuerzo las transacciones de pago seguras de los clientes que utilizan su estimada cuenta Chase Paymentech. Este complemento instalable sin esfuerzo se fusiona sin problemas con su tienda WooCommerce, proporcion\u00e1ndole una pasarela de pago inquebrantable que garantice transacciones perfectas y una experiencia de cliente sobresaliente. Al incorporar el WooCommerce Chase Paymentech, puede elevar exponencialmente sus ventas en l\u00ednea y ofrecer a su estimada clientela una alternativa de pago sin problemas que inculca un sentido de confianza. Comience hoy forjando conexiones con una base de clientes m\u00e1s grande y expanda su empresa virtual exponencialmente aprovechando la facilidad de uso de esta soluci\u00f3n de pago sofisticada.<\/p>\n","protected":false},"featured_media":168072,"comment_status":"open","ping_status":"open","template":"","meta":[],"product_brand":[2344],"product_cat":[1207,1426,1206],"product_tag":[1423],"class_list":{"0":"post-126551","1":"product","2":"type-product","3":"status-publish","4":"has-post-thumbnail","6":"product_brand-woocommerce","7":"product_cat-comercio-electronico-plugins","8":"product_cat-pago-comercio-electronico-plugins","9":"product_cat-plugins","10":"product_tag-woocommerce","11":"member-discount","12":"discount-restricted","14":"first","15":"instock","16":"sale","17":"downloadable","18":"virtual","19":"sold-individually","20":"purchasable","21":"product-type-simple"},"_links":{"self":[{"href":"https:\/\/gpl-love.com\/es\/wp-json\/wp\/v2\/product\/126551","targetHints":{"allow":["GET"]}}],"collection":[{"href":"https:\/\/gpl-love.com\/es\/wp-json\/wp\/v2\/product"}],"about":[{"href":"https:\/\/gpl-love.com\/es\/wp-json\/wp\/v2\/types\/product"}],"replies":[{"embeddable":true,"href":"https:\/\/gpl-love.com\/es\/wp-json\/wp\/v2\/comments?post=126551"}],"wp:featuredmedia":[{"embeddable":true,"href":"https:\/\/gpl-love.com\/es\/wp-json\/wp\/v2\/media\/168072"}],"wp:attachment":[{"href":"https:\/\/gpl-love.com\/es\/wp-json\/wp\/v2\/media?parent=126551"}],"wp:term":[{"taxonomy":"product_brand","embeddable":true,"href":"https:\/\/gpl-love.com\/es\/wp-json\/wp\/v2\/product_brand?post=126551"},{"taxonomy":"product_cat","embeddable":true,"href":"https:\/\/gpl-love.com\/es\/wp-json\/wp\/v2\/product_cat?post=126551"},{"taxonomy":"product_tag","embeddable":true,"href":"https:\/\/gpl-love.com\/es\/wp-json\/wp\/v2\/product_tag?post=126551"}],"curies":[{"name":"wp","href":"https:\/\/api.w.org\/{rel}","templated":true}]}}