{"id":126550,"date":"2025-09-09T00:00:00","date_gmt":"2025-09-09T05:00:00","guid":{"rendered":"https:\/\/gpl-love.com\/es\/producto\/woocommerce-chained-products\/"},"modified":"2026-04-10T11:31:39","modified_gmt":"2026-04-10T16:31:39","slug":"woocommerce-chained-products","status":"publish","type":"product","link":"https:\/\/gpl-love.com\/es\/producto\/woocommerce-chained-products\/","title":{"rendered":"WooCommerce Chained Products 3.8.0"},"content":{"rendered":"<h3>WooCommerce Chained Products Caracteristicas<\/h3>\n<p>El complemento de productos encadenados de WooCommerce, que cuenta con una funcionalidad impresionante, le permite generar paquetes de productos y forjar conexiones entre productos dentro de su tienda WooCommerce. Al utilizar este complemento, puede amalgamar convenientemente varios productos y presentarlos como un paquete integral o proponerlos como un paquete que se comprar\u00e1 colectivamente. Adem\u00e1s, el complemento le proporciona la capacidad de crear productos interconectados, en los que la adquisici\u00f3n de un producto inicia la adquisici\u00f3n de otro. Este complemento excepcional es particularmente adecuado para las empresas que ofrecen productos que se complementan entre s\u00ed o aspiran a mejorar su estimada clientela. Adem\u00e1s, su naturaleza f\u00e1cil de usar y su configuraci\u00f3n sin esfuerzo lo hacen f\u00e1cilmente accesible para ne\u00f3fitos y usuarios experimentados por igual. Al aprovechar el complemento de productos encadenados de WooCommerce, puede aumentar sus cifras de ventas y enriquecer el viaje del cliente otorg\u00e1ndoles una variedad ampliada de opciones y un valor elevado para su inversi\u00f3n monetaria.<\/p>\n<ul>\n<li>Permite a los usuarios comprar m\u00faltiples productos como paquete<\/li>\n<li>Los productos se pueden vincular y venderse como un paquete<\/li>\n<li>Productos de venta cruzada y de venta adicional para aumentar las ventas<\/li>\n<li>Opciones de precios flexibles para productos agrupados<\/li>\n<li>Configuraci\u00f3n y configuraci\u00f3n f\u00e1cil en WooCommerce<\/li>\n<li>Compatible con una variedad de temas y complementos de WordPress<\/li>\n<li>Proporciona una experiencia de compra perfecta para los clientes<\/li>\n<li>Aumenta el valor promedio de pedido para los propietarios de tiendas<\/li>\n<li>Optimiza la gesti\u00f3n de inventario al permitir la agrupaci\u00f3n de productos vinculados<\/li>\n<li>Se puede utilizar para varios tipos de productos agrupados, como kits, juegos de regalos y cajas de suscripci\u00f3n.<\/li>\n<\/ul>\n","protected":false},"excerpt":{"rendered":"<p>Maximice su potencial para la venta cruzada aprovechando las inmensas capacidades que ofrece el complemento de productos encadenados de WooCommerce. Esta herramienta excepcionalmente robusta le permite establecer sin esfuerzo las conexiones entre varios productos, lo que permite la creaci\u00f3n de bocadillos atractivos que incentivan efectivamente a los clientes a disfrutar de compras adicionales, reforzando as\u00ed sus cifras de ventas. Integrando sin problemas con la plataforma WooCommerce, este complemento garantiza un proceso de configuraci\u00f3n sin problemas, al tiempo que proporciona opciones de personalizaci\u00f3n extensas que le permiten adaptar finamente sus productos encadenados para alinearse con los distintos requisitos de su negocio. Ya sea que su objetivo principal gire en torno a aumentar su rendimiento de ventas o ofrecer de manera proactiva acuerdos y promociones exclusivas a su estimada clientela, la funcionalidad incomparable de los productos encadenados de WooCommerce lo convierte en la soluci\u00f3n ideal para todas sus necesidades y aspiraciones.<\/p>\n","protected":false},"featured_media":168071,"comment_status":"open","ping_status":"open","template":"","meta":[],"product_brand":[2344],"product_cat":[1208,1207,1206],"product_tag":[1423],"class_list":{"0":"post-126550","1":"product","2":"type-product","3":"status-publish","4":"has-post-thumbnail","6":"product_brand-woocommerce","7":"product_cat-administracion","8":"product_cat-comercio-electronico-plugins","9":"product_cat-plugins","10":"product_tag-woocommerce","11":"member-discount","12":"discount-restricted","14":"first","15":"instock","16":"sale","17":"downloadable","18":"virtual","19":"sold-individually","20":"purchasable","21":"product-type-simple"},"_links":{"self":[{"href":"https:\/\/gpl-love.com\/es\/wp-json\/wp\/v2\/product\/126550","targetHints":{"allow":["GET"]}}],"collection":[{"href":"https:\/\/gpl-love.com\/es\/wp-json\/wp\/v2\/product"}],"about":[{"href":"https:\/\/gpl-love.com\/es\/wp-json\/wp\/v2\/types\/product"}],"replies":[{"embeddable":true,"href":"https:\/\/gpl-love.com\/es\/wp-json\/wp\/v2\/comments?post=126550"}],"wp:featuredmedia":[{"embeddable":true,"href":"https:\/\/gpl-love.com\/es\/wp-json\/wp\/v2\/media\/168071"}],"wp:attachment":[{"href":"https:\/\/gpl-love.com\/es\/wp-json\/wp\/v2\/media?parent=126550"}],"wp:term":[{"taxonomy":"product_brand","embeddable":true,"href":"https:\/\/gpl-love.com\/es\/wp-json\/wp\/v2\/product_brand?post=126550"},{"taxonomy":"product_cat","embeddable":true,"href":"https:\/\/gpl-love.com\/es\/wp-json\/wp\/v2\/product_cat?post=126550"},{"taxonomy":"product_tag","embeddable":true,"href":"https:\/\/gpl-love.com\/es\/wp-json\/wp\/v2\/product_tag?post=126550"}],"curies":[{"name":"wp","href":"https:\/\/api.w.org\/{rel}","templated":true}]}}