{"id":126548,"date":"2025-12-23T00:00:00","date_gmt":"2025-12-23T05:00:00","guid":{"rendered":"https:\/\/gpl-love.com\/es\/producto\/woocommerce-catalog-visibility-options\/"},"modified":"2026-03-09T08:20:42","modified_gmt":"2026-03-09T13:20:42","slug":"woocommerce-catalog-visibility-options","status":"publish","type":"product","link":"https:\/\/gpl-love.com\/es\/producto\/woocommerce-catalog-visibility-options\/","title":{"rendered":"WooCommerce Catalog Visibility Options 3.3.9"},"content":{"rendered":"<h3>WooCommerce Catalog Visibility Options Caracteristicas<\/h3>\n<p>Las opciones de visibilidad del cat\u00e1logo de WooCommerce son una herramienta indispensable que satisface las necesidades de los propietarios de tiendas en l\u00ednea al facilitar la gesti\u00f3n eficiente de la visibilidad del producto. Este notable complemento presenta a los usuarios una mir\u00edada de posibilidades para ejercer control sobre la visibilidad de sus productos, principalmente teniendo en cuenta varios par\u00e1metros, incluidos los roles de los usuarios, las categor\u00edas de productos y las etiquetas. En virtud de su notable funcionalidad, este complemento ofrece tres opciones de visibilidad distintas, a saber, oculto, cat\u00e1logo y b\u00fasqueda. Los usuarios pueden ejercer su discreci\u00f3n y optar por ocultar completamente los productos o exhibirlos \u00fanicamente en el cat\u00e1logo o los resultados de b\u00fasqueda. Adem\u00e1s, el complemento abarca la caracter\u00edstica invaluable de establecer la visibilidad del producto en funci\u00f3n de los roles de los usuarios, atendiendo as\u00ed los requisitos de las tiendas en l\u00ednea con m\u00faltiples usuarios. En esencia, el empleo de las opciones de visibilidad del cat\u00e1logo de WooCommerce agiliza significativamente el proceso de gesti\u00f3n de la visibilidad del producto para los propietarios de tiendas en l\u00ednea, que finalmente culmin\u00f3 en una experiencia de compra mejorada para sus estimados clientes.<\/p>\n<ul>\n<li>Permite al usuario controlar f\u00e1cilmente la visibilidad de su cat\u00e1logo de WooCommerce<\/li>\n<li>Ofrece opciones flexibles para ocultar o mostrar productos o categor\u00edas espec\u00edficas para ciertos usuarios<\/li>\n<li>Mejora la experiencia de compra para los clientes al proporcionar opciones de productos a medida<\/li>\n<li>Aumenta las tasas de participaci\u00f3n y conversi\u00f3n del usuario al reducir el desorden y mejorar la navegaci\u00f3n<\/li>\n<li>Ofrece una interfaz simple y f\u00e1cil de usar para administrar la visibilidad del cat\u00e1logo<\/li>\n<li>Proporciona una soluci\u00f3n rentable para personalizar las tiendas de WooCommerce<\/li>\n<li>Admite compatibilidad multisitio y de varios idiomas para mayor comodidad<\/li>\n<li>Ayuda a las empresas a alcanzar al p\u00fablico objetivo espec\u00edfico refinando las opciones de visibilidad del cat\u00e1logo<\/li>\n<li>Ofrece una seguridad mejorada limitando el acceso de cat\u00e1logo a usuarios autorizados<\/li>\n<li>Organizaci\u00f3n de cat\u00e1logo mejorada para mejorar la optimizaci\u00f3n de motores de b\u00fasqueda (SEO)<\/li>\n<\/ul>\n","protected":false},"excerpt":{"rendered":"<p>El complemento de opciones de visibilidad del cat\u00e1logo de WooCommerce ofrece una soluci\u00f3n perfecta y eficiente para plataformas de comercio electr\u00f3nico, lo que les permite administrar de manera efectiva la visualizaci\u00f3n de sus productos de acuerdo con las roles de los clientes y el estado de inicio de sesi\u00f3n. Al aprovechar las capacidades de esta herramienta robusta, las empresas en l\u00ednea pueden ocultar o revelar f\u00e1cilmente productos espec\u00edficos a segmentos de clientes espec\u00edficos, garantizando que cada individuo se presente exclusivamente con la mercanc\u00eda que se alinea con sus preferencias y necesidades. En particular, la naturaleza f\u00e1cil de usar de este complemento mejora significativamente el viaje de compra general y refuerza sustancialmente las tasas de conversi\u00f3n, lo que lo convierte en un activo indispensable para cualquier establecimiento que utilice la plataforma WooCommerce.<\/p>\n","protected":false},"featured_media":168070,"comment_status":"open","ping_status":"open","template":"","meta":[],"product_brand":[2344],"product_cat":[1207,1248,1206],"product_tag":[1423],"class_list":{"0":"post-126548","1":"product","2":"type-product","3":"status-publish","4":"has-post-thumbnail","6":"product_brand-woocommerce","7":"product_cat-comercio-electronico-plugins","8":"product_cat-personalizacion-comercio-electronico-plugins","9":"product_cat-plugins","10":"product_tag-woocommerce","11":"member-discount","12":"discount-restricted","14":"first","15":"instock","16":"sale","17":"downloadable","18":"virtual","19":"sold-individually","20":"purchasable","21":"product-type-simple"},"_links":{"self":[{"href":"https:\/\/gpl-love.com\/es\/wp-json\/wp\/v2\/product\/126548","targetHints":{"allow":["GET"]}}],"collection":[{"href":"https:\/\/gpl-love.com\/es\/wp-json\/wp\/v2\/product"}],"about":[{"href":"https:\/\/gpl-love.com\/es\/wp-json\/wp\/v2\/types\/product"}],"replies":[{"embeddable":true,"href":"https:\/\/gpl-love.com\/es\/wp-json\/wp\/v2\/comments?post=126548"}],"wp:featuredmedia":[{"embeddable":true,"href":"https:\/\/gpl-love.com\/es\/wp-json\/wp\/v2\/media\/168070"}],"wp:attachment":[{"href":"https:\/\/gpl-love.com\/es\/wp-json\/wp\/v2\/media?parent=126548"}],"wp:term":[{"taxonomy":"product_brand","embeddable":true,"href":"https:\/\/gpl-love.com\/es\/wp-json\/wp\/v2\/product_brand?post=126548"},{"taxonomy":"product_cat","embeddable":true,"href":"https:\/\/gpl-love.com\/es\/wp-json\/wp\/v2\/product_cat?post=126548"},{"taxonomy":"product_tag","embeddable":true,"href":"https:\/\/gpl-love.com\/es\/wp-json\/wp\/v2\/product_tag?post=126548"}],"curies":[{"name":"wp","href":"https:\/\/api.w.org\/{rel}","templated":true}]}}