{"id":126547,"date":"2026-03-06T00:00:00","date_gmt":"2026-03-06T05:00:00","guid":{"rendered":"https:\/\/gpl-love.com\/es\/producto\/woocommerce-cart-reports\/"},"modified":"2026-04-10T11:31:38","modified_gmt":"2026-04-10T16:31:38","slug":"woocommerce-cart-reports","status":"publish","type":"product","link":"https:\/\/gpl-love.com\/es\/producto\/woocommerce-cart-reports\/","title":{"rendered":"WooCommerce Cart Reports 1.5.2"},"content":{"rendered":"<h3>WooCommerce Cart Reports Caracteristicas<\/h3>\n<p>La herramienta WooCommerce Cart Reports, que ofrece una amplia gama de ideas integrales sobre la actividad del carrito, sirve como un activo invaluable para los propietarios de tiendas en l\u00ednea con el objetivo de tomar decisiones bien informadas. Este complemento permite a los usuarios recuperar convenientemente datos relacionados con el abandono del carrito, las tasas de conversi\u00f3n, los productos populares y varias otras m\u00e9tricas. Adem\u00e1s, estos informes se pueden adaptar sin esfuerzo para cumplir con los requisitos espec\u00edficos y acceder sin esfuerzo directamente desde el tablero de WordPress. Al analizar a fondo estos datos invaluables, los propietarios de tiendas est\u00e1n equipados para mejorar sus estrategias de ventas y maximizar sus esfuerzos de marketing, fomentando as\u00ed una mayor generaci\u00f3n de conversiones y ingresos. Dada su interfaz de usuario intuitiva y sus capacidades meticulosas de informes, es seguro afirmar que WooCommerce Cart Reports representa una herramienta indispensable para cualquier tienda en l\u00ednea pr\u00f3spera.<\/p>\n<ul>\n<li>Informes detallados en el carrito de su tienda WooCommerce<\/li>\n<li>Interfaz f\u00e1cil de usar para rastrear las ventas y el comportamiento del cliente<\/li>\n<li>Actualizaciones en tiempo real para informaci\u00f3n precisa<\/li>\n<li>Rangos de fechas personalizables para ver la actividad del carrito durante per\u00edodos espec\u00edficos<\/li>\n<li>Capacidad para rastrear carros abandonados y recuperar las ventas perdidas<\/li>\n<li>Identificar productos populares y art\u00edculos m\u00e1s vendidos<\/li>\n<li>Analizar el comportamiento del cliente para mejorar el marketing y las promociones<\/li>\n<li>Filtros incorporados para ayudarlo a segmentar sus datos para obtener mejores ideas<\/li>\n<li>Informes exportables a Formatos de Excel, CSV o PDF<\/li>\n<li>Compatible con una gama de extensiones y complementos de WooCommerce<\/li>\n<\/ul>\n","protected":false},"excerpt":{"rendered":"<p>WooCommerce Cart Reports es un complemento de informes excepcionalmente robusto e integral que ofrece ideas profundas y extensas sobre las actividades del carrito dentro de su estimada tienda de comercio electr\u00f3nico. Este notable complemento cuenta con una interfaz navegable sin esfuerzo, lo que le permite generar informes sin esfuerzo relacionados con carros abandonados, tendencias de ventas, comportamiento del cliente y una variedad de otros aspectos cruciales. Adem\u00e1s, este complemento ofrece un nivel de personalizaci\u00f3n impresionantemente alto, otorg\u00e1ndole la invaluable oportunidad de adaptar meticulosamente sus informes de acuerdo con las necesidades y requisitos a medida de su estimada tienda. No importa si usted es un novato en el \u00e1mbito del comercio electr\u00f3nico o un usuario experimentado y competente, como informa WooCommerce Carts sirve como una soluci\u00f3n por excelencia y \u00f3ptima para analizar y optimizar meticulosamente las actividades del CART dentro de su estimada tienda.<\/p>\n","protected":false},"featured_media":168069,"comment_status":"open","ping_status":"open","template":"","meta":[],"product_brand":[2344],"product_cat":[1208,1207,1206],"product_tag":[1423],"class_list":{"0":"post-126547","1":"product","2":"type-product","3":"status-publish","4":"has-post-thumbnail","6":"product_brand-woocommerce","7":"product_cat-administracion","8":"product_cat-comercio-electronico-plugins","9":"product_cat-plugins","10":"product_tag-woocommerce","11":"member-discount","12":"discount-restricted","14":"first","15":"instock","16":"sale","17":"downloadable","18":"virtual","19":"sold-individually","20":"purchasable","21":"product-type-simple"},"_links":{"self":[{"href":"https:\/\/gpl-love.com\/es\/wp-json\/wp\/v2\/product\/126547","targetHints":{"allow":["GET"]}}],"collection":[{"href":"https:\/\/gpl-love.com\/es\/wp-json\/wp\/v2\/product"}],"about":[{"href":"https:\/\/gpl-love.com\/es\/wp-json\/wp\/v2\/types\/product"}],"replies":[{"embeddable":true,"href":"https:\/\/gpl-love.com\/es\/wp-json\/wp\/v2\/comments?post=126547"}],"wp:featuredmedia":[{"embeddable":true,"href":"https:\/\/gpl-love.com\/es\/wp-json\/wp\/v2\/media\/168069"}],"wp:attachment":[{"href":"https:\/\/gpl-love.com\/es\/wp-json\/wp\/v2\/media?parent=126547"}],"wp:term":[{"taxonomy":"product_brand","embeddable":true,"href":"https:\/\/gpl-love.com\/es\/wp-json\/wp\/v2\/product_brand?post=126547"},{"taxonomy":"product_cat","embeddable":true,"href":"https:\/\/gpl-love.com\/es\/wp-json\/wp\/v2\/product_cat?post=126547"},{"taxonomy":"product_tag","embeddable":true,"href":"https:\/\/gpl-love.com\/es\/wp-json\/wp\/v2\/product_tag?post=126547"}],"curies":[{"name":"wp","href":"https:\/\/api.w.org\/{rel}","templated":true}]}}