{"id":126546,"date":"2025-12-18T00:00:00","date_gmt":"2025-12-18T05:00:00","guid":{"rendered":"https:\/\/gpl-love.com\/es\/producto\/woocommerce-cart-notices\/"},"modified":"2026-03-09T08:20:39","modified_gmt":"2026-03-09T13:20:39","slug":"woocommerce-cart-notices","status":"publish","type":"product","link":"https:\/\/gpl-love.com\/es\/producto\/woocommerce-cart-notices\/","title":{"rendered":"WooCommerce Cart Notices 1.16.3"},"content":{"rendered":"<h3>WooCommerce Cart Notices Caracteristicas<\/h3>\n<p>Los avisos de carrito de WooCommerce son un complemento incre\u00edblemente robusto y altamente efectivo que ofrece una amplia gama de funcionalidades para los propietarios de tiendas en l\u00ednea, lo que les permite incorporar a la perfecci\u00f3n avisos personalizados en su carrito de compras. Al utilizar este complemento excepcional, tiene la capacidad de modelar mensajes a medida que se mostrar\u00e1n de manera prominente a sus valiosos clientes, y la mejor parte es que estos mensajes pueden ser completamente personalizados en funci\u00f3n de varios factores como el contenido de su carrito, El subtotal de su pedido, su ubicaci\u00f3n de env\u00edo y mucho m\u00e1s. Adem\u00e1s, posee la capacidad de generar m\u00faltiples avisos y establecer condiciones espec\u00edficas para cada una de ellas, lo que permite un nivel de personalizaci\u00f3n y precisi\u00f3n sin precedentes. Este complemento inmensamente influyente es absolutamente perfecto para intensificar sus esfuerzos promocionales, proporcionar a sus clientes informaci\u00f3n crucial y, lo m\u00e1s importante, aumentar sus tasas de conversi\u00f3n. Adem\u00e1s, es crucial resaltar el hecho de que los avisos del carrito de WooCommerce son notablemente f\u00e1ciles de usar y f\u00e1cilmente adaptables para reflejar impecablemente la est\u00e9tica visual y la identidad \u00fanica de su estimada marca. En conclusi\u00f3n, es inequ\u00edvocamente evidente que los avisos del carrito de WooCommerce son un complemento indispensable que simplemente no puede ser pasado por alto por ninguna tienda en l\u00ednea que aspira a elevar la experiencia de su cliente a alturas extraordinarias, al tiempo que aumenta sus cifras de ventas a niveles sin precedentes.<\/p>\n<ul>\n<li>Avisos de carrito personalizado para sitios web de WooCommerce<\/li>\n<li>Capacidad para mostrar avisos basados \u200b\u200ben la cantidad total del carrito<\/li>\n<li>Opci\u00f3n para mostrar avisos basados \u200b\u200ben productos espec\u00edficos en el carrito<\/li>\n<li>Altamente personalizable con varias opciones de dise\u00f1o y configuraciones de visualizaci\u00f3n de texto<\/li>\n<li>Compatible con todos los temas y extensiones de WooCommerce<\/li>\n<li>Instalaci\u00f3n f\u00e1cil y proceso de configuraci\u00f3n<\/li>\n<li>Opci\u00f3n para programar la visualizaci\u00f3n de avisos en momentos o d\u00edas espec\u00edficos<\/li>\n<li>Aumenta la participaci\u00f3n del cliente y promueve oportunidades de venta adicional<\/li>\n<li>Capacidad para agregar botones de llamada a la acci\u00f3n en los avisos para una mayor participaci\u00f3n<\/li>\n<li>Ideal para promover ventas flash, ofertas de env\u00edo gratuitas y otras ofertas promocionales.<\/li>\n<\/ul>\n","protected":false},"excerpt":{"rendered":"<p>El complemento de avisos de WooCommerce Cart es una herramienta incre\u00edblemente robusta y altamente efectiva que empodera a los propietarios de tiendas en l\u00ednea con la capacidad de exhibir sin esfuerzo una amplia gama de mensajes informativos directamente a sus estimados clientes dentro del carrito de compras. Estos avisos meticulosamente personalizables sirven como un medio fant\u00e1stico para notificar e iluminar de manera efectiva a los clientes sobre las promociones m\u00e1s atractivas, descuentos excepcionales, opciones de env\u00edo atractivas, recomendaciones de productos convincentes y una gran cantidad de otras ofertas atractivas. Al adoptar este complemento excepcional, los propietarios de las tiendas pueden elevar y aumentar sin esfuerzo las estimadas experiencias de pago de sus clientes, cultivando as\u00ed sin esfuerzo un impulso sustancial en las ventas e incluso fortalecer la lealtad del cliente a alturas sin precedentes. Adem\u00e1s, el proceso de instalaci\u00f3n y configuraci\u00f3n de este notable complemento es notablemente sencillo y sin complicaciones, cementando a\u00fan m\u00e1s su estado como una visita obligada absoluta dentro del vasto ecosistema de WooCommerce. Adem\u00e1s, la integraci\u00f3n perfecta de este complemento excepcional con una mir\u00edada de otras extensiones de WooCommerce solo sirve para subrayar a\u00fan m\u00e1s su versatilidad excepcional y potencial ilimitado.<\/p>\n","protected":false},"featured_media":168068,"comment_status":"open","ping_status":"open","template":"","meta":[],"product_brand":[2344],"product_cat":[1207,1225,1206],"product_tag":[1423],"class_list":{"0":"post-126546","1":"product","2":"type-product","3":"status-publish","4":"has-post-thumbnail","6":"product_brand-woocommerce","7":"product_cat-comercio-electronico-plugins","8":"product_cat-marketing","9":"product_cat-plugins","10":"product_tag-woocommerce","11":"member-discount","12":"discount-restricted","14":"first","15":"instock","16":"sale","17":"downloadable","18":"virtual","19":"sold-individually","20":"purchasable","21":"product-type-simple"},"_links":{"self":[{"href":"https:\/\/gpl-love.com\/es\/wp-json\/wp\/v2\/product\/126546","targetHints":{"allow":["GET"]}}],"collection":[{"href":"https:\/\/gpl-love.com\/es\/wp-json\/wp\/v2\/product"}],"about":[{"href":"https:\/\/gpl-love.com\/es\/wp-json\/wp\/v2\/types\/product"}],"replies":[{"embeddable":true,"href":"https:\/\/gpl-love.com\/es\/wp-json\/wp\/v2\/comments?post=126546"}],"wp:featuredmedia":[{"embeddable":true,"href":"https:\/\/gpl-love.com\/es\/wp-json\/wp\/v2\/media\/168068"}],"wp:attachment":[{"href":"https:\/\/gpl-love.com\/es\/wp-json\/wp\/v2\/media?parent=126546"}],"wp:term":[{"taxonomy":"product_brand","embeddable":true,"href":"https:\/\/gpl-love.com\/es\/wp-json\/wp\/v2\/product_brand?post=126546"},{"taxonomy":"product_cat","embeddable":true,"href":"https:\/\/gpl-love.com\/es\/wp-json\/wp\/v2\/product_cat?post=126546"},{"taxonomy":"product_tag","embeddable":true,"href":"https:\/\/gpl-love.com\/es\/wp-json\/wp\/v2\/product_tag?post=126546"}],"curies":[{"name":"wp","href":"https:\/\/api.w.org\/{rel}","templated":true}]}}