{"id":126545,"date":"2022-06-01T00:00:00","date_gmt":"2022-06-01T05:00:00","guid":{"rendered":"https:\/\/gpl-love.com\/es\/producto\/woocommerce-cart-all-in-one-click-checkout-sticky-side-cart\/"},"modified":"2026-04-10T11:31:37","modified_gmt":"2026-04-10T16:31:37","slug":"woocommerce-cart-all-in-one-click-checkout-sticky-side-cart","status":"publish","type":"product","link":"https:\/\/gpl-love.com\/es\/producto\/woocommerce-cart-all-in-one-click-checkout-sticky-side-cart\/","title":{"rendered":"WooCommerce Cart All in One click Checkout Sticky Side Cart 1.0.7"},"content":{"rendered":"<h3>WooCommerce Cart All in One click Checkout Sticky Side Cart Caracteristicas<\/h3>\n<p>El carrito lateral adhesivo de WooCommerce, todo en un solo clic, sirve como una soluci\u00f3n muy conveniente y f\u00e1cil de usar a las necesidades de los compradores en l\u00ednea que buscan una experiencia de pago perfecta. Simplemente haciendo clic una vez, los clientes pueden finalizar sin esfuerzo su compra sin ser redirigidos a otra p\u00e1gina, minimizando as\u00ed tanto su gasto de tiempo como cualquier frustraci\u00f3n acompa\u00f1ante. Adem\u00e1s, la inclusi\u00f3n de la funci\u00f3n de carrito lateral adhesivo permite a los clientes evaluar y modificar convenientemente el contenido de su carrito al tiempo que examina simult\u00e1neamente las diversas ofertas en el sitio. En consecuencia, este producto excepcional armoniza y optimiza el procedimiento de pago tanto para clientes como para empresas, lo que resulta en cifras de ventas amplificadas y niveles elevados de satisfacci\u00f3n del cliente.<\/p>\n<ul>\n<li>Proceso de pago optimizado y conveniente para WooCommerce<\/li>\n<li>La funci\u00f3n de pago de un solo clic ahorra tiempo y esfuerzo para los clientes<\/li>\n<li>El carro lateral pegajoso asegura que el carrito siempre es visible, reduciendo las tasas de abandono del carrito<\/li>\n<li>Configuraci\u00f3n personalizable para el dise\u00f1o del carrito y la p\u00e1gina de pago<\/li>\n<li>Totalmente de respuesta m\u00f3vil para compras sin interrupciones en cualquier dispositivo<\/li>\n<li>Compatible con extensiones y complementos populares de WooCommerce<\/li>\n<li>Deciente r\u00e1pido y confiable con procesamiento de pago seguro<\/li>\n<li>Interfaz f\u00e1cil de usar para facilitar navegaci\u00f3n y uso<\/li>\n<li>Integraci\u00f3n con los principales transportistas de env\u00edo para tarifas de env\u00edo precisas y estimaciones de entrega<\/li>\n<li>Atenci\u00f3n al cliente 24\/7 y actualizaciones regulares para garantizar un rendimiento y funcionalidad \u00f3ptimos.<\/li>\n<\/ul>\n","protected":false},"excerpt":{"rendered":"<p>El carrito de WooCommerce, todo en un solo clic, el carrito lateral adhesivo se presenta como la soluci\u00f3n definitiva, lo que hace que las compras sean una experiencia perfecta y f\u00e1cil. Este complemento innovador revoluciona la forma en que los clientes interact\u00faan con sus carritos de compras al permitirles agregar elementos sin esfuerzo, ver su carrito y proceder a pagar, todos con un solo clic, sin tener que navegar lejos de la p\u00e1gina del producto. La presencia del carro lateral pegajoso asegura que los clientes tengan un acceso constante y f\u00e1cil a su carro, lo que a su vez reduce la probabilidad de abandonar el carro y mejora significativamente la experiencia de compra general. Vuelva a despedirme de los procesos de pago enrevesados \u200b\u200by que requieren mucho tiempo, y abrazar la comodidad incomparable de este notable complemento de WooCommerce, un verdadero cambio de juego en el \u00e1mbito de las compras en l\u00ednea.<\/p>\n","protected":false},"featured_media":168067,"comment_status":"open","ping_status":"open","template":"","meta":[],"product_brand":[2339],"product_cat":[1207,1248,1206],"product_tag":[1256],"class_list":{"0":"post-126545","1":"product","2":"type-product","3":"status-publish","4":"has-post-thumbnail","6":"product_brand-codecanyon","7":"product_cat-comercio-electronico-plugins","8":"product_cat-personalizacion-comercio-electronico-plugins","9":"product_cat-plugins","10":"product_tag-codecanyon","11":"member-discount","12":"discount-restricted","14":"first","15":"instock","16":"sale","17":"downloadable","18":"virtual","19":"sold-individually","20":"purchasable","21":"product-type-simple"},"_links":{"self":[{"href":"https:\/\/gpl-love.com\/es\/wp-json\/wp\/v2\/product\/126545","targetHints":{"allow":["GET"]}}],"collection":[{"href":"https:\/\/gpl-love.com\/es\/wp-json\/wp\/v2\/product"}],"about":[{"href":"https:\/\/gpl-love.com\/es\/wp-json\/wp\/v2\/types\/product"}],"replies":[{"embeddable":true,"href":"https:\/\/gpl-love.com\/es\/wp-json\/wp\/v2\/comments?post=126545"}],"wp:featuredmedia":[{"embeddable":true,"href":"https:\/\/gpl-love.com\/es\/wp-json\/wp\/v2\/media\/168067"}],"wp:attachment":[{"href":"https:\/\/gpl-love.com\/es\/wp-json\/wp\/v2\/media?parent=126545"}],"wp:term":[{"taxonomy":"product_brand","embeddable":true,"href":"https:\/\/gpl-love.com\/es\/wp-json\/wp\/v2\/product_brand?post=126545"},{"taxonomy":"product_cat","embeddable":true,"href":"https:\/\/gpl-love.com\/es\/wp-json\/wp\/v2\/product_cat?post=126545"},{"taxonomy":"product_tag","embeddable":true,"href":"https:\/\/gpl-love.com\/es\/wp-json\/wp\/v2\/product_tag?post=126545"}],"curies":[{"name":"wp","href":"https:\/\/api.w.org\/{rel}","templated":true}]}}