{"id":126544,"date":"2022-10-29T00:00:00","date_gmt":"2022-10-29T05:00:00","guid":{"rendered":"https:\/\/gpl-love.com\/es\/producto\/woocommerce-cart-add-ons\/"},"modified":"2026-03-09T08:20:37","modified_gmt":"2026-03-09T13:20:37","slug":"woocommerce-cart-add-ons","status":"publish","type":"product","link":"https:\/\/gpl-love.com\/es\/producto\/woocommerce-cart-add-ons\/","title":{"rendered":"WooCommerce Cart Addons 2.3.2"},"content":{"rendered":"<h3>WooCommerce Cart Addons Caracteristicas<\/h3>\n<p>WooCommerce Cart Addons es un complemento excepcionalmente f\u00e1cil de usar y altamente personalizable que est\u00e1 dise\u00f1ado espec\u00edficamente para mejorar la funcionalidad y la versatilidad de su tienda WooCommerce. Este notable complemento le brinda la oportunidad \u00fanica de incorporar a la perfecci\u00f3n una variedad de campos diversos en la p\u00e1gina de su carrito, incluidos, entre otros, casillas de texto, casillas de verificaci\u00f3n y botones de radio. Al integrar de manera inteligente estos campos suplementarios en la p\u00e1gina de su carrito, se le otorga la invaluable capacidad para reunir y obtener informaci\u00f3n incre\u00edblemente valiosa y perspicaz de sus estimados clientes. Dicha informaci\u00f3n puede abarcar cualquier cosa, desde mensajes de regalo reflexivos y conmovedores hasta instrucciones de entrega precisas y detalladas que se adaptan a las preferencias y requisitos de cada cliente \u00fanicos. Adem\u00e1s, a trav\u00e9s de la ingeniosa incorporaci\u00f3n de casillas de verificaci\u00f3n, puede ofrecer de manera efectiva a sus clientes apreciados una atracci\u00f3n atractiva de productos o servicios suplementarios dentro de un solo paquete agrupado. La belleza de este complemento se encuentra dentro de su facilidad de uso y adaptabilidad incomparables, ya que le brinda sin esfuerzo la oportunidad de configurar y personalizar perfectamente cada aspecto de su funcionalidad para alinearse perfectamente con sus distintas preferencias y requisitos de marca. Para elevar a\u00fan m\u00e1s el atractivo est\u00e9tico y el encanto profesional de la p\u00e1gina de su carrito, los complementos de los carros de WooCommerce ofrecen con orgullo una extensa colecci\u00f3n de plantillas preconstruidas meticulosamente elaboradas y est\u00e9ticamente agradables que est\u00e1n dise\u00f1adas para elevar sin esfuerzo su p\u00e1gina de carretas en un reino de profesionalismo sin paralelo y Brillo est\u00e9tico. A trav\u00e9s de la incorporaci\u00f3n estrat\u00e9gica de los complementos de los carros de WooCommerce en su estimada tienda, sin duda presenciar\u00e1 un aumento sin precedentes en la experiencia de compra general de sus clientes, as\u00ed como un aumento sustancial en sus cifras de ventas que sin importancia solidificar\u00e1n la posici\u00f3n prominente de su tienda dentro de la posici\u00f3n ferozmente competitiva. panorama digital.<\/p>\n<ul>\n<li>Agregue f\u00e1cilmente campos y opciones personalizadas a los productos en su carrito de WooCommerce<\/li>\n<li>Ofrecer a los clientes la capacidad de agregar opciones de personalizaci\u00f3n o selecciones de actualizaci\u00f3n durante el pago<\/li>\n<li>Aumentar el valor promedio del pedido sugiriendo productos o accesorios complementarios<\/li>\n<li>Integrar sin problemas con su tienda WooCommerce existente<\/li>\n<li>Interfaz f\u00e1cil de usar para una f\u00e1cil configuraci\u00f3n y administraci\u00f3n de complementos de carrito<\/li>\n<li>Opciones de presentaci\u00f3n personalizables para que coincidan con la est\u00e9tica de dise\u00f1o y dise\u00f1o de su tienda<\/li>\n<li>Compatible con una amplia variedad de temas y complementos de WordPress<\/li>\n<li>Capacidades de informes robustos para rastrear el rendimiento de los complementos de su carrito<\/li>\n<li>Equipo de soporte dedicado disponible para ayudar con cualquier problema o pregunta t\u00e9cnica.<\/li>\n<\/ul>\n","protected":false},"excerpt":{"rendered":"<p>Los complementos de WooCommerce Cart, un complemento de WordPress incre\u00edblemente robusto, mejora significativamente la funcionalidad de su tienda en l\u00ednea incorporando perfectamente campos personalizados en las p\u00e1ginas de sus productos. Al aprovechar este complemento fenomenal, puede reunir sin esfuerzo detalles suplementarios de sus estimados clientes, incluidos, entre otros, mensajes de regalo o incluso monogramas personalizados, precisamente en la coyuntura fundamental de la compra. Adem\u00e1s, el ingenio de los complementos del carro de WooCommerce radica en su capacidad incomparable para crear campos condicionales que se pueden adaptar exquisitamente para adaptarse a su proceso de pago \u00fanico, orquestando as\u00ed una experiencia del cliente sin precedentes. Adem\u00e1s, vale la pena se\u00f1alar que los complementos del carrito de WooCommerce se integran sin esfuerzo con su plataforma WooCommerce existente, reforzando as\u00ed su compatibilidad con todas las principales pasarelas de pago. Si desea amplificar sus ventas a trav\u00e9s de la ingeniosa implementaci\u00f3n de opciones de comercializaci\u00f3n personalizadas, \u00bfpor qu\u00e9 no aprovechar esta oportunidad de oro y familiarizarse con las notables capacidades de los complementos de los carritos de WooCommerce hoy?<\/p>\n","protected":false},"featured_media":168066,"comment_status":"open","ping_status":"open","template":"","meta":[],"product_brand":[2344],"product_cat":[1207,1248,1206],"product_tag":[1423],"class_list":{"0":"post-126544","1":"product","2":"type-product","3":"status-publish","4":"has-post-thumbnail","6":"product_brand-woocommerce","7":"product_cat-comercio-electronico-plugins","8":"product_cat-personalizacion-comercio-electronico-plugins","9":"product_cat-plugins","10":"product_tag-woocommerce","11":"member-discount","12":"discount-restricted","14":"first","15":"instock","16":"sale","17":"downloadable","18":"virtual","19":"sold-individually","20":"purchasable","21":"product-type-simple"},"_links":{"self":[{"href":"https:\/\/gpl-love.com\/es\/wp-json\/wp\/v2\/product\/126544","targetHints":{"allow":["GET"]}}],"collection":[{"href":"https:\/\/gpl-love.com\/es\/wp-json\/wp\/v2\/product"}],"about":[{"href":"https:\/\/gpl-love.com\/es\/wp-json\/wp\/v2\/types\/product"}],"replies":[{"embeddable":true,"href":"https:\/\/gpl-love.com\/es\/wp-json\/wp\/v2\/comments?post=126544"}],"wp:featuredmedia":[{"embeddable":true,"href":"https:\/\/gpl-love.com\/es\/wp-json\/wp\/v2\/media\/168066"}],"wp:attachment":[{"href":"https:\/\/gpl-love.com\/es\/wp-json\/wp\/v2\/media?parent=126544"}],"wp:term":[{"taxonomy":"product_brand","embeddable":true,"href":"https:\/\/gpl-love.com\/es\/wp-json\/wp\/v2\/product_brand?post=126544"},{"taxonomy":"product_cat","embeddable":true,"href":"https:\/\/gpl-love.com\/es\/wp-json\/wp\/v2\/product_cat?post=126544"},{"taxonomy":"product_tag","embeddable":true,"href":"https:\/\/gpl-love.com\/es\/wp-json\/wp\/v2\/product_tag?post=126544"}],"curies":[{"name":"wp","href":"https:\/\/api.w.org\/{rel}","templated":true}]}}