{"id":126542,"date":"2026-04-18T00:00:00","date_gmt":"2026-04-18T05:00:00","guid":{"rendered":"https:\/\/gpl-love.com\/es\/producto\/woocommerce-buy-one-get-one-free\/"},"modified":"2026-04-18T17:16:36","modified_gmt":"2026-04-18T22:16:36","slug":"woocommerce-buy-one-get-one-free","status":"publish","type":"product","link":"https:\/\/gpl-love.com\/es\/producto\/woocommerce-buy-one-get-one-free\/","title":{"rendered":"WooCommerce Buy One Get One Free 6.0.3"},"content":{"rendered":"<h3>WooCommerce Buy One Get One Free Caracteristicas<\/h3>\n<p>El complemento WooCommerce Buy One Get One Free se presenta como un recurso indispensable para aquellos que participan en el \u00e1mbito del comercio en l\u00ednea, ya que ofrece un medio para aumentar las ventas y fomentar la participaci\u00f3n del cliente. Este complemento facilita la creaci\u00f3n de Buy One Get One Free (BOGO) ofertas, lo que permite a los propietarios de tiendas seleccionar productos o categor\u00edas particulares para estar sujetos a esta atractiva promoci\u00f3n. En particular, los clientes est\u00e1n dotados de la comodidad de discernir f\u00e1cilmente las ofertas de Bogo y aprovechar al m\u00e1ximo la promoci\u00f3n sin encontrar ninguna perplejidad indebida o inconveniente. Un aspecto primordial de este complemento se encuentra en su personalizaci\u00f3n inherente, que proporciona a los propietarios de tiendas la capacidad de establecer condiciones espec\u00edficas para el acuerdo BOGO, como la promulgaci\u00f3n de limitaciones en la cantidad de art\u00edculos de cortes\u00eda por compra. Adem\u00e1s, el complemento exhibe compatibilidad con todos los principales temas y complementos de WooCommerce, asegurando as\u00ed una integraci\u00f3n perfecta en cualquier tienda en l\u00ednea. Cuando se ve de manera integral, el complemento WooCommerce Buy One Get One Free surge como un activo indispensable para los propietarios de tiendas en l\u00ednea que albergan aspiraciones de reforzar tanto las ventas como la gratificaci\u00f3n del cliente.<\/p>\n<ul>\n<li>Aplicar autom\u00e1ticamente la promoci\u00f3n &#8216;Comprar uno Get One Gree&#8217; a los productos calificados en la tienda WooCommerce<\/li>\n<li>Configuraciones flexibles para personalizar las reglas BOGO basadas en el producto, categor\u00eda o promociones espec\u00edficas<\/li>\n<li>Compatible con productos simples, variables y agrupados en WooCommerce<\/li>\n<li>Opci\u00f3n para elegir qu\u00e9 productos incluir y cu\u00e1les excluir de las promociones de Bogo<\/li>\n<li>Capacidad para limitar el n\u00famero total de productos gratuitos que se dan para una promoci\u00f3n<\/li>\n<li>Interfaz de usuario simple y directa para administrar las promociones de Bogo<\/li>\n<li>Ajusta autom\u00e1ticamente el precio del carrito cuando se aplica la promoci\u00f3n de Bogo<\/li>\n<li>Compatible con la mayor\u00eda de las pasarelas de pago de WooCommerce y los m\u00e9todos de env\u00edo<\/li>\n<li>Caracter\u00edsticas avanzadas como configuraci\u00f3n de descuentos basados \u200b\u200ben la cantidad o la categor\u00eda de productos<\/li>\n<li>Atenci\u00f3n al cliente 24\/7 y actualizaciones regulares para garantizar la compatibilidad con la \u00faltima versi\u00f3n de WooCommerce.<\/li>\n<\/ul>\n","protected":false},"excerpt":{"rendered":"<p>\u00a1Aproveche el inmenso potencial para aumentar sus ventas incorporando la notable funcionalidad de WooCommerce Compre uno Get One GRATIS! Este complemento excepcional le presenta la oportunidad \u00fanica de crear promociones atractivas que incentiven a los clientes a realizar una compra ofreci\u00e9ndoles la oportunidad de adquirir un art\u00edculo adicional sin costo sin costo. Adem\u00e1s, el proceso de instalaci\u00f3n sin interrupciones y la amplia gama de opciones personalizables aseguran que puede guiar sin esfuerzo a los compradores potenciales para adquirir un mayor n\u00famero de productos, mientras experimenta un aumento sustancial en las tasas de conversi\u00f3n. \u00a1Abrace la innegable destreza de las ofertas de Bogo y impulse su negocio a nuevas alturas con las capacidades inigualables de WooCommerce Compre uno Get One GRATIS!<\/p>\n","protected":false},"featured_media":168064,"comment_status":"open","ping_status":"open","template":"","meta":[],"product_brand":[2344],"product_cat":[1207,1225,1206],"product_tag":[1423],"class_list":{"0":"post-126542","1":"product","2":"type-product","3":"status-publish","4":"has-post-thumbnail","6":"product_brand-woocommerce","7":"product_cat-comercio-electronico-plugins","8":"product_cat-marketing","9":"product_cat-plugins","10":"product_tag-woocommerce","11":"member-discount","12":"discount-restricted","14":"first","15":"instock","16":"sale","17":"downloadable","18":"virtual","19":"sold-individually","20":"purchasable","21":"product-type-simple"},"_links":{"self":[{"href":"https:\/\/gpl-love.com\/es\/wp-json\/wp\/v2\/product\/126542","targetHints":{"allow":["GET"]}}],"collection":[{"href":"https:\/\/gpl-love.com\/es\/wp-json\/wp\/v2\/product"}],"about":[{"href":"https:\/\/gpl-love.com\/es\/wp-json\/wp\/v2\/types\/product"}],"replies":[{"embeddable":true,"href":"https:\/\/gpl-love.com\/es\/wp-json\/wp\/v2\/comments?post=126542"}],"wp:featuredmedia":[{"embeddable":true,"href":"https:\/\/gpl-love.com\/es\/wp-json\/wp\/v2\/media\/168064"}],"wp:attachment":[{"href":"https:\/\/gpl-love.com\/es\/wp-json\/wp\/v2\/media?parent=126542"}],"wp:term":[{"taxonomy":"product_brand","embeddable":true,"href":"https:\/\/gpl-love.com\/es\/wp-json\/wp\/v2\/product_brand?post=126542"},{"taxonomy":"product_cat","embeddable":true,"href":"https:\/\/gpl-love.com\/es\/wp-json\/wp\/v2\/product_cat?post=126542"},{"taxonomy":"product_tag","embeddable":true,"href":"https:\/\/gpl-love.com\/es\/wp-json\/wp\/v2\/product_tag?post=126542"}],"curies":[{"name":"wp","href":"https:\/\/api.w.org\/{rel}","templated":true}]}}