{"id":126539,"date":"2026-02-05T00:00:00","date_gmt":"2026-02-05T05:00:00","guid":{"rendered":"https:\/\/gpl-love.com\/es\/producto\/woocommerce-bulk-stock-management\/"},"modified":"2026-04-10T11:31:33","modified_gmt":"2026-04-10T16:31:33","slug":"woocommerce-bulk-stock-management","status":"publish","type":"product","link":"https:\/\/gpl-love.com\/es\/producto\/woocommerce-bulk-stock-management\/","title":{"rendered":"WooCommerce Bulk Stock Management 2.3.4"},"content":{"rendered":"<h3>WooCommerce Bulk Stock Management Caracteristicas<\/h3>\n<p>El complemento de gesti\u00f3n de existencias a granel de WooCommerce, una herramienta inmensamente potente meticulosamente elaborada para facilitar la gesti\u00f3n perfecta del inventario para propietarios digitales de la tienda, sirve como un ep\u00edtome de la eficiencia. Al emplear este complemento, sin esfuerzo podr\u00e1 supervisar los niveles de stock para numerosos productos simult\u00e1neamente, lo que resulta en un ahorro considerable de su precioso tiempo y su valioso esfuerzo. Lo que acent\u00faa a\u00fan m\u00e1s su atractivo es su capacidad para facilitar la actualizaci\u00f3n y el ajuste de los niveles de existencias en masa, evitando as\u00ed la necesidad de modificar laboriosamente cada producto individual. Adem\u00e1s, esta herramienta invaluable le permite examinar convenientemente la informaci\u00f3n de las acciones relacionadas con todos los productos en una p\u00e1gina solitaria, lo que genera un proceso simplificado de realizar un seguimiento de los niveles de inventario. De hecho, este complemento es un activo indispensable para cualquier propietario de la tienda en l\u00ednea que aspire a optimizar su proceso de gesti\u00f3n de inventario al tiempo que garantiza el mantenimiento perpetuamente preciso de los niveles de stock.<\/p>\n<ul>\n<li>Administrar f\u00e1cilmente los niveles de stock para m\u00faltiples productos a granel<\/li>\n<li>Actualice r\u00e1pidamente las cantidades de stock para m\u00faltiples productos a la vez<\/li>\n<li>Monitorear y rastrear los niveles de inventario con facilidad<\/li>\n<li>Reduzca el tiempo dedicado a actualizar manualmente los niveles de stock<\/li>\n<li>Personalizar alertas y notificaciones a nivel de stock<\/li>\n<li>Compatible con WooCommerce, la plataforma l\u00edder de comercio electr\u00f3nico<\/li>\n<li>Mejorar la precisi\u00f3n del inventario y evitar la sobreventa<\/li>\n<li>Racionalizar la gesti\u00f3n de acciones y mejorar la eficiencia general<\/li>\n<li>Interfaz intuitiva para usar f\u00e1cilmente por empresas de cualquier tama\u00f1o<\/li>\n<li>Fomenta una mayor productividad para las empresas al reducir los errores de los niveles de acciones y aumentar la precisi\u00f3n de la informaci\u00f3n de acciones entrantes.<\/li>\n<\/ul>\n","protected":false},"excerpt":{"rendered":"<p>WooCommerce Bulk Stock Management se presenta como una herramienta excepcional que tiene como objetivo optimizar y mejorar la tarea altamente cr\u00edtica de la gesti\u00f3n de acciones para los propietarios de tiendas que utilizan WooCommerce. El objetivo principal detr\u00e1s de esta herramienta es aliviar la naturaleza onerosa de la gesti\u00f3n de acciones al proporcionar a los propietarios de tiendas la capacidad de actualizar y administrar los niveles de existencias a granel, reduciendo as\u00ed significativamente el consumo de su valioso tiempo y esfuerzo. La integraci\u00f3n perfecta con esta herramienta permite a los propietarios de tiendas cargar convenientemente un archivo CSV que contenga informaci\u00f3n integral del producto junto con los niveles de stock correspondientes, que posteriormente facilitan la herramienta para actualizar diligentemente el inventario en consecuencia. Esta soluci\u00f3n innovadora es especialmente ventajosa para las empresas que operan con una amplia variedad de productos y con frecuencia se encuentran con la necesidad de actualizaciones de acciones.<\/p>\n","protected":false},"featured_media":168060,"comment_status":"open","ping_status":"open","template":"","meta":[],"product_brand":[2344],"product_cat":[1208,1207,1206],"product_tag":[1423],"class_list":{"0":"post-126539","1":"product","2":"type-product","3":"status-publish","4":"has-post-thumbnail","6":"product_brand-woocommerce","7":"product_cat-administracion","8":"product_cat-comercio-electronico-plugins","9":"product_cat-plugins","10":"product_tag-woocommerce","11":"member-discount","12":"discount-restricted","14":"first","15":"instock","16":"sale","17":"downloadable","18":"virtual","19":"sold-individually","20":"purchasable","21":"product-type-simple"},"_links":{"self":[{"href":"https:\/\/gpl-love.com\/es\/wp-json\/wp\/v2\/product\/126539","targetHints":{"allow":["GET"]}}],"collection":[{"href":"https:\/\/gpl-love.com\/es\/wp-json\/wp\/v2\/product"}],"about":[{"href":"https:\/\/gpl-love.com\/es\/wp-json\/wp\/v2\/types\/product"}],"replies":[{"embeddable":true,"href":"https:\/\/gpl-love.com\/es\/wp-json\/wp\/v2\/comments?post=126539"}],"wp:featuredmedia":[{"embeddable":true,"href":"https:\/\/gpl-love.com\/es\/wp-json\/wp\/v2\/media\/168060"}],"wp:attachment":[{"href":"https:\/\/gpl-love.com\/es\/wp-json\/wp\/v2\/media?parent=126539"}],"wp:term":[{"taxonomy":"product_brand","embeddable":true,"href":"https:\/\/gpl-love.com\/es\/wp-json\/wp\/v2\/product_brand?post=126539"},{"taxonomy":"product_cat","embeddable":true,"href":"https:\/\/gpl-love.com\/es\/wp-json\/wp\/v2\/product_cat?post=126539"},{"taxonomy":"product_tag","embeddable":true,"href":"https:\/\/gpl-love.com\/es\/wp-json\/wp\/v2\/product_tag?post=126539"}],"curies":[{"name":"wp","href":"https:\/\/api.w.org\/{rel}","templated":true}]}}