{"id":126538,"date":"2021-02-09T00:00:00","date_gmt":"2021-02-09T05:00:00","guid":{"rendered":"https:\/\/gpl-love.com\/es\/producto\/woocommerce-bulk-download\/"},"modified":"2026-04-10T11:31:32","modified_gmt":"2026-04-10T16:31:32","slug":"woocommerce-bulk-download","status":"publish","type":"product","link":"https:\/\/gpl-love.com\/es\/producto\/woocommerce-bulk-download\/","title":{"rendered":"WooCommerce Bulk Download 1.2.13"},"content":{"rendered":"<h3>WooCommerce Bulk Download Caracteristicas<\/h3>\n<p>WooCommerce Bulk Download, una herramienta altamente eficiente, permite a los usuarios descargar sin esfuerzo numerosos archivos de una vez desde su tienda WooCommerce. Ya sea que sea propietario de una tienda o un cliente que busca acceder a m\u00faltiples archivos, este complemento se ha creado ingeniosamente para optimizar el proceso y economizar su tiempo. Gracias a la descarga a granel de WooCommerce, los usuarios tienen la capacidad de seleccionar y descargar archivos convenientemente en grandes cantidades, facilitando as\u00ed la administraci\u00f3n de colecciones de archivos extensas. En particular, este complemento cuenta con una interfaz f\u00e1cil de usar y ofrece opciones de personalizaci\u00f3n sobresalientes, lo que le permite adaptar la configuraci\u00f3n de acuerdo con sus distintos requisitos. Sin lugar a dudas, esta herramienta indispensable brinda asistencia invaluable a cualquier persona que busque obtener archivos a granel de una tienda de WooCommerce.<\/p>\n<ul>\n<li>Descargue varios archivos a la vez: la descarga a granel de WooCommerce le permite descargar f\u00e1cilmente m\u00faltiples archivos desde su tienda WooCommerce con solo unos pocos clics.<\/li>\n<li>Guarde el tiempo y el esfuerzo: en lugar de descargar archivos uno por uno, este complemento agiliza el proceso y le permite descargarlos todos de una vez.<\/li>\n<li>Descargue en varios formatos: ya sea que necesite descargar im\u00e1genes, PDF u otros tipos de archivos, la descarga masiva de WooCommerce lo tiene cubierto.<\/li>\n<li>Filtrado flexible: puede especificar qu\u00e9 productos o archivos desea descargar utilizando filtros como el rango de fechas, el tipo de producto y m\u00e1s.<\/li>\n<li>Interfaz f\u00e1cil de usar: el complemento incluye una interfaz intuitiva que facilita navegar y seleccionar los archivos que necesita.<\/li>\n<li>Compatible con grandes tiendas: si tiene una gran tienda de WooCommerce con muchos archivos, la descarga a granel de WooCommerce puede manejarlo con facilidad.<\/li>\n<li>Registros de descarga completos: realice un seguimiento de sus descargas y vea un historial completo de todos los archivos y productos que ha descargado.<\/li>\n<li>Amigo del desarrollador: el complemento incluye ganchos y filtros que permiten a los desarrolladores personalizar su funcionalidad e integrarlo con otros complementos o sistemas.<\/li>\n<\/ul>\n","protected":false},"excerpt":{"rendered":"<p>La descarga masiva de WooCommerce presenta una utilidad notablemente potente, lo que le permite obtener convenientemente todos los archivos de productos de su tienda en l\u00ednea en una sola acci\u00f3n r\u00e1pida. Con un solo pu\u00f1ado de clics, puede recuperar r\u00e1pidamente el acceso y preservar todos sus archivos de productos descargables en su computadora personal. Esta capacidad innovadora facilita profundamente sus esfuerzos para administrar y sistematizar su mercanc\u00eda digital, mejorando significativamente su experiencia general. Por lo tanto, si sus objetivos abarcan la protecci\u00f3n de sus archivos, la translocaci\u00f3n a un sitio web alternativo o simplemente racionalizaci\u00f3n de sus pr\u00e1cticas de gesti\u00f3n de productos, la descarga a granel de WooCommerce surge como la soluci\u00f3n definitiva para satisfacer sus m\u00faltiples necesidades. \u00a1No pierda el tiempo y se embarque en este viaje transformador hoy, y lujo en las ventajas incomparables de un proceso de descarga a granel sin esfuerzo!<\/p>\n","protected":false},"featured_media":168059,"comment_status":"open","ping_status":"open","template":"","meta":[],"product_brand":[2344],"product_cat":[1208,1207,1206],"product_tag":[1423],"class_list":{"0":"post-126538","1":"product","2":"type-product","3":"status-publish","4":"has-post-thumbnail","6":"product_brand-woocommerce","7":"product_cat-administracion","8":"product_cat-comercio-electronico-plugins","9":"product_cat-plugins","10":"product_tag-woocommerce","11":"member-discount","12":"discount-restricted","14":"first","15":"instock","16":"sale","17":"downloadable","18":"virtual","19":"sold-individually","20":"purchasable","21":"product-type-simple"},"_links":{"self":[{"href":"https:\/\/gpl-love.com\/es\/wp-json\/wp\/v2\/product\/126538","targetHints":{"allow":["GET"]}}],"collection":[{"href":"https:\/\/gpl-love.com\/es\/wp-json\/wp\/v2\/product"}],"about":[{"href":"https:\/\/gpl-love.com\/es\/wp-json\/wp\/v2\/types\/product"}],"replies":[{"embeddable":true,"href":"https:\/\/gpl-love.com\/es\/wp-json\/wp\/v2\/comments?post=126538"}],"wp:featuredmedia":[{"embeddable":true,"href":"https:\/\/gpl-love.com\/es\/wp-json\/wp\/v2\/media\/168059"}],"wp:attachment":[{"href":"https:\/\/gpl-love.com\/es\/wp-json\/wp\/v2\/media?parent=126538"}],"wp:term":[{"taxonomy":"product_brand","embeddable":true,"href":"https:\/\/gpl-love.com\/es\/wp-json\/wp\/v2\/product_brand?post=126538"},{"taxonomy":"product_cat","embeddable":true,"href":"https:\/\/gpl-love.com\/es\/wp-json\/wp\/v2\/product_cat?post=126538"},{"taxonomy":"product_tag","embeddable":true,"href":"https:\/\/gpl-love.com\/es\/wp-json\/wp\/v2\/product_tag?post=126538"}],"curies":[{"name":"wp","href":"https:\/\/api.w.org\/{rel}","templated":true}]}}