{"id":126537,"date":"2024-11-09T00:00:00","date_gmt":"2024-11-09T05:00:00","guid":{"rendered":"https:\/\/gpl-love.com\/es\/producto\/woocommerce-brands\/"},"modified":"2026-04-10T11:31:31","modified_gmt":"2026-04-10T16:31:31","slug":"woocommerce-brands","status":"publish","type":"product","link":"https:\/\/gpl-love.com\/es\/producto\/woocommerce-brands\/","title":{"rendered":"WooCommerce Brands 1.7.7"},"content":{"rendered":"<h3>WooCommerce Brands Caracteristicas<\/h3>\n<p>WooCommerce Brands, un complemento incre\u00edblemente potente, ha sido meticulosamente dise\u00f1ado para ayudar a las empresas a mostrar efectivamente su amplia gama de colecciones de marca en su tienda en l\u00ednea de WooCommerce. Este ingenioso complemento facilita sin esfuerzo la creaci\u00f3n y gesti\u00f3n de las marcas, otorgando a los usuarios la capacidad de incorporar los logotipos, descripciones de marca y enlaces a la p\u00e1gina dedicada de cada marca. Al implementar las marcas de WooCommerce, los clientes reciben la invaluable capacidad de localizar y filtrar los productos en funci\u00f3n de su marca preferida, mejorando en gran medida la facilidad de navegaci\u00f3n y, en \u00faltima instancia, aumentando la experiencia de compra general. Sorprendentemente adaptable, este complemento proporciona a los usuarios un impresionante repertorio de caracter\u00edsticas personalizables, que abarca una extensa variedad de plantillas, estilos y widgets, meticulosamente adaptado para armonizar sin problemas con la est\u00e9tica \u00fanica de su marca. Sin duda, WooCommerce Brands es una herramienta indispensable, un verdadero regalo del cielo para cualquier entidad comercial que busque diligentemente forjar un reino de compras en l\u00ednea profesional y sin esfuerzo navegable.<\/p>\n<ul>\n<li>Permite a los clientes filtrar productos por marca en su tienda WooCommerce<\/li>\n<li>Facilita a los clientes encontrar productos de sus marcas favoritas<\/li>\n<li>Le ayuda a organizar el inventario de su tienda por marca<\/li>\n<li>Aumenta la confianza y la lealtad del cliente al destacar marcas conocidas<\/li>\n<li>Se integra a la perfecci\u00f3n con otros complementos y extensiones de WooCommerce<\/li>\n<li>Opciones de dise\u00f1o personalizables para que coincidan con la marca de su tienda<\/li>\n<li>Genera p\u00e1ginas y widgets espec\u00edficos de la marca para una f\u00e1cil navegaci\u00f3n<\/li>\n<li>Ofrece opciones de b\u00fasqueda avanzadas para marcas espec\u00edficas<\/li>\n<li>No se requiere codificaci\u00f3n para configurar y usar<\/li>\n<li>Proporciona un apoyo eficiente y confiable del equipo de WooCommerce.<\/li>\n<\/ul>\n","protected":false},"excerpt":{"rendered":"<p>El complemento de WooCommerce Brands sirve como una herramienta altamente beneficiosa adaptada exclusivamente para tiendas en l\u00ednea utilizando WooCommerce. Su prop\u00f3sito principal es facilitar la creaci\u00f3n y administraci\u00f3n de numerosas marcas o categor\u00edas de productos, lo que hace que el proceso de descubrimiento de productos sea significativamente m\u00e1s conveniente para los clientes. Al incorporar las marcas de WooCommerce en su tienda en l\u00ednea, se le otorga la capacidad de integrar los logotipos, descripciones y enlaces para cada marca, mostr\u00e1ndolos efectivamente en la p\u00e1gina del producto, la p\u00e1gina de la tienda o incluso dentro de los resultados de b\u00fasqueda. En consecuencia, este complemento juega un papel fundamental en la optimizaci\u00f3n de la experiencia del usuario, que finalmente culmin\u00f3 en la amplificaci\u00f3n de los esfuerzos de optimizaci\u00f3n de motores de b\u00fasqueda de su tienda.<\/p>\n","protected":false},"featured_media":168058,"comment_status":"open","ping_status":"open","template":"","meta":[],"product_brand":[2344],"product_cat":[1208,1207,1206],"product_tag":[1423],"class_list":{"0":"post-126537","1":"product","2":"type-product","3":"status-publish","4":"has-post-thumbnail","6":"product_brand-woocommerce","7":"product_cat-administracion","8":"product_cat-comercio-electronico-plugins","9":"product_cat-plugins","10":"product_tag-woocommerce","11":"member-discount","12":"discount-restricted","14":"first","15":"instock","16":"sale","17":"downloadable","18":"virtual","19":"sold-individually","20":"purchasable","21":"product-type-simple"},"_links":{"self":[{"href":"https:\/\/gpl-love.com\/es\/wp-json\/wp\/v2\/product\/126537","targetHints":{"allow":["GET"]}}],"collection":[{"href":"https:\/\/gpl-love.com\/es\/wp-json\/wp\/v2\/product"}],"about":[{"href":"https:\/\/gpl-love.com\/es\/wp-json\/wp\/v2\/types\/product"}],"replies":[{"embeddable":true,"href":"https:\/\/gpl-love.com\/es\/wp-json\/wp\/v2\/comments?post=126537"}],"wp:featuredmedia":[{"embeddable":true,"href":"https:\/\/gpl-love.com\/es\/wp-json\/wp\/v2\/media\/168058"}],"wp:attachment":[{"href":"https:\/\/gpl-love.com\/es\/wp-json\/wp\/v2\/media?parent=126537"}],"wp:term":[{"taxonomy":"product_brand","embeddable":true,"href":"https:\/\/gpl-love.com\/es\/wp-json\/wp\/v2\/product_brand?post=126537"},{"taxonomy":"product_cat","embeddable":true,"href":"https:\/\/gpl-love.com\/es\/wp-json\/wp\/v2\/product_cat?post=126537"},{"taxonomy":"product_tag","embeddable":true,"href":"https:\/\/gpl-love.com\/es\/wp-json\/wp\/v2\/product_tag?post=126537"}],"curies":[{"name":"wp","href":"https:\/\/api.w.org\/{rel}","templated":true}]}}