{"id":126536,"date":"2022-09-24T00:00:00","date_gmt":"2022-09-24T05:00:00","guid":{"rendered":"https:\/\/gpl-love.com\/es\/producto\/woocommerce-branding\/"},"modified":"2026-04-10T11:31:30","modified_gmt":"2026-04-10T16:31:30","slug":"woocommerce-branding","status":"publish","type":"product","link":"https:\/\/gpl-love.com\/es\/producto\/woocommerce-branding\/","title":{"rendered":"WooCommerce Branding 1.0.31"},"content":{"rendered":"<h3>WooCommerce Branding Caracteristicas<\/h3>\n<p>El complemento de marca WooCommerce es una herramienta incre\u00edblemente potente que ha sido dise\u00f1ada espec\u00edficamente para mejorar y elevar la identidad de marca de su tienda WooCommerce. Le otorga una extensa variedad de opciones de personalizaci\u00f3n, lo que le permite imbuir su tienda con un toque de originalidad distinto e inconfundible. Desde poder incorporar sin esfuerzo su propio logotipo, hasta hacer ajustes perfectos al esquema de color e incluso modificar el estilo de fuente, WooCommerce Branding le proporciona los medios para transformar y adaptar verdaderamente su tienda de acuerdo con su imagen de marca. Esto, a su vez, le permite ofrecer una experiencia de compra incomparable e inolvidable a su estimada clientela, asegurando as\u00ed que tengan una impresi\u00f3n indeleble que resuene perfectamente con su esencia de marca. Al personalizar ingeniosamente su tienda de WooCommerce a trav\u00e9s de la utilizaci\u00f3n de este complemento notable, est\u00e1 fortificando y refuerzando efectivamente su identidad de marca, fomentando as\u00ed un sentido inquebrantable de lealtad del cliente y, en \u00faltima instancia, atrayendo un mayor n\u00famero de ventas rentables.<\/p>\n<ul>\n<li>Personaliza la marca de su tienda WooCommerce para que coincida con la identidad de su marca<\/li>\n<li>Agrega su logotipo al encabezado de su tienda<\/li>\n<li>Le permite cambiar el esquema de color de su tienda para que coincida con el esquema de color de su marca<\/li>\n<li>Personalice las notificaciones de correo electr\u00f3nico enviadas a los clientes para que coincidan con el tono y la voz de su marca.<\/li>\n<li>Agrega su marca a los t\u00edtulos y descripciones de la p\u00e1gina para una mejor optimizaci\u00f3n de SEO<\/li>\n<li>Cree un aspecto consistente y profesional en la totalidad de su tienda WooCommerce<\/li>\n<li>F\u00e1cil de instalar y usar sin codificaci\u00f3n requerida<\/li>\n<\/ul>\n","protected":false},"excerpt":{"rendered":"<p>WooCommerce Branding, un complemento de marca altamente potente, le proporciona la notable capacidad de adaptar intrincadamente la est\u00e9tica visual y el contenido comunicativo de su emporio en l\u00ednea. Al emplear este complemento notable, obtiene la capacidad sin esfuerzo para modificar sin problemas una serie de aspectos como tonos, tipograf\u00edas, insignias y otros componentes de dise\u00f1o que contribuyen significativamente a forjar un encuentro de marca armonioso e inolvidable para su estimada clientela. Independientemente de si se encuentra en la etapa naciente de introducir un nuevo bazar digital o embarcarse en un viaje de revitalizaci\u00f3n para su existente, la marca WooCommerce se erige inequ\u00edvocamente como un instrumento indispensable que le otorga la destreza que necesitaba para lograr triunfantes triunfantes de la marca de mercanc\u00edas electr\u00f3nicas.<\/p>\n","protected":false},"featured_media":168057,"comment_status":"open","ping_status":"open","template":"","meta":[],"product_brand":[2344],"product_cat":[1208,1207,1206],"product_tag":[1423],"class_list":{"0":"post-126536","1":"product","2":"type-product","3":"status-publish","4":"has-post-thumbnail","6":"product_brand-woocommerce","7":"product_cat-administracion","8":"product_cat-comercio-electronico-plugins","9":"product_cat-plugins","10":"product_tag-woocommerce","11":"member-discount","12":"discount-restricted","14":"first","15":"instock","16":"sale","17":"downloadable","18":"virtual","19":"sold-individually","20":"purchasable","21":"product-type-simple"},"_links":{"self":[{"href":"https:\/\/gpl-love.com\/es\/wp-json\/wp\/v2\/product\/126536","targetHints":{"allow":["GET"]}}],"collection":[{"href":"https:\/\/gpl-love.com\/es\/wp-json\/wp\/v2\/product"}],"about":[{"href":"https:\/\/gpl-love.com\/es\/wp-json\/wp\/v2\/types\/product"}],"replies":[{"embeddable":true,"href":"https:\/\/gpl-love.com\/es\/wp-json\/wp\/v2\/comments?post=126536"}],"wp:featuredmedia":[{"embeddable":true,"href":"https:\/\/gpl-love.com\/es\/wp-json\/wp\/v2\/media\/168057"}],"wp:attachment":[{"href":"https:\/\/gpl-love.com\/es\/wp-json\/wp\/v2\/media?parent=126536"}],"wp:term":[{"taxonomy":"product_brand","embeddable":true,"href":"https:\/\/gpl-love.com\/es\/wp-json\/wp\/v2\/product_brand?post=126536"},{"taxonomy":"product_cat","embeddable":true,"href":"https:\/\/gpl-love.com\/es\/wp-json\/wp\/v2\/product_cat?post=126536"},{"taxonomy":"product_tag","embeddable":true,"href":"https:\/\/gpl-love.com\/es\/wp-json\/wp\/v2\/product_tag?post=126536"}],"curies":[{"name":"wp","href":"https:\/\/api.w.org\/{rel}","templated":true}]}}