{"id":126535,"date":"2026-03-18T00:00:00","date_gmt":"2026-03-18T05:00:00","guid":{"rendered":"https:\/\/gpl-love.com\/es\/producto\/woocommerce-box-office\/"},"modified":"2026-04-10T11:31:29","modified_gmt":"2026-04-10T16:31:29","slug":"woocommerce-box-office","status":"publish","type":"product","link":"https:\/\/gpl-love.com\/es\/producto\/woocommerce-box-office\/","title":{"rendered":"WooCommerce Box Office 1.3.9"},"content":{"rendered":"<h3>WooCommerce Box Office Caracteristicas<\/h3>\n<p>WooCommerce Box Office, un complemento robusto, ha sido meticulosamente elaborado para optimizar la funcionalidad de su tienda WooCommerce incorporando un componente de taquilla. Este notable complemento le capacita para vender boletos sin esfuerzo para varios eventos o actuaciones directamente en su sitio web, evitando as\u00ed el requisito de una plataforma de boletos de terceros. Integrado sin problemas con su tablero de WordPress, la taquilla de WooCommerce le otorga la capacidad de generar eventos sin esfuerzo, establecer los precios y las cantidades de boletos, y supervisar efectivamente las ventas de boletos. Adem\u00e1s, este complemento cuenta con una gran cantidad de caracter\u00edsticas impresionantes, que incluyen, entre otros, boletos personalizados, capacidades de escaneo de c\u00f3digos de barras y recordatorios de eventos, asegurando as\u00ed una experiencia simplificada e impecable tanto para usted como para su estimado clientele. Si su reuni\u00f3n prevista consiste en un concierto fascinante, una actuaci\u00f3n de teatro fascinante o cualquier otro g\u00e9nero de evento, tenga la seguridad de que la taquilla de WooCommerce sirve como la soluci\u00f3n por excelencia para la venta en l\u00ednea de boletos.<\/p>\n<ul>\n<li>Un sistema de boletos f\u00e1cil de usar para eventos y espect\u00e1culos<\/li>\n<li>Se integra sin problemas con su sitio web existente de WooCommerce<\/li>\n<li>Tipos de boletos personalizables, precios y disponibilidad<\/li>\n<li>Seguimiento de ventas y asistencia en tiempo real<\/li>\n<li>Procesamiento de pago seguro a trav\u00e9s de WooCommerce<\/li>\n<li>Gr\u00e1ficos de asientos interactivos para eventos de asientos asignados<\/li>\n<li>Escaneo de c\u00f3digo de barras para un check-in r\u00e1pido<\/li>\n<li>Herramientas de gesti\u00f3n de eventos y boletos para organizadores<\/li>\n<li>Dise\u00f1o de respuesta m\u00f3vil para que los clientes compren boletos en cualquier dispositivo<\/li>\n<\/ul>\n","protected":false},"excerpt":{"rendered":"<p>La taquilla de WooCommerce es una herramienta de vanguardia e innovadora meticulosamente elaborada para ayudar en la optimizaci\u00f3n y la mejora de su proceso de venta de boletos en l\u00ednea. Se integra perfectamente con su tienda de WooCommerce preexistente, brind\u00e1ndole la oportunidad sin esfuerzo para vender boletos sin esfuerzo para una amplia gama de eventos, incluidos, entre otros, conciertos, espect\u00e1culos y otros espect\u00e1culos atractivos. La flexibilidad incomparable que ofrece WooCommerce Box Office le otorga la capacidad de personalizar y adaptar sus tipos de boletos para satisfacer sus necesidades espec\u00edficas, al tiempo que le permite establecer y regular los niveles de precios con la m\u00e1xima precisi\u00f3n. Adem\u00e1s, la conveniencia y la eficiencia de administrar todas las ventas de boletos en un tablero f\u00e1cilmente navegable es una ventaja innegable ofrecida por este software revolucionario. D\u00e9jate despedir de la naturaleza desconcertante y engorrosa de las hojas de c\u00e1lculo y la laboriosa entrada de datos manuales, como la taquilla de WooCommerce simplifica y optimiza estas tareas de otro modo que de otro modo ser\u00edan arduas, asegurando as\u00ed una experiencia perfecta y deliciosa para ti como el proveedor y tus clientes estimados.<\/p>\n","protected":false},"featured_media":168056,"comment_status":"open","ping_status":"open","template":"","meta":[],"product_brand":[2344],"product_cat":[1208,1207,1206],"product_tag":[1423],"class_list":{"0":"post-126535","1":"product","2":"type-product","3":"status-publish","4":"has-post-thumbnail","6":"product_brand-woocommerce","7":"product_cat-administracion","8":"product_cat-comercio-electronico-plugins","9":"product_cat-plugins","10":"product_tag-woocommerce","11":"member-discount","12":"discount-restricted","14":"first","15":"instock","16":"sale","17":"downloadable","18":"virtual","19":"sold-individually","20":"purchasable","21":"product-type-simple"},"_links":{"self":[{"href":"https:\/\/gpl-love.com\/es\/wp-json\/wp\/v2\/product\/126535","targetHints":{"allow":["GET"]}}],"collection":[{"href":"https:\/\/gpl-love.com\/es\/wp-json\/wp\/v2\/product"}],"about":[{"href":"https:\/\/gpl-love.com\/es\/wp-json\/wp\/v2\/types\/product"}],"replies":[{"embeddable":true,"href":"https:\/\/gpl-love.com\/es\/wp-json\/wp\/v2\/comments?post=126535"}],"wp:featuredmedia":[{"embeddable":true,"href":"https:\/\/gpl-love.com\/es\/wp-json\/wp\/v2\/media\/168056"}],"wp:attachment":[{"href":"https:\/\/gpl-love.com\/es\/wp-json\/wp\/v2\/media?parent=126535"}],"wp:term":[{"taxonomy":"product_brand","embeddable":true,"href":"https:\/\/gpl-love.com\/es\/wp-json\/wp\/v2\/product_brand?post=126535"},{"taxonomy":"product_cat","embeddable":true,"href":"https:\/\/gpl-love.com\/es\/wp-json\/wp\/v2\/product_cat?post=126535"},{"taxonomy":"product_tag","embeddable":true,"href":"https:\/\/gpl-love.com\/es\/wp-json\/wp\/v2\/product_tag?post=126535"}],"curies":[{"name":"wp","href":"https:\/\/api.w.org\/{rel}","templated":true}]}}