{"id":126534,"date":"2025-11-30T00:00:00","date_gmt":"2025-11-30T05:00:00","guid":{"rendered":"https:\/\/gpl-love.com\/es\/producto\/woocommerce-boost-sales-upsells-y-cross-sells-popups-y-discount\/"},"modified":"2026-03-09T08:20:20","modified_gmt":"2026-03-09T13:20:20","slug":"woocommerce-boost-sales-upsells-y-cross-sells-popups-y-discount","status":"publish","type":"product","link":"https:\/\/gpl-love.com\/es\/producto\/woocommerce-boost-sales-upsells-y-cross-sells-popups-y-discount\/","title":{"rendered":"WooCommerce Boost Sales Upsells y Cross Sells Popups y Discount 1.6.3"},"content":{"rendered":"<h3>WooCommerce Boost Sales Upsells y Cross Sells Popups y Discount Caracteristicas<\/h3>\n<p>El WooCommerce Boost Sales SobreSs y Cross vende ventanas emergentes y descuentos es una herramienta incre\u00edblemente robusta y altamente efectiva que desempe\u00f1a un papel fundamental en la ayuda de los propietarios de tiendas en l\u00ednea a aumentar sus ingresos por ventas. Su funci\u00f3n principal implica proporcionar a los clientes con valiosas recomendaciones de venta adicional y venta cruzada, vigorizando as\u00ed su comportamiento de compra. Al generar ventanas emergentes visualmente atractivas, este complemento muestra sin esfuerzo una gran cantidad de productos relevantes y complementarios que se alinean con los intereses de los clientes, lo que los atrae a explorar m\u00e1s. Adem\u00e1s, la provisi\u00f3n de descuentos atractivos para cada transacci\u00f3n sirve como un incentivo convincente para que los clientes participen en esfuerzos de compra m\u00e1s extensos. Adem\u00e1s, el complemento ofrece la invaluable ventaja de permitir que los propietarios de tiendas en l\u00ednea personalicen sin problemas la apariencia de las ventanas emergentes, asegurando una integraci\u00f3n perfecta con el tema general y el dise\u00f1o de sus sitios web. En \u00faltima instancia, este complemento ofrece un enfoque simplista pero altamente impactante para amplificar las cifras de ventas, al tiempo que ofrece un servicio al cliente sobresaliente.<\/p>\n<ul>\n<li>Aumente sus ventas de WooCommerce con ventanas emergentes efectivas de venta iva y venta cruzada<\/li>\n<li>Aumente sus ingresos por ventas sugiriendo productos complementarios a sus clientes<\/li>\n<li>Crear ventanas emergentes personalizables que resalten descuentos y ofertas especiales<\/li>\n<li>Motivar a sus clientes a comprar m\u00e1s presentando recomendaciones espec\u00edficas<\/li>\n<li>Configure f\u00e1cilmente las ventanas emergentes para mostrar en p\u00e1ginas espec\u00edficas o para categor\u00edas de productos espec\u00edficas<\/li>\n<li>Aumente la participaci\u00f3n y retenci\u00f3n de su cliente adaptando sus ventanas emergentes a su audiencia<\/li>\n<li>Disfrute de una interfaz f\u00e1cil de usar y un dise\u00f1o intuitivo, sin necesidad de codificaci\u00f3n<\/li>\n<li>Genere informes detallados sobre el rendimiento emergente para optimizar su estrategia de ventas<\/li>\n<li>Beneficiarse de una integraci\u00f3n perfecta con WooCommerce, ahorr\u00e1ndole tiempo y problemas<\/li>\n<li>\u00danase a las filas de clientes satisfechos que han aumentado con \u00e9xito sus ventas con este complemento.<\/li>\n<\/ul>\n","protected":false},"excerpt":{"rendered":"<p>WooCommerce Boost Sales, una herramienta de marketing excepcionalmente robusta, sirve como un medio eficaz para impulsar las ventas y amplificar los ingresos. Al emplear ventanas emergentes de ventas y ventas cruzadas, esta herramienta le permite ofrecer a los clientes con productos que complementan o elevan sus compras principales en el momento oportuno. Adem\u00e1s, la provisi\u00f3n de alternativas de descuento sirve como un potente incentivo para los clientes, alent\u00e1ndolos efectivamente a proceder con una transacci\u00f3n. Instalar este complemento es muy f\u00e1cil, y su integraci\u00f3n con su tienda WooCommerce es sin problemas. \u00a1Vuelva a despedirme de las perspectivas de ventas desperdiciadas y la rentabilidad m\u00e1s bienvenida por cortes\u00eda de WooCommerce Boost Sales!<\/p>\n","protected":false},"featured_media":168055,"comment_status":"open","ping_status":"open","template":"","meta":[],"product_brand":[2339],"product_cat":[1207,1225,1206],"product_tag":[1256],"class_list":{"0":"post-126534","1":"product","2":"type-product","3":"status-publish","4":"has-post-thumbnail","6":"product_brand-codecanyon","7":"product_cat-comercio-electronico-plugins","8":"product_cat-marketing","9":"product_cat-plugins","10":"product_tag-codecanyon","11":"member-discount","12":"discount-restricted","14":"first","15":"instock","16":"sale","17":"downloadable","18":"virtual","19":"sold-individually","20":"purchasable","21":"product-type-simple"},"_links":{"self":[{"href":"https:\/\/gpl-love.com\/es\/wp-json\/wp\/v2\/product\/126534","targetHints":{"allow":["GET"]}}],"collection":[{"href":"https:\/\/gpl-love.com\/es\/wp-json\/wp\/v2\/product"}],"about":[{"href":"https:\/\/gpl-love.com\/es\/wp-json\/wp\/v2\/types\/product"}],"replies":[{"embeddable":true,"href":"https:\/\/gpl-love.com\/es\/wp-json\/wp\/v2\/comments?post=126534"}],"wp:featuredmedia":[{"embeddable":true,"href":"https:\/\/gpl-love.com\/es\/wp-json\/wp\/v2\/media\/168055"}],"wp:attachment":[{"href":"https:\/\/gpl-love.com\/es\/wp-json\/wp\/v2\/media?parent=126534"}],"wp:term":[{"taxonomy":"product_brand","embeddable":true,"href":"https:\/\/gpl-love.com\/es\/wp-json\/wp\/v2\/product_brand?post=126534"},{"taxonomy":"product_cat","embeddable":true,"href":"https:\/\/gpl-love.com\/es\/wp-json\/wp\/v2\/product_cat?post=126534"},{"taxonomy":"product_tag","embeddable":true,"href":"https:\/\/gpl-love.com\/es\/wp-json\/wp\/v2\/product_tag?post=126534"}],"curies":[{"name":"wp","href":"https:\/\/api.w.org\/{rel}","templated":true}]}}