{"id":126533,"date":"2026-03-20T00:00:00","date_gmt":"2026-03-20T05:00:00","guid":{"rendered":"https:\/\/gpl-love.com\/es\/producto\/woocommerce-bookings\/"},"modified":"2026-04-10T11:31:28","modified_gmt":"2026-04-10T16:31:28","slug":"woocommerce-bookings","status":"publish","type":"product","link":"https:\/\/gpl-love.com\/es\/producto\/woocommerce-bookings\/","title":{"rendered":"WooCommerce Bookings 3.4.0"},"content":{"rendered":"<h3>WooCommerce Bookings Caracteristicas<\/h3>\n<p>WooCommerce Bookings, un sistema de reserva en l\u00ednea excepcionalmente robusto, atiende a las empresas de todas las escalas. Este complemento de vanguardia le otorga control sin esfuerzo sobre las citas, las reservas y las reservas, todo dentro de los l\u00edmites de su sitio web de WordPress. Con la ayuda de las reservas de WooCommerce, posee la capacidad de construir reservas basadas en el tiempo para una multitud de servicios, clases, eventos o alquileres, al tiempo que facilita los pagos en l\u00ednea. Los clientes, dotados de la libertad de seleccionar sus fechas y tiempos preferidos, le permiten regular convenientemente la disponibilidad, establecer estructuras de precios y fabricar formas de reserva hechas a medida. Adem\u00e1s, se proporciona un tablero administrativo incre\u00edblemente potente, proporcion\u00e1ndole una descripci\u00f3n general de sus reservas, facilitando la gesti\u00f3n de pagos y automatizando el env\u00edo de recordatorios a los clientes. Independientemente de si su empresa gira en torno a un spa, gimnasio, hotel o cualquier otro establecimiento que requiera funcionalidades sofisticadas de reserva y programaci\u00f3n, las reservas de WooCommerce surgen como un activo invaluable, racionalizando sus procedimientos operativos y la mayor satisfacci\u00f3n del cliente.<\/p>\n<ul>\n<li>Permite a los clientes reservar f\u00e1cilmente citas o reservas en su sitio web de WooCommerce<\/li>\n<li>Opciones de reserva flexibles que incluyen fecha, hora, duraci\u00f3n y recursos espec\u00edficos o miembros del personal<\/li>\n<li>Integraci\u00f3n con pasarelas de pago populares para pagos seguros en l\u00ednea<\/li>\n<li>Notificaciones y recordatorios autom\u00e1ticos por correo electr\u00f3nico tanto para clientes como para miembros del personal<\/li>\n<li>Opci\u00f3n de ofrecer descuentos o cupones para reservas<\/li>\n<li>Formularios de reserva personalizables para recopilar informaci\u00f3n importante de los clientes<\/li>\n<li>Actualizaciones de disponibilidad en tiempo real y f\u00e1cil gesti\u00f3n de reservas a trav\u00e9s del tablero de WooCommerce<\/li>\n<li>Capacidad para exportar datos de reserva para an\u00e1lisis e informes<\/li>\n<li>Compatible con una amplia gama de extensiones y temas de WooCommerce para una f\u00e1cil personalizaci\u00f3n<\/li>\n<\/ul>\n","protected":false},"excerpt":{"rendered":"<p>El complemento de reservas de WooCommerce, una herramienta notablemente robusta, faculta a los usuarios generar y supervisar las reservas para su diversa gama de productos y servicios. Al aprovechar este complemento, las empresas pueden acomodar efectivamente las reservas, citas y reservas en l\u00ednea, simplificando as\u00ed el proceso de programar el precioso tiempo de los clientes. Las caracter\u00edsticas notables abarcan la provisi\u00f3n de actualizaciones instant\u00e1neas sobre disponibilidad, precios personalizables y configuraciones de disponibilidad, as\u00ed como la capacidad de procesar los pagos sin problemas a trav\u00e9s de numerosas puertas de enlace. Sin lugar a dudas, las reservas de WooCommerce constituyen la resoluci\u00f3n por excelencia para las empresas que abarcan espacios de eventos, hoteles, servicios de consultor\u00eda y una variedad de otras industrias.<\/p>\n","protected":false},"featured_media":168054,"comment_status":"open","ping_status":"open","template":"","meta":[],"product_brand":[2344],"product_cat":[1208,1207,1206],"product_tag":[1423],"class_list":{"0":"post-126533","1":"product","2":"type-product","3":"status-publish","4":"has-post-thumbnail","6":"product_brand-woocommerce","7":"product_cat-administracion","8":"product_cat-comercio-electronico-plugins","9":"product_cat-plugins","10":"product_tag-woocommerce","11":"member-discount","12":"discount-restricted","14":"first","15":"instock","16":"sale","17":"downloadable","18":"virtual","19":"sold-individually","20":"purchasable","21":"product-type-simple"},"_links":{"self":[{"href":"https:\/\/gpl-love.com\/es\/wp-json\/wp\/v2\/product\/126533","targetHints":{"allow":["GET"]}}],"collection":[{"href":"https:\/\/gpl-love.com\/es\/wp-json\/wp\/v2\/product"}],"about":[{"href":"https:\/\/gpl-love.com\/es\/wp-json\/wp\/v2\/types\/product"}],"replies":[{"embeddable":true,"href":"https:\/\/gpl-love.com\/es\/wp-json\/wp\/v2\/comments?post=126533"}],"wp:featuredmedia":[{"embeddable":true,"href":"https:\/\/gpl-love.com\/es\/wp-json\/wp\/v2\/media\/168054"}],"wp:attachment":[{"href":"https:\/\/gpl-love.com\/es\/wp-json\/wp\/v2\/media?parent=126533"}],"wp:term":[{"taxonomy":"product_brand","embeddable":true,"href":"https:\/\/gpl-love.com\/es\/wp-json\/wp\/v2\/product_brand?post=126533"},{"taxonomy":"product_cat","embeddable":true,"href":"https:\/\/gpl-love.com\/es\/wp-json\/wp\/v2\/product_cat?post=126533"},{"taxonomy":"product_tag","embeddable":true,"href":"https:\/\/gpl-love.com\/es\/wp-json\/wp\/v2\/product_tag?post=126533"}],"curies":[{"name":"wp","href":"https:\/\/api.w.org\/{rel}","templated":true}]}}