{"id":126530,"date":"2025-10-14T00:00:00","date_gmt":"2025-10-14T05:00:00","guid":{"rendered":"https:\/\/gpl-love.com\/es\/producto\/woocommerce-aweber-newsletter-subscription\/"},"modified":"2026-03-09T08:20:16","modified_gmt":"2026-03-09T13:20:16","slug":"woocommerce-aweber-newsletter-subscription","status":"publish","type":"product","link":"https:\/\/gpl-love.com\/es\/producto\/woocommerce-aweber-newsletter-subscription\/","title":{"rendered":"WooCommerce Aweber Newsletter Subscription 4.0.5"},"content":{"rendered":"<h3>WooCommerce Aweber Newsletter Subscription Caracteristicas<\/h3>\n<p>El complemento de suscripci\u00f3n de WooCommerce Aweber Newsletter es una herramienta indispensable para las personas que operan tiendas en l\u00ednea y aspiran a establecer una s\u00f3lida campa\u00f1a de marketing por correo electr\u00f3nico. Este complemento excepcionalmente eficiente fusiona sin problemas WooCommerce con Aweber, una plataforma de marketing por correo electr\u00f3nico l\u00edder presente en el mercado. Al emplear este complemento, aquellos clientes que participan en una compra en su tienda en l\u00ednea pueden indicar sin esfuerzo su disposici\u00f3n a optar por la lista de suscripci\u00f3n de su bolet\u00edn. Adem\u00e1s, posee la flexibilidad para decidir si incorporar un formulario de suscripci\u00f3n de bolet\u00edn dentro de sus p\u00e1ginas de productos o p\u00e1gina de pago. Este notable complemento sirve como un mecanismo de automatizaci\u00f3n para sus esfuerzos de marketing por correo electr\u00f3nico y fomenta la expansi\u00f3n de su base de clientes, que finalmente culmin\u00f3 en generaci\u00f3n de ingresos amplificados para su empresa.<\/p>\n<ul>\n<li>Integra sin problemas WooCommerce y Aweber para crear una poderosa herramienta de suscripci\u00f3n de boletines.<\/li>\n<li><\/li>\n<li>Proporciona una forma simple y efectiva para que los clientes se suscriban a su bolet\u00edn y mantengan informados sobre sus \u00faltimos productos y promociones.<\/li>\n<li><\/li>\n<li>Le permite capturar direcciones de correo electr\u00f3nico del cliente directamente desde su tienda WooCommerce y agregarlas autom\u00e1ticamente a su lista de correo Aweber.<\/li>\n<li><\/li>\n<li>Le brinda la capacidad de rastrear sus suscriptores de bolet\u00edn y monitorear el \u00e9xito de sus estrategias de marketing.<\/li>\n<li><\/li>\n<li>Opciones de dise\u00f1o personalizables para el formulario de suscripci\u00f3n para que coincida con el aspecto de su sitio web.<\/li>\n<li><\/li>\n<li>Se pueden crear campa\u00f1as automatizadas de marketing por correo electr\u00f3nico en funci\u00f3n de las preferencias y comportamientos espec\u00edficos de sus suscriptores.<\/li>\n<li><\/li>\n<li>Las campa\u00f1as automatizadas pueden ser activadas por eventos como nuevos suscriptores, carros abandonados y m\u00e1s.<\/li>\n<li><\/li>\n<li>Proporciona an\u00e1lisis avanzados para ayudarlo a monitorear la participaci\u00f3n y rastrear su retorno de la inversi\u00f3n.<\/li>\n<li><\/li>\n<li>Ofrece una instalaci\u00f3n y configuraci\u00f3n r\u00e1pida y f\u00e1cil, sin necesidad de codificaci\u00f3n ni habilidades t\u00e9cnicas.<\/li>\n<li><\/li>\n<li>Una forma confiable y asequible de crear su lista de correo electr\u00f3nico, aumentar el alcance de su cliente y, en \u00faltima instancia, generar m\u00e1s ventas.<\/li>\n<\/ul>\n","protected":false},"excerpt":{"rendered":"<p>El complemento de suscripci\u00f3n de WooCommerce Aweber Newsletter, reconocido por su integraci\u00f3n perfecta, le otorga la oportunidad de incorporar sin esfuerzo suscripciones al bolet\u00edn en su tienda de WooCommerce. A trav\u00e9s de un proceso de configuraci\u00f3n directo y la incorporaci\u00f3n de Aweber, est\u00e1 facultado para construir su lista de marketing por correo electr\u00f3nico e interactuar activamente con su estimada clientela. Mantener sin esfuerzo a sus suscriptores bien informados con respecto a sus \u00faltimas promociones, productos de vanguardia y noticias notables se convierten en una brisa. En consecuencia, el complemento de suscripci\u00f3n de WooCommerce Aweber Newsletter surge como una herramienta invaluable para amplificar sus cifras de ventas y garantizar tasas \u00f3ptimas de retenci\u00f3n de clientes.<\/p>\n","protected":false},"featured_media":168052,"comment_status":"open","ping_status":"open","template":"","meta":[],"product_brand":[2344],"product_cat":[1207,1225,1206],"product_tag":[1423],"class_list":{"0":"post-126530","1":"product","2":"type-product","3":"status-publish","4":"has-post-thumbnail","6":"product_brand-woocommerce","7":"product_cat-comercio-electronico-plugins","8":"product_cat-marketing","9":"product_cat-plugins","10":"product_tag-woocommerce","11":"member-discount","12":"discount-restricted","14":"first","15":"instock","16":"sale","17":"downloadable","18":"virtual","19":"sold-individually","20":"purchasable","21":"product-type-simple"},"_links":{"self":[{"href":"https:\/\/gpl-love.com\/es\/wp-json\/wp\/v2\/product\/126530","targetHints":{"allow":["GET"]}}],"collection":[{"href":"https:\/\/gpl-love.com\/es\/wp-json\/wp\/v2\/product"}],"about":[{"href":"https:\/\/gpl-love.com\/es\/wp-json\/wp\/v2\/types\/product"}],"replies":[{"embeddable":true,"href":"https:\/\/gpl-love.com\/es\/wp-json\/wp\/v2\/comments?post=126530"}],"wp:featuredmedia":[{"embeddable":true,"href":"https:\/\/gpl-love.com\/es\/wp-json\/wp\/v2\/media\/168052"}],"wp:attachment":[{"href":"https:\/\/gpl-love.com\/es\/wp-json\/wp\/v2\/media?parent=126530"}],"wp:term":[{"taxonomy":"product_brand","embeddable":true,"href":"https:\/\/gpl-love.com\/es\/wp-json\/wp\/v2\/product_brand?post=126530"},{"taxonomy":"product_cat","embeddable":true,"href":"https:\/\/gpl-love.com\/es\/wp-json\/wp\/v2\/product_cat?post=126530"},{"taxonomy":"product_tag","embeddable":true,"href":"https:\/\/gpl-love.com\/es\/wp-json\/wp\/v2\/product_tag?post=126530"}],"curies":[{"name":"wp","href":"https:\/\/api.w.org\/{rel}","templated":true}]}}