{"id":126529,"date":"2026-01-12T00:00:00","date_gmt":"2026-01-12T05:00:00","guid":{"rendered":"https:\/\/gpl-love.com\/es\/producto\/woocommerce-availability-scheduler\/"},"modified":"2026-04-10T11:31:26","modified_gmt":"2026-04-10T16:31:26","slug":"woocommerce-availability-scheduler","status":"publish","type":"product","link":"https:\/\/gpl-love.com\/es\/producto\/woocommerce-availability-scheduler\/","title":{"rendered":"WooCommerce Availability Scheduler 12.6"},"content":{"rendered":"<h3>WooCommerce Availability Scheduler Caracteristicas<\/h3>\n<p>El programador de disponibilidad de WooCommerce es un complemento incre\u00edblemente robusto y altamente efectivo que ha sido meticulosamente dise\u00f1ado para ayudar a las empresas a administrar sin esfuerzo su disponibilidad de productos. Al utilizar este complemento excepcional, tiene la capacidad de manipular y gobernar sin esfuerzo la disponibilidad de sus diversos productos y servicios al configurar convenientemente fechas precisas y tiempos espec\u00edficos para los que estar\u00e1n disponibles para su compra. Esta capacidad de empoderamiento le permite administrar de manera inocente su inventario general con una facilidad y gracia incomparables, mientras que al mismo tiempo garantiza que sus clientes apreciados no solo tengan informaci\u00f3n precisa y confiable sobre la l\u00ednea de tiempo de entrega anticipada de sus preciados pedidos, sino que tambi\u00e9n pueden adquirir A Comprensi\u00f3n cristalina precisamente cuando pueden esperar recibir sus paquetes esperados. Adem\u00e1s, vale la pena se\u00f1alar que este complemento sobresaliente se acompa\u00f1a de una amplia gama de opciones de personalizaci\u00f3n que atienden h\u00e1bil y sin problemas a sus necesidades \u00fanicas e individualizadas, lo que le permite adaptar sin esfuerzo la totalidad del proceso de programaci\u00f3n para adaptarse y precisi\u00f3n. Independientemente de si usted es el propietario de una tienda en l\u00ednea que se especializa en ofrecer una mir\u00edada de productos o si es un proveedor de servicios notables a trav\u00e9s de su sitio web, es imperativo observar que el programador de disponibilidad de WooCommerce es una herramienta indispensable que es absolutamente indisurable Para cualquier negocio que est\u00e9 realmente comprometido con la causa de racionalizar de manera expedente sus innumerables operaciones y mejorar simult\u00e1neamente los niveles de satisfacci\u00f3n y satisfacci\u00f3n de su preciada y estimada base de clientes.<\/p>\n<ul>\n<li>Permite a los propietarios de tiendas programar la disponibilidad de productos para fechas y tiempos espec\u00edficos<\/li>\n<li>Configuraci\u00f3n personalizable para configurar horarios basados \u200b\u200ben d\u00edas, fechas y plazos<\/li>\n<li>Ajusta autom\u00e1ticamente la disponibilidad del producto en funci\u00f3n de los horarios preestablecidos<\/li>\n<li>Admite horarios recurrentes para una f\u00e1cil gesti\u00f3n de ventas o promociones programadas regularmente<\/li>\n<li>Proporciona una GUI f\u00e1cil de usar para una configuraci\u00f3n y edici\u00f3n de programaci\u00f3n r\u00e1pida y f\u00e1cil<\/li>\n<li>Compatible con WordPress y WooCommerce<\/li>\n<li>Ayuda a los propietarios de tiendas optimizar el inventario y las ventas controlando la disponibilidad de productos<\/li>\n<li>Proporciona una mayor flexibilidad y control sobre la programaci\u00f3n de productos que se puede lograr con la configuraci\u00f3n est\u00e1ndar de WooCommerce<\/li>\n<li>Ayuda a mejorar la satisfacci\u00f3n del cliente asegurando que los productos est\u00e9n disponibles cuando se prometen<\/li>\n<li>No requiere habilidades de codificaci\u00f3n o experiencia t\u00e9cnica para usar<\/li>\n<\/ul>\n","protected":false},"excerpt":{"rendered":"<p>El programador de disponibilidad de WooCommerce, un complemento extremadamente potente, le ofrece la mayor comodidad de regular la disponibilidad de sus productos dentro de su tienda en l\u00ednea. Al utilizar este complemento, se le otorga la capacidad de designar fechas y tiempos precisos durante los cuales sus productos son procesables para la compra, mientras que simult\u00e1neamente puede establecer per\u00edodos durante los cuales no son accesibles. Esta funcionalidad inherente asegura que su estimada clientela pueda adquirir exclusivamente productos en los momentos en que en realidad se pueden obtener, eludiendo efectivamente la situaci\u00f3n exasperante de encontrar backorders o cancelaciones. Adem\u00e1s, esta herramienta extraordinaria est\u00e1 dotada de una interfaz notablemente f\u00e1cil de usar y una gran cantidad de oportunidades para la sastraci\u00f3n, lo que hace que sea un activo indispensable para cualquier propietario de una tienda en l\u00ednea que desee optimizar eficazmente sus esfuerzos de gesti\u00f3n de inventario.<\/p>\n","protected":false},"featured_media":168051,"comment_status":"open","ping_status":"open","template":"","meta":[],"product_brand":[2339],"product_cat":[1207,1248,1206],"product_tag":[1256],"class_list":{"0":"post-126529","1":"product","2":"type-product","3":"status-publish","4":"has-post-thumbnail","6":"product_brand-codecanyon","7":"product_cat-comercio-electronico-plugins","8":"product_cat-personalizacion-comercio-electronico-plugins","9":"product_cat-plugins","10":"product_tag-codecanyon","11":"member-discount","12":"discount-restricted","14":"first","15":"instock","16":"sale","17":"downloadable","18":"virtual","19":"sold-individually","20":"purchasable","21":"product-type-simple"},"_links":{"self":[{"href":"https:\/\/gpl-love.com\/es\/wp-json\/wp\/v2\/product\/126529","targetHints":{"allow":["GET"]}}],"collection":[{"href":"https:\/\/gpl-love.com\/es\/wp-json\/wp\/v2\/product"}],"about":[{"href":"https:\/\/gpl-love.com\/es\/wp-json\/wp\/v2\/types\/product"}],"replies":[{"embeddable":true,"href":"https:\/\/gpl-love.com\/es\/wp-json\/wp\/v2\/comments?post=126529"}],"wp:featuredmedia":[{"embeddable":true,"href":"https:\/\/gpl-love.com\/es\/wp-json\/wp\/v2\/media\/168051"}],"wp:attachment":[{"href":"https:\/\/gpl-love.com\/es\/wp-json\/wp\/v2\/media?parent=126529"}],"wp:term":[{"taxonomy":"product_brand","embeddable":true,"href":"https:\/\/gpl-love.com\/es\/wp-json\/wp\/v2\/product_brand?post=126529"},{"taxonomy":"product_cat","embeddable":true,"href":"https:\/\/gpl-love.com\/es\/wp-json\/wp\/v2\/product_cat?post=126529"},{"taxonomy":"product_tag","embeddable":true,"href":"https:\/\/gpl-love.com\/es\/wp-json\/wp\/v2\/product_tag?post=126529"}],"curies":[{"name":"wp","href":"https:\/\/api.w.org\/{rel}","templated":true}]}}