{"id":126528,"date":"2025-10-29T00:00:00","date_gmt":"2025-10-29T05:00:00","guid":{"rendered":"https:\/\/gpl-love.com\/es\/producto\/woocommerce-authorizenet-reporting\/"},"modified":"2026-03-09T08:20:13","modified_gmt":"2026-03-09T13:20:13","slug":"woocommerce-authorizenet-reporting","status":"publish","type":"product","link":"https:\/\/gpl-love.com\/es\/producto\/woocommerce-authorizenet-reporting\/","title":{"rendered":"WooCommerce Authorize.Net Reporting 1.14.4"},"content":{"rendered":"<h3>WooCommerce Authorize.Net Reporting Caracteristicas<\/h3>\n<p>WooCommerce Authorize.net Reporting ofrece una soluci\u00f3n integral y robusta que se elabora espec\u00edficamente para facilitar la gesti\u00f3n perfecta de las transacciones Authorize.net para las empresas. Al aprovechar este ingenioso complemento, los usuarios pueden acceder sin esfuerzo a informes intrincados y detallados relacionados con sus transacciones Authorize.net, que abarcan una amplia gama de aspectos cruciales como ventas, reembolsos y devoluciones de cargo. Estos informes meticulosamente elaborados no solo aseguran la m\u00e1xima claridad y coherencia, sino que tambi\u00e9n proporcionan a las empresas ideas invaluables sobre su rendimiento general e flujos de ingresos. Con la ayuda de WooCommerce Authorize.net Reporting, las empresas pueden rastrear sin problemas sus ventas, monitorear de cerca sus reembolsos e identificar y abordar de manera efectiva los posibles problemas antes de que la bola de nieve en inquietos sustanciales. Por lo tanto, este complemento sin duda supone el papel de un activo indispensable para cualquier empresa que se esfuerce por aumentar su rendimiento de autorizaci\u00f3n.<\/p>\n<ul>\n<li>Se integra sin problemas con WooCommerce y autorize.net Pague Guerdway<\/li>\n<li>Proporciona informes de transacciones detallados para una f\u00e1cil contabilidad y conciliaci\u00f3n<\/li>\n<li>Permite un f\u00e1cil seguimiento de ventas, reembolsos, devoluciones de cargo y acuerdos<\/li>\n<li>Ofrece informes de gama de fechas personalizables para analizar y administrar transacciones durante per\u00edodos espec\u00edficos de tiempo<\/li>\n<li>Proporciona informaci\u00f3n y alertas en tiempo real para una mejor gesti\u00f3n del procesamiento de pagos<\/li>\n<li>Permite el cumplimiento de los est\u00e1ndares de seguridad de datos PCI-DSS para un procesamiento de pago seguro y seguro<\/li>\n<li>Ayuda a identificar y prevenir fraude con caracter\u00edsticas avanzadas de detecci\u00f3n de fraude<\/li>\n<li>Interfaz f\u00e1cil e intuitiva para f\u00e1cil navegaci\u00f3n y uso<\/li>\n<li>Proporciona un soporte integral para los clientes para garantizar una experiencia sin problemas.<\/li>\n<\/ul>\n","protected":false},"excerpt":{"rendered":"<p>El complemento de informes WooCommerce Authorize.net ofrece una gama integral de caracter\u00edsticas de informes y an\u00e1lisis dise\u00f1adas espec\u00edficamente para empresas que aprovechan la pasarela de pago Authorize.net. Con este complemento, los usuarios tienen la capacidad de acceder convenientemente y manipular los datos de transacciones a trav\u00e9s de varios filtros personalizables, generar informes personalizados para satisfacer sus necesidades espec\u00edficas y realizar ex\u00e1menes exhaustivos del historial de pagos. Al utilizar esta poderosa herramienta, las empresas pueden obtener informaci\u00f3n invaluable sobre la actividad de pago dentro de sus tiendas en l\u00ednea, lo que les permite mejorar y optimizar sus operaciones comerciales generales.<\/p>\n","protected":false},"featured_media":168050,"comment_status":"open","ping_status":"open","template":"","meta":[],"product_brand":[2344],"product_cat":[1207,1426,1206],"product_tag":[1423],"class_list":{"0":"post-126528","1":"product","2":"type-product","3":"status-publish","4":"has-post-thumbnail","6":"product_brand-woocommerce","7":"product_cat-comercio-electronico-plugins","8":"product_cat-pago-comercio-electronico-plugins","9":"product_cat-plugins","10":"product_tag-woocommerce","11":"member-discount","12":"discount-restricted","14":"first","15":"instock","16":"sale","17":"downloadable","18":"virtual","19":"sold-individually","20":"purchasable","21":"product-type-simple"},"_links":{"self":[{"href":"https:\/\/gpl-love.com\/es\/wp-json\/wp\/v2\/product\/126528","targetHints":{"allow":["GET"]}}],"collection":[{"href":"https:\/\/gpl-love.com\/es\/wp-json\/wp\/v2\/product"}],"about":[{"href":"https:\/\/gpl-love.com\/es\/wp-json\/wp\/v2\/types\/product"}],"replies":[{"embeddable":true,"href":"https:\/\/gpl-love.com\/es\/wp-json\/wp\/v2\/comments?post=126528"}],"wp:featuredmedia":[{"embeddable":true,"href":"https:\/\/gpl-love.com\/es\/wp-json\/wp\/v2\/media\/168050"}],"wp:attachment":[{"href":"https:\/\/gpl-love.com\/es\/wp-json\/wp\/v2\/media?parent=126528"}],"wp:term":[{"taxonomy":"product_brand","embeddable":true,"href":"https:\/\/gpl-love.com\/es\/wp-json\/wp\/v2\/product_brand?post=126528"},{"taxonomy":"product_cat","embeddable":true,"href":"https:\/\/gpl-love.com\/es\/wp-json\/wp\/v2\/product_cat?post=126528"},{"taxonomy":"product_tag","embeddable":true,"href":"https:\/\/gpl-love.com\/es\/wp-json\/wp\/v2\/product_tag?post=126528"}],"curies":[{"name":"wp","href":"https:\/\/api.w.org\/{rel}","templated":true}]}}